{"id":906,"date":"2022-04-11T11:40:48","date_gmt":"2022-04-11T11:40:48","guid":{"rendered":"https:\/\/tanetworks.ca\/contact\/"},"modified":"2022-05-05T14:24:11","modified_gmt":"2022-05-05T14:24:11","slug":"contact","status":"publish","type":"page","link":"https:\/\/tanetworks.ca\/fr\/contact","title":{"rendered":"Contact"},"content":{"rendered":"<section id=\"block-6255d42910268\" class=\"block header-secondary\" data-watch>\n\t<div class=\"container\">\n\t\t<div class=\"header-secondary-inner\"><h1>Communiquez avec<br \/>\nR\u00e9seaux\u00a0TA<span class=\"highlight\">.<\/span><\/h1>\n<\/div>\n\t<\/div>\n<\/section>\n\n<section id=\"block-6255d44810269\" class=\"block content-simple block__spacing-top-100 block__spacing-bottom-100\" data-watch>\n\t<div class=\"container\">\n\t\t<div class=\"content-simple-inner common-text\">\n\t\t\t<h2>C\u2019est l\u2019heure des pr\u00e9sentations!<\/h2>\n<p>Vous envisagez des TIC, une infrastructure infonuagique ou des services informatiques g\u00e9r\u00e9s pour votre entreprise? Vous avez un projet en t\u00eate? \u00c9crivez-nous! Un membre de notre \u00e9quipe communiquera avec vous d\u00e8s que possible.<\/p>\n<p><a class=\"button\" href=\"#contact-form\">Planifiez un appel<\/a><\/p>\n\n\t\t<\/div>\n\t<\/div>\n<\/section>\n\n<section id=\"block-6255d56b1026a\" class=\"block content-contact\" data-watch>\n\t<div class=\"container\">\n\t\t<div class=\"content-contact-inner\">\n\t\t\t\t\t\t\t<h2 class=\"title-wrapper\">R\u00e9seaux\u00a0TA Inc.<\/h2>\n\t\t\t\t\t\t<div class=\"content-contact-list\">\n\t\t\t\t\t\t\t\t\t<div class=\"content-contact-row\">\n\t\t\t\t\t\t<div class=\"image-wrapper\">\n\t\t\t\t\t\t\t<img decoding=\"async\" src=\"https:\/\/tanetworks.ca\/wp-content\/uploads\/2022\/04\/ic-contact-map.svg\" alt=\"\">\n\t\t\t\t\t\t<\/div>\n\t\t\t\t\t\t<div class=\"content-contact-content\">\n\t\t\t\t\t\t\t\t\t\t\t\t\t\t\t<div class=\"content-contact-item common-text\"><p><strong>Ontario<\/strong><\/p>\n<p>9-6750 Davand Drive<br \/>\nMississauga (Ontario) L5T\u00a02L8<\/p>\n<\/div>\n\t\t\t\t\t\t\t\t\t\t\t\t\t\t\t<div class=\"content-contact-item common-text\"><p><strong>Qu\u00e9bec\u00a0<\/strong><\/p>\n<p>246, rue Monseigneur-Lajoie,<br \/>\nBel\u0153il (Qu\u00e9bec) J3G\u00a03B1<\/p>\n<\/div>\n\t\t\t\t\t\t\t\t\t\t\t\t\t<\/div>\n\t\t\t\t\t<\/div>\n\t\t\t\t\t\t\t\t\t<div class=\"content-contact-row\">\n\t\t\t\t\t\t<div class=\"image-wrapper\">\n\t\t\t\t\t\t\t<img decoding=\"async\" src=\"https:\/\/tanetworks.ca\/wp-content\/uploads\/2022\/04\/ic-contact-email.svg\" alt=\"\">\n\t\t\t\t\t\t<\/div>\n\t\t\t\t\t\t<div class=\"content-contact-content\">\n\t\t\t\t\t\t\t\t\t\t\t\t\t\t\t<div class=\"content-contact-item common-text\"><p><strong>Centre de vente<\/strong><\/p>\n<p>Sans frais : <a href=\"tel:1-877-362-6826\">1-877-362-6826<\/a><br \/>\nT\u00e9l\u00e9phone\u00a0: <a href=\"tel:(905) 629-4200\">(905) 629-4200<\/a> , option 2 pour les ventes<br \/>\nCourriel : <a href=\"mailto:sales@tanetworks.ca\">sales@tanetworks.ca <\/a><\/p>\n<\/div>\n\t\t\t\t\t\t\t\t\t\t\t\t\t\t\t<div class=\"content-contact-item common-text\"><p><strong>Centre de service<\/strong><\/p>\n<p>Sans frais : <a href=\"tel:1-866-226-2749\">1-866-226-2749<\/a><br \/>\nT\u00e9l\u00e9phone\u00a0: <a href=\"tel:(905) 629-7676\">(905) 629-7676<\/a><br \/>\nCourriel : <a href=\"mailto:service@tanetworks.ca\">service@tanetworks.ca <\/a><\/p>\n<\/div>\n\t\t\t\t\t\t\t\t\t\t\t\t\t<\/div>\n\t\t\t\t\t<\/div>\n\t\t\t\t\t\t\t\t\t<div class=\"content-contact-row\">\n\t\t\t\t\t\t<div class=\"image-wrapper\">\n\t\t\t\t\t\t\t<img decoding=\"async\" src=\"https:\/\/tanetworks.ca\/wp-content\/uploads\/2022\/04\/ic-contact-office-hours.svg\" alt=\"\">\n\t\t\t\t\t\t<\/div>\n\t\t\t\t\t\t<div class=\"content-contact-content\">\n\t\t\t\t\t\t\t\t\t\t\t\t\t\t\t<div class=\"content-contact-item common-text\"><p><strong>Heures d\u2019ouverture des bureaux<\/strong><\/p>\n<p>Lundi au vendredi\u00a0: 8\u00a0h\u00a030 \u00e0 17\u00a0h\u00a030<\/p>\n<p>Samedi et dimanche\u00a0: ferm\u00e9<\/p>\n<\/div>\n\t\t\t\t\t\t\t\t\t\t\t\t\t<\/div>\n\t\t\t\t\t<\/div>\n\t\t\t\t\t\t\t<\/div>\n\t\t<\/div>\n\t<\/div>\n<\/section>\n\n<section id=\"block-627038389997d\" class=\"block content-form\" data-watch>\n\t\t\t<div class=\"anchor\" id=\"contact-form\"><\/div>\n\t\t<div class=\"container\">\n\t\t<div class=\"content-form-inner\">\n\t\t\t\t\t\t\t<div class=\"content-wrapper\"><h2 style=\"text-align: center;\">Planifiez un appel<\/h2>\n<p style=\"text-align: center;\">Pr\u00e9f\u00e9rez-vous \u00eatre contact\u00e9 \u00e0 un autre moment? Remplissez ce formulaire et nous prendrons rendez-vous!<\/p>\n<\/div>\n\t\t\t\t\t\t\t\t\t\t<div class=\"form-wrapper\">\n<div class=\"wpcf7 no-js\" id=\"wpcf7-f981-o1\" lang=\"fr-FR\" dir=\"ltr\" data-wpcf7-id=\"981\">\n<div class=\"screen-reader-response\"><p role=\"status\" aria-live=\"polite\" aria-atomic=\"true\"><\/p> <ul><\/ul><\/div>\n<form action=\"\/fr\/wp-json\/wp\/v2\/pages\/906#wpcf7-f981-o1\" method=\"post\" class=\"wpcf7-form init\" aria-label=\"Contact form\" novalidate=\"novalidate\" data-status=\"init\">\n<fieldset class=\"hidden-fields-container\"><input type=\"hidden\" name=\"_wpcf7\" value=\"981\" \/><input type=\"hidden\" name=\"_wpcf7_version\" value=\"6.1.1\" \/><input type=\"hidden\" name=\"_wpcf7_locale\" value=\"fr_FR\" \/><input type=\"hidden\" name=\"_wpcf7_unit_tag\" value=\"wpcf7-f981-o1\" \/><input type=\"hidden\" name=\"_wpcf7_container_post\" value=\"0\" \/><input type=\"hidden\" name=\"_wpcf7_posted_data_hash\" value=\"\" \/>\n<\/fieldset>\n<div class=\"form\">\n\t<div class=\"form-row\">\n\t\t<div class=\"form-field\">\n\t\t\t<label for=\"firstname\">Pr\u00e9nom <span class=\"required\">*<\/span><\/label>\n\t\t\t<span class=\"wpcf7-form-control-wrap\" data-name=\"first-name\"><input size=\"40\" maxlength=\"400\" class=\"wpcf7-form-control wpcf7-text wpcf7-validates-as-required\" id=\"firstname\" aria-required=\"true\" aria-invalid=\"false\" placeholder=\"Pr\u00e9nom\" value=\"\" type=\"text\" name=\"first-name\" \/><\/span>\n\t\t<\/div>\n\t\t<div class=\"form-field\">\n\t\t\t<label for=\"lastname\">Nom <span class=\"required\">*<\/span><\/label>\n\t\t\t<span class=\"wpcf7-form-control-wrap\" data-name=\"last-name\"><input size=\"40\" maxlength=\"400\" class=\"wpcf7-form-control wpcf7-text wpcf7-validates-as-required\" id=\"lastname\" aria-required=\"true\" aria-invalid=\"false\" placeholder=\"Nom\" value=\"\" type=\"text\" name=\"last-name\" \/><\/span>\n\t\t<\/div>\n\t<\/div>\n\t<div class=\"form-row\">\n\t\t<div class=\"form-field\">\n\t\t\t<label for=\"jobfunction\">Fonction professionnelle <span class=\"required\">*<\/span><\/label>\n\t\t\t<span class=\"wpcf7-form-control-wrap\" data-name=\"job-function\"><input size=\"40\" maxlength=\"400\" class=\"wpcf7-form-control wpcf7-text wpcf7-validates-as-required\" id=\"jobfunction\" aria-required=\"true\" aria-invalid=\"false\" placeholder=\"Fonction professionnelle\" value=\"\" type=\"text\" name=\"job-function\" \/><\/span>\n\t\t<\/div>\n\t\t<div class=\"form-field\">\n\t\t\t<label for=\"company\">Entreprise <span class=\"required\">*<\/span><\/label>\n\t\t\t<span class=\"wpcf7-form-control-wrap\" data-name=\"company\"><input size=\"40\" maxlength=\"400\" class=\"wpcf7-form-control wpcf7-text wpcf7-validates-as-required\" id=\"company\" aria-required=\"true\" aria-invalid=\"false\" placeholder=\"Entreprise\" value=\"\" type=\"text\" name=\"company\" \/><\/span>\n\t\t<\/div>\n\t<\/div>\n\t<div class=\"form-row\">\n\t\t<div class=\"form-field\">\n\t\t\t<label for=\"email\">Courriel <span class=\"required\">*<\/span><\/label>\n\t\t\t<span class=\"wpcf7-form-control-wrap\" data-name=\"email\"><input size=\"40\" maxlength=\"400\" class=\"wpcf7-form-control wpcf7-email wpcf7-validates-as-required wpcf7-text wpcf7-validates-as-email\" id=\"email\" aria-required=\"true\" aria-invalid=\"false\" placeholder=\"votre@courriel.com\" value=\"\" type=\"email\" name=\"email\" \/><\/span>\n\t\t<\/div>\n\t\t<div class=\"form-field\">\n\t\t\t<label for=\"telephone\">T\u00e9l\u00e9phone <span class=\"required\">*<\/span><\/label>\n\t\t\t<span class=\"wpcf7-form-control-wrap\" data-name=\"telephone\"><input size=\"40\" maxlength=\"400\" class=\"wpcf7-form-control wpcf7-tel wpcf7-validates-as-required wpcf7-text wpcf7-validates-as-tel\" id=\"telephone\" aria-required=\"true\" aria-invalid=\"false\" placeholder=\"000 000-0000\" value=\"\" type=\"tel\" name=\"telephone\" \/><\/span>\n\t\t<\/div>\n\t<\/div>\n\t<div class=\"form-row\">\n\t\t<div class=\"form-field\">\n\t\t\t<label for=\"reason\">Pourquoi communiquez-vous avec R\u00e9seaux\u00a0TA? <span class=\"required\">*<\/span><\/label>\n\t\t\t<span class=\"wpcf7-form-control-wrap\" data-name=\"reason\"><select class=\"wpcf7-form-control wpcf7-select wpcf7-validates-as-required\" id=\"reason\" aria-required=\"true\" aria-invalid=\"false\" name=\"reason\"><option value=\"\">Choisir une option &#8230;<\/option><option value=\"services de TIC\">services de TIC<\/option><option value=\"services infonuagiques\">services infonuagiques<\/option><option value=\"services informatiques g\u00e9r\u00e9s\">services informatiques g\u00e9r\u00e9s<\/option><option value=\"autres\">autres<\/option><\/select><\/span>\n\t\t<\/div>\n\t<\/div>\n        <div class=\"form-row\">\n\t\t<div class=\"form-field\">\n\t\t\t<label for=\"message\">Votre message<\/label>\n\t\t\t<span class=\"wpcf7-form-control-wrap\" data-name=\"message\"><textarea cols=\"40\" rows=\"10\" maxlength=\"2000\" class=\"wpcf7-form-control wpcf7-textarea\" id=\"message\" aria-invalid=\"false\" name=\"message\"><\/textarea><\/span>\n\t\t<\/div>\n\t<\/div>\n\t<div class=\"form-row\">\n\t\t<div class=\"form-field\">\n\t\t\t<label for=\"time\">Quel est le meilleur moment pour vous joindre? <span class=\"required\">*<\/span><\/label>\n\t\t\t<span class=\"wpcf7-form-control-wrap\" data-name=\"time\"><span class=\"wpcf7-form-control wpcf7-radio\" id=\"time\"><span class=\"wpcf7-list-item first\"><input type=\"radio\" name=\"time\" value=\"matin\" \/><span class=\"wpcf7-list-item-label\">matin<\/span><\/span><span class=\"wpcf7-list-item\"><input type=\"radio\" name=\"time\" value=\"apr\u00e8s-midi\" \/><span class=\"wpcf7-list-item-label\">apr\u00e8s-midi<\/span><\/span><span class=\"wpcf7-list-item last\"><input type=\"radio\" name=\"time\" value=\"\u00e0 tout moment\" \/><span class=\"wpcf7-list-item-label\">\u00e0 tout moment<\/span><\/span><\/span><\/span>\n\t\t<\/div>\n\t<\/div>\n\t<div class=\"form-row\">\n\t\t<div class=\"form-field\">\n\t\t\t<label for=\"communication\">Quand voulez-vous recevoir un appel? <span class=\"required\">*<\/span><\/label>\n\t\t\t<span class=\"wpcf7-form-control-wrap\" data-name=\"communication\"><span class=\"wpcf7-form-control wpcf7-radio\"><span class=\"wpcf7-list-item first\"><input type=\"radio\" name=\"communication\" value=\"dans les 24 heures\" \/><span class=\"wpcf7-list-item-label\">dans les 24 heures<\/span><\/span><span class=\"wpcf7-list-item\"><input type=\"radio\" name=\"communication\" value=\"cette semaine\" \/><span class=\"wpcf7-list-item-label\">cette semaine<\/span><\/span><span class=\"wpcf7-list-item\"><input type=\"radio\" name=\"communication\" value=\"la semaine prochaine\" \/><span class=\"wpcf7-list-item-label\">la semaine prochaine<\/span><\/span><span class=\"wpcf7-list-item last\"><input type=\"radio\" name=\"communication\" value=\"\u00e0 tout moment\" \/><span class=\"wpcf7-list-item-label\">\u00e0 tout moment<\/span><\/span><\/span><\/span>\n\n\t\t<\/div>\n\t<\/div>\n\t\n\t<div class=\"form-action\">\n<span id=\"wpcf7-69f3a1cda8eaf-wrapper\" class=\"wpcf7-form-control-wrap website-wrap\" style=\"display:none !important; visibility:hidden !important;\"><label for=\"wpcf7-69f3a1cda8eaf-field\" class=\"hp-message\">Please leave this field empty.<\/label><input id=\"wpcf7-69f3a1cda8eaf-field\"  class=\"wpcf7-form-control wpcf7-text\" type=\"text\" name=\"website\" value=\"\" size=\"40\" tabindex=\"-1\" autocomplete=\"new-password\" \/><\/span>\n<span class=\"wpcf7-form-control-wrap\" data-name=\"quiz-math-1\"><label><span class=\"wpcf7-quiz-label\">2+8=?<\/span> <input size=\"40\" class=\"wpcf7-form-control wpcf7-quiz\" autocomplete=\"off\" aria-required=\"true\" aria-invalid=\"false\" type=\"text\" name=\"quiz-math-1\" \/><\/label><input type=\"hidden\" name=\"_wpcf7_quiz_answer_quiz-math-1\" value=\"1e1cb2bb02158fd1f279b476d8e1b8c2\" \/><\/span>\n\t\t<input class=\"wpcf7-form-control wpcf7-submit has-spinner button\" type=\"submit\" value=\"Envoyer\" \/>\n\t<\/div>\n<\/div><input type=\"text\" name=\"ufI6t\" value=\"\" style=\"display: none !important;\" \/><div class=\"wpcf7-response-output\" aria-hidden=\"true\"><\/div>\n<\/form>\n<\/div>\n<\/div>\n\t\t\t\t\t<\/div>\n\t<\/div>\n<\/section>","protected":false},"excerpt":{"rendered":"","protected":false},"author":5,"featured_media":0,"parent":0,"menu_order":4,"comment_status":"closed","ping_status":"closed","template":"","meta":{"_acf_changed":false,"_crdt_document":"","inline_featured_image":false,"footnotes":""},"class_list":["post-906","page","type-page","status-publish","hentry"],"acf":[],"yoast_head":"<!-- This site is optimized with the Yoast SEO plugin v27.5 - https:\/\/yoast.com\/product\/yoast-seo-wordpress\/ -->\n<title>Contact \u2502 R\u00e9seaux\u00a0TA<\/title>\n<meta name=\"description\" content=\"Pour en savoir plus sur les TIC, les services g\u00e9r\u00e9s et l\u2019expertise en infrastructure infonuagique de R\u00e9seaux\u00a0TA, communiquez avec nous. Consultation gratuite.\" \/>\n<meta name=\"robots\" content=\"index, follow, max-snippet:-1, max-image-preview:large, max-video-preview:-1\" \/>\n<link rel=\"canonical\" href=\"https:\/\/tanetworks.ca\/contact\" \/>\n<meta property=\"og:locale\" content=\"fr_FR\" \/>\n<meta property=\"og:type\" content=\"article\" \/>\n<meta property=\"og:title\" content=\"Contact \u2502 R\u00e9seaux\u00a0TA\" \/>\n<meta property=\"og:description\" content=\"Pour en savoir plus sur les TIC, les services g\u00e9r\u00e9s et l\u2019expertise en infrastructure infonuagique de R\u00e9seaux\u00a0TA, communiquez avec nous. Consultation gratuite.\" \/>\n<meta property=\"og:url\" content=\"https:\/\/tanetworks.ca\/contact\" \/>\n<meta property=\"og:site_name\" content=\"TA Networks\" \/>\n<meta property=\"article:modified_time\" content=\"2022-05-05T14:24:11+00:00\" \/>\n<meta name=\"twitter:card\" content=\"summary_large_image\" \/>\n<script type=\"application\/ld+json\" class=\"yoast-schema-graph\">{\"@context\":\"https:\\\/\\\/schema.org\",\"@graph\":[{\"@type\":\"WebPage\",\"@id\":\"https:\\\/\\\/tanetworks.ca\\\/contact\",\"url\":\"https:\\\/\\\/tanetworks.ca\\\/contact\",\"name\":\"Contact \u2502 R\u00e9seaux\u00a0TA\",\"isPartOf\":{\"@id\":\"https:\\\/\\\/tanetworks.ca\\\/#website\"},\"datePublished\":\"2022-04-11T11:40:48+00:00\",\"dateModified\":\"2022-05-05T14:24:11+00:00\",\"description\":\"Pour en savoir plus sur les TIC, les services g\u00e9r\u00e9s et l\u2019expertise en infrastructure infonuagique de R\u00e9seaux\u00a0TA, communiquez avec nous. Consultation gratuite.\",\"breadcrumb\":{\"@id\":\"https:\\\/\\\/tanetworks.ca\\\/contact#breadcrumb\"},\"inLanguage\":\"fr-FR\",\"potentialAction\":[{\"@type\":\"ReadAction\",\"target\":[\"https:\\\/\\\/tanetworks.ca\\\/contact\"]}]},{\"@type\":\"BreadcrumbList\",\"@id\":\"https:\\\/\\\/tanetworks.ca\\\/contact#breadcrumb\",\"itemListElement\":[{\"@type\":\"ListItem\",\"position\":1,\"name\":\"Home\",\"item\":\"https:\\\/\\\/tanetworks.ca\\\/fr\"},{\"@type\":\"ListItem\",\"position\":2,\"name\":\"Contact\"}]},{\"@type\":\"WebSite\",\"@id\":\"https:\\\/\\\/tanetworks.ca\\\/#website\",\"url\":\"https:\\\/\\\/tanetworks.ca\\\/\",\"name\":\"tanetworks.ca\",\"description\":\"Un site utilisant WordPress\",\"publisher\":{\"@id\":\"https:\\\/\\\/tanetworks.ca\\\/#organization\"},\"potentialAction\":[{\"@type\":\"SearchAction\",\"target\":{\"@type\":\"EntryPoint\",\"urlTemplate\":\"https:\\\/\\\/tanetworks.ca\\\/?s={search_term_string}\"},\"query-input\":{\"@type\":\"PropertyValueSpecification\",\"valueRequired\":true,\"valueName\":\"search_term_string\"}}],\"inLanguage\":\"fr-FR\"},{\"@type\":\"Organization\",\"@id\":\"https:\\\/\\\/tanetworks.ca\\\/#organization\",\"name\":\"TA Networks\",\"url\":\"https:\\\/\\\/tanetworks.ca\\\/\",\"logo\":{\"@type\":\"ImageObject\",\"inLanguage\":\"fr-FR\",\"@id\":\"https:\\\/\\\/tanetworks.ca\\\/#\\\/schema\\\/logo\\\/image\\\/\",\"url\":\"https:\\\/\\\/tanetworks.ca\\\/wp-content\\\/uploads\\\/2023\\\/07\\\/Picture1.png\",\"contentUrl\":\"https:\\\/\\\/tanetworks.ca\\\/wp-content\\\/uploads\\\/2023\\\/07\\\/Picture1.png\",\"width\":143,\"height\":142,\"caption\":\"TA Networks\"},\"image\":{\"@id\":\"https:\\\/\\\/tanetworks.ca\\\/#\\\/schema\\\/logo\\\/image\\\/\"}}]}<\/script>\n<!-- \/ Yoast SEO plugin. -->","yoast_head_json":{"title":"Contact \u2502 R\u00e9seaux\u00a0TA","description":"Pour en savoir plus sur les TIC, les services g\u00e9r\u00e9s et l\u2019expertise en infrastructure infonuagique de R\u00e9seaux\u00a0TA, communiquez avec nous. Consultation gratuite.","robots":{"index":"index","follow":"follow","max-snippet":"max-snippet:-1","max-image-preview":"max-image-preview:large","max-video-preview":"max-video-preview:-1"},"canonical":"https:\/\/tanetworks.ca\/contact","og_locale":"fr_FR","og_type":"article","og_title":"Contact \u2502 R\u00e9seaux\u00a0TA","og_description":"Pour en savoir plus sur les TIC, les services g\u00e9r\u00e9s et l\u2019expertise en infrastructure infonuagique de R\u00e9seaux\u00a0TA, communiquez avec nous. Consultation gratuite.","og_url":"https:\/\/tanetworks.ca\/contact","og_site_name":"TA Networks","article_modified_time":"2022-05-05T14:24:11+00:00","twitter_card":"summary_large_image","schema":{"@context":"https:\/\/schema.org","@graph":[{"@type":"WebPage","@id":"https:\/\/tanetworks.ca\/contact","url":"https:\/\/tanetworks.ca\/contact","name":"Contact \u2502 R\u00e9seaux\u00a0TA","isPartOf":{"@id":"https:\/\/tanetworks.ca\/#website"},"datePublished":"2022-04-11T11:40:48+00:00","dateModified":"2022-05-05T14:24:11+00:00","description":"Pour en savoir plus sur les TIC, les services g\u00e9r\u00e9s et l\u2019expertise en infrastructure infonuagique de R\u00e9seaux\u00a0TA, communiquez avec nous. Consultation gratuite.","breadcrumb":{"@id":"https:\/\/tanetworks.ca\/contact#breadcrumb"},"inLanguage":"fr-FR","potentialAction":[{"@type":"ReadAction","target":["https:\/\/tanetworks.ca\/contact"]}]},{"@type":"BreadcrumbList","@id":"https:\/\/tanetworks.ca\/contact#breadcrumb","itemListElement":[{"@type":"ListItem","position":1,"name":"Home","item":"https:\/\/tanetworks.ca\/fr"},{"@type":"ListItem","position":2,"name":"Contact"}]},{"@type":"WebSite","@id":"https:\/\/tanetworks.ca\/#website","url":"https:\/\/tanetworks.ca\/","name":"tanetworks.ca","description":"Un site utilisant WordPress","publisher":{"@id":"https:\/\/tanetworks.ca\/#organization"},"potentialAction":[{"@type":"SearchAction","target":{"@type":"EntryPoint","urlTemplate":"https:\/\/tanetworks.ca\/?s={search_term_string}"},"query-input":{"@type":"PropertyValueSpecification","valueRequired":true,"valueName":"search_term_string"}}],"inLanguage":"fr-FR"},{"@type":"Organization","@id":"https:\/\/tanetworks.ca\/#organization","name":"TA Networks","url":"https:\/\/tanetworks.ca\/","logo":{"@type":"ImageObject","inLanguage":"fr-FR","@id":"https:\/\/tanetworks.ca\/#\/schema\/logo\/image\/","url":"https:\/\/tanetworks.ca\/wp-content\/uploads\/2023\/07\/Picture1.png","contentUrl":"https:\/\/tanetworks.ca\/wp-content\/uploads\/2023\/07\/Picture1.png","width":143,"height":142,"caption":"TA Networks"},"image":{"@id":"https:\/\/tanetworks.ca\/#\/schema\/logo\/image\/"}}]}},"_links":{"self":[{"href":"https:\/\/tanetworks.ca\/fr\/wp-json\/wp\/v2\/pages\/906","targetHints":{"allow":["GET"]}}],"collection":[{"href":"https:\/\/tanetworks.ca\/fr\/wp-json\/wp\/v2\/pages"}],"about":[{"href":"https:\/\/tanetworks.ca\/fr\/wp-json\/wp\/v2\/types\/page"}],"author":[{"embeddable":true,"href":"https:\/\/tanetworks.ca\/fr\/wp-json\/wp\/v2\/users\/5"}],"replies":[{"embeddable":true,"href":"https:\/\/tanetworks.ca\/fr\/wp-json\/wp\/v2\/comments?post=906"}],"version-history":[{"count":9,"href":"https:\/\/tanetworks.ca\/fr\/wp-json\/wp\/v2\/pages\/906\/revisions"}],"predecessor-version":[{"id":1053,"href":"https:\/\/tanetworks.ca\/fr\/wp-json\/wp\/v2\/pages\/906\/revisions\/1053"}],"wp:attachment":[{"href":"https:\/\/tanetworks.ca\/fr\/wp-json\/wp\/v2\/media?parent=906"}],"curies":[{"name":"wp","href":"https:\/\/api.w.org\/{rel}","templated":true}]}}