{"id":902,"date":"2022-04-11T11:40:35","date_gmt":"2022-04-11T11:40:35","guid":{"rendered":"https:\/\/tanetworks.ca\/contact-tech-support\/"},"modified":"2022-05-05T14:23:28","modified_gmt":"2022-05-05T14:23:28","slug":"contacter-support-technique","status":"publish","type":"page","link":"https:\/\/tanetworks.ca\/fr\/contacter-support-technique","title":{"rendered":"Demande de soutien"},"content":{"rendered":"<section id=\"block-6255d37d16e5a\" class=\"block header-secondary\" data-watch>\n\t<div class=\"container\">\n\t\t<div class=\"header-secondary-inner\"><h1>Communiquez avec<br \/>\nle soutien technique<span class=\"highlight\">.<\/span><\/h1>\n<\/div>\n\t<\/div>\n<\/section>\n\n<section id=\"block-62703808999c7\" class=\"block content-form\" data-watch>\n\t\t<div class=\"container\">\n\t\t<div class=\"content-form-inner\">\n\t\t\t\t\t\t\t<div class=\"content-wrapper\"><h2 style=\"text-align: center;\">Un simple clic ou un simple appel<br \/>\nvous s\u00e9pare du soutien technique<br \/>\ndont vous avez besoin<\/h2>\n<p style=\"text-align: center;\">Les clients actuels de R\u00e9seaux\u00a0TA b\u00e9n\u00e9ficient d\u2019un soutien technique complet. Remplissez le formulaire suivant, et nous communiquerons avec vous d\u00e8s que possible!<\/p>\n<\/div>\n\t\t\t\t\t\t\t\t\t\t<div class=\"form-wrapper\">\n<div class=\"wpcf7 no-js\" id=\"wpcf7-f984-o1\" lang=\"fr-FR\" dir=\"ltr\" data-wpcf7-id=\"984\">\n<div class=\"screen-reader-response\"><p role=\"status\" aria-live=\"polite\" aria-atomic=\"true\"><\/p> <ul><\/ul><\/div>\n<form action=\"\/fr\/wp-json\/wp\/v2\/pages\/902#wpcf7-f984-o1\" method=\"post\" class=\"wpcf7-form init\" aria-label=\"Contact form\" novalidate=\"novalidate\" data-status=\"init\">\n<fieldset class=\"hidden-fields-container\"><input type=\"hidden\" name=\"_wpcf7\" value=\"984\" \/><input type=\"hidden\" name=\"_wpcf7_version\" value=\"6.1.1\" \/><input type=\"hidden\" name=\"_wpcf7_locale\" value=\"fr_FR\" \/><input type=\"hidden\" name=\"_wpcf7_unit_tag\" value=\"wpcf7-f984-o1\" \/><input type=\"hidden\" name=\"_wpcf7_container_post\" value=\"0\" \/><input type=\"hidden\" name=\"_wpcf7_posted_data_hash\" value=\"\" \/>\n<\/fieldset>\n<div class=\"form\">\n\t<div class=\"form-row\">\n\t\t<div class=\"form-field\">\n\t\t\t<label for=\"firstname\">Pr\u00e9nom <span class=\"required\">*<\/span><\/label>\n\t\t\t<span class=\"wpcf7-form-control-wrap\" data-name=\"first-name\"><input size=\"40\" maxlength=\"400\" class=\"wpcf7-form-control wpcf7-text wpcf7-validates-as-required\" id=\"firstname\" aria-required=\"true\" aria-invalid=\"false\" placeholder=\"Pr\u00e9nom\" value=\"\" type=\"text\" name=\"first-name\" \/><\/span>\n\t\t<\/div>\n\t\t<div class=\"form-field\">\n\t\t\t<label for=\"lastname\">Nom <span class=\"required\">*<\/span><\/label>\n\t\t\t<span class=\"wpcf7-form-control-wrap\" data-name=\"last-name\"><input size=\"40\" maxlength=\"400\" class=\"wpcf7-form-control wpcf7-text wpcf7-validates-as-required\" id=\"lastname\" aria-required=\"true\" aria-invalid=\"false\" placeholder=\"Nom\" value=\"\" type=\"text\" name=\"last-name\" \/><\/span>\n\t\t<\/div>\n\t<\/div>\n\t<div class=\"form-row\">\n\t\t<div class=\"form-field\">\n\t\t\t<label for=\"jobfunction\">Fonction professionnelle <span class=\"required\">*<\/span><\/label>\n\t\t\t<span class=\"wpcf7-form-control-wrap\" data-name=\"job-function\"><input size=\"40\" maxlength=\"400\" class=\"wpcf7-form-control wpcf7-text wpcf7-validates-as-required\" id=\"jobfunction\" aria-required=\"true\" aria-invalid=\"false\" placeholder=\"Fonction professionnelle\" value=\"\" type=\"text\" name=\"job-function\" \/><\/span>\n\t\t<\/div>\n\t\t<div class=\"form-field\">\n\t\t\t<label for=\"lastname\">Entreprise <span class=\"required\">*<\/span><\/label>\n\t\t\t<span class=\"wpcf7-form-control-wrap\" data-name=\"company\"><input size=\"40\" maxlength=\"400\" class=\"wpcf7-form-control wpcf7-text wpcf7-validates-as-required\" id=\"company\" aria-required=\"true\" aria-invalid=\"false\" placeholder=\"Entreprise\" value=\"\" type=\"text\" name=\"company\" \/><\/span>\n\t\t<\/div>\n\t<\/div>\n\t<div class=\"form-row\">\n\t\t<div class=\"form-field\">\n\t\t\t<label for=\"email\">Courriel <span class=\"required\">*<\/span><\/label>\n\t\t\t<span class=\"wpcf7-form-control-wrap\" data-name=\"email\"><input size=\"40\" maxlength=\"400\" class=\"wpcf7-form-control wpcf7-email wpcf7-validates-as-required wpcf7-text wpcf7-validates-as-email\" id=\"email\" aria-required=\"true\" aria-invalid=\"false\" placeholder=\"votre@courriel.com\" value=\"\" type=\"email\" name=\"email\" \/><\/span>\n\t\t<\/div>\n\t\t<div class=\"form-field\">\n\t\t\t<label for=\"telephone\">T\u00e9l\u00e9phone <span class=\"required\">*<\/span><\/label>\n\t\t\t<span class=\"wpcf7-form-control-wrap\" data-name=\"telephone\"><input size=\"40\" maxlength=\"400\" class=\"wpcf7-form-control wpcf7-tel wpcf7-validates-as-required wpcf7-text wpcf7-validates-as-tel\" id=\"telephone\" aria-required=\"true\" aria-invalid=\"false\" placeholder=\"000 000-0000\" value=\"\" type=\"tel\" name=\"telephone\" \/><\/span>\n\t\t<\/div>\n\t<\/div>\n\t<div class=\"form-row\">\n\t\t<div class=\"form-field\">\n\t\t\t<label for=\"reason\">Pourquoi communiquez-vous avec le soutien technique? <span class=\"required\">*<\/span><\/label>\n\t\t\t<span class=\"wpcf7-form-control-wrap\" data-name=\"reason\"><select class=\"wpcf7-form-control wpcf7-select wpcf7-validates-as-required\" id=\"reason\" aria-required=\"true\" aria-invalid=\"false\" name=\"reason\"><option value=\"\">Choisir une option &#8230;<\/option><option value=\"services de TIC\">services de TIC<\/option><option value=\"services infonuagiques\">services infonuagiques<\/option><option value=\"services informatiques g\u00e9r\u00e9s\">services informatiques g\u00e9r\u00e9s<\/option><option value=\"autres\">autres<\/option><\/select><\/span>\n\t\t<\/div>\n\t<\/div>\n\t<div class=\"form-row\">\n\t\t<div class=\"form-field\">\n\t\t\t<label for=\"message\">D\u00e9crivez votre probl\u00e8me\u00a0:<\/label>\n\t\t\t<span class=\"wpcf7-form-control-wrap\" data-name=\"message\"><textarea cols=\"40\" rows=\"10\" maxlength=\"2000\" class=\"wpcf7-form-control wpcf7-textarea\" id=\"message\" aria-invalid=\"false\" name=\"message\"><\/textarea><\/span>\n\t\t<\/div>\n\t<\/div>\n\t<div class=\"form-row\">\n\t\t<div class=\"form-field\">\n\t\t\t<label for=\"time\">Quel est le meilleur moment pour vous joindre? <span class=\"required\">*<\/span><\/label>\n\t\t\t<span class=\"wpcf7-form-control-wrap\" data-name=\"time\"><span class=\"wpcf7-form-control wpcf7-radio\" id=\"time\"><span class=\"wpcf7-list-item first\"><input type=\"radio\" name=\"time\" value=\"matin\" \/><span class=\"wpcf7-list-item-label\">matin<\/span><\/span><span class=\"wpcf7-list-item\"><input type=\"radio\" name=\"time\" value=\"apr\u00e8s-midi\" \/><span class=\"wpcf7-list-item-label\">apr\u00e8s-midi<\/span><\/span><span class=\"wpcf7-list-item last\"><input type=\"radio\" name=\"time\" value=\"\u00e0 tout moment\" \/><span class=\"wpcf7-list-item-label\">\u00e0 tout moment<\/span><\/span><\/span><\/span>\n\t\t<\/div>\n\t<\/div>\n\t<div class=\"form-row\">\n\t\t<div class=\"form-field\">\n\t\t\t<label for=\"communication\">Comment pouvons-nous vous joindre? <span class=\"required\">*<\/span><\/label>\n\t\t\t<span class=\"wpcf7-form-control-wrap\" data-name=\"communication\"><span class=\"wpcf7-form-control wpcf7-radio\"><span class=\"wpcf7-list-item first\"><input type=\"radio\" name=\"communication\" value=\"t\u00e9l\u00e9phone\" \/><span class=\"wpcf7-list-item-label\">t\u00e9l\u00e9phone<\/span><\/span><span class=\"wpcf7-list-item last\"><input type=\"radio\" name=\"communication\" value=\"courriel\" \/><span class=\"wpcf7-list-item-label\">courriel<\/span><\/span><\/span><\/span>\n\n\t\t<\/div>\n\t<\/div>\n\t\n\t<div class=\"form-action\">\n<span id=\"wpcf7-69f3b6dcec442-wrapper\" class=\"wpcf7-form-control-wrap website-wrap\" style=\"display:none !important; visibility:hidden !important;\"><label for=\"wpcf7-69f3b6dcec442-field\" class=\"hp-message\">Please leave this field empty.<\/label><input id=\"wpcf7-69f3b6dcec442-field\"  class=\"wpcf7-form-control wpcf7-text\" type=\"text\" name=\"website\" value=\"\" size=\"40\" tabindex=\"-1\" autocomplete=\"new-password\" \/><\/span>\n<span class=\"wpcf7-form-control-wrap\" data-name=\"quiz-math-1\"><label><span class=\"wpcf7-quiz-label\">2+8=?<\/span> <input size=\"40\" class=\"wpcf7-form-control wpcf7-quiz\" autocomplete=\"off\" aria-required=\"true\" aria-invalid=\"false\" type=\"text\" name=\"quiz-math-1\" \/><\/label><input type=\"hidden\" name=\"_wpcf7_quiz_answer_quiz-math-1\" value=\"1e1cb2bb02158fd1f279b476d8e1b8c2\" \/><\/span>\n\t\t<input class=\"wpcf7-form-control wpcf7-submit has-spinner button\" type=\"submit\" value=\"Envoyer\" \/>\n\t<\/div>\n<\/div><input type=\"text\" name=\"ufI6t\" value=\"\" style=\"display: none !important;\" \/><div class=\"wpcf7-response-output\" aria-hidden=\"true\"><\/div>\n<\/form>\n<\/div>\n<\/div>\n\t\t\t\t\t<\/div>\n\t<\/div>\n<\/section>\n\n<section id=\"block-6261b353a8556\" class=\"block cta-download\" data-watch>\n\t<div class=\"container\">\n\t\t<div class=\"cta-download-inner\">\n\t\t\t\t\t\t\t<div class=\"image-wrapper\"><div class=\"image image--img \">\n\t\t\t\t<div class=\"frame\">\n\t\t\t\t\t<picture>\n\t\t\t\t\t\t<source srcset=\"https:\/\/tanetworks.ca\/wp-content\/uploads\/2022\/04\/teamviewer.webp\" type=\"image\/webp\"\/>\n\t\t\t\t\t\t<img decoding=\"async\" src=\"https:\/\/tanetworks.ca\/wp-content\/uploads\/2022\/04\/teamviewer.webp\">\n\t\t\t\t\t<\/picture>\n\t\t\t\t<\/div>\n\t\t\t<\/div><\/div>\n\t\t\t\t\t\t<div class=\"content-wrapper common-text\">\n\t\t\t\t<h2 style=\"text-align: center;\">Soutien \u00e0 distance sur vos ordinateurs de bureau<\/h2>\n<p style=\"text-align: center;\">Si vous avez besoin de soutien \u00e0 distance de R\u00e9seaux\u00a0TA sur vos ordinateurs de bureau, cliquez sur le lien ci-dessous. Quelqu\u2019un communiquera avec vous sous peu!<\/p>\n<p style=\"text-align: center;\"><a class=\"button\" href=\"https:\/\/download.teamviewer.com\/download\/TeamViewerQS.exe\">T\u00e9l\u00e9chargez l\u2019application de soutien \u00e0 distance TeamViewer<\/a><\/p>\n\n\t\t\t<\/div>\n\t\t<\/div>\n\t<\/div>\n<\/section>\n\n\t<section id=\"block-6255d3ca16e5c\" class=\"block presentation-clients\" data-watch>\n\t\t<div class=\"container\">\n\t\t\t<div class=\"presentation-clients-outer\">\n\t\t\t\t<div class=\"title-wrapper\">\n\t\t\t\t\t<h2>Clients qui font confiance \u00e0 R\u00e9seaux\u00a0TA<\/h2>\n\t\t\t\t<\/div>\n\t\t\t\t<div class=\"presentation-clients-inner\">\n\t\t\t\t\t\t\t\t\t\t\t<div class=\"presentation-client-item\">\n\t\t\t\t\t\t\t<img decoding=\"async\" src=\"https:\/\/tanetworks.ca\/wp-content\/uploads\/2022\/04\/logos-clients-brockville-general-hospital-bleu.jpg\" alt=\"\">\n\t\t\t\t\t\t<\/div>\n\t\t\t\t\t\t\t\t\t\t\t<div class=\"presentation-client-item\">\n\t\t\t\t\t\t\t<img decoding=\"async\" src=\"https:\/\/tanetworks.ca\/wp-content\/uploads\/2022\/04\/logos-clients-granite-club-bleu.jpg\" alt=\"\">\n\t\t\t\t\t\t<\/div>\n\t\t\t\t\t\t\t\t\t\t\t<div class=\"presentation-client-item\">\n\t\t\t\t\t\t\t<img decoding=\"async\" src=\"https:\/\/tanetworks.ca\/wp-content\/uploads\/2022\/04\/logos-clients-bcu-bleu.jpg\" alt=\"\">\n\t\t\t\t\t\t<\/div>\n\t\t\t\t\t\t\t\t\t\t\t<div class=\"presentation-client-item\">\n\t\t\t\t\t\t\t<img decoding=\"async\" src=\"https:\/\/tanetworks.ca\/wp-content\/uploads\/2022\/04\/logos-clients-ppg-paints-bleu.jpg\" alt=\"\">\n\t\t\t\t\t\t<\/div>\n\t\t\t\t\t\t\t\t\t\t\t<div class=\"presentation-client-item\">\n\t\t\t\t\t\t\t<img decoding=\"async\" src=\"https:\/\/tanetworks.ca\/wp-content\/uploads\/2022\/04\/logos-clients-the-beer-store-bleu.jpg\" alt=\"\">\n\t\t\t\t\t\t<\/div>\n\t\t\t\t\t\t\t\t\t\t\t<div class=\"presentation-client-item\">\n\t\t\t\t\t\t\t<img decoding=\"async\" src=\"https:\/\/tanetworks.ca\/wp-content\/uploads\/2022\/04\/logos-clients-sunray-group-bleu.jpg\" alt=\"\">\n\t\t\t\t\t\t<\/div>\n\t\t\t\t\t\t\t\t\t<\/div>\n\t\t\t<\/div>\n\t\t<\/div>\n\t<\/section>\n\n\n<section id=\"block-6255d3d516e5d\" class=\"block cta-box\" data-watch>\n\t<div class=\"container\">\n\t\t<div class=\"cta-box-inner\">\n\t\t\t<div class=\"left-column common-text\">\n\t\t\t\t<h2>Parlez \u00e0 un expert de R\u00e9seaux\u00a0TA d\u00e8s aujourd\u2019hui<\/h2>\n<p>Chaque entreprise est unique. C\u2019est pourquoi nous adaptons nos solutions technologiques \u00e0 votre \u00e9quipe et \u00e0 votre contexte particulier. Communiquez avec nous sans d\u00e9lai. Vous d\u00e9couvrirez comment nous pouvons vous aider \u00e0 rationaliser vos op\u00e9rations et \u00e0 augmenter la productivit\u00e9 de vos \u00e9quipes.<\/p>\n<p><a class=\"button\" href=\"https:\/\/tanetworks.ca\/fr\/contact\/\">Communiquez avec nous<\/a><\/p>\n\n\t\t\t<\/div>\n\t\t\t<div class=\"right-column\">\n\t\t\t\t<div class=\"image-wrapper\" style=\"background-image:url(https:\/\/tanetworks.ca\/wp-content\/uploads\/2022\/04\/lets-talk-homepage.jpg)\"><\/div>\n\t\t\t<\/div>\n\t\t<\/div>\n\t<\/div>\n<\/section>","protected":false},"excerpt":{"rendered":"","protected":false},"author":5,"featured_media":0,"parent":0,"menu_order":5,"comment_status":"closed","ping_status":"closed","template":"","meta":{"_acf_changed":false,"_crdt_document":"","inline_featured_image":false,"footnotes":""},"class_list":["post-902","page","type-page","status-publish","hentry"],"acf":[],"yoast_head":"<!-- This site is optimized with the Yoast SEO plugin v27.5 - https:\/\/yoast.com\/product\/yoast-seo-wordpress\/ -->\n<title>Soutien \u2502 R\u00e9seaux\u00a0TA<\/title>\n<meta name=\"description\" content=\"Travaillez-vous avec R\u00e9seaux\u00a0TA? Communiquez avec notre soutien technique pour tous vos probl\u00e8mes li\u00e9s aux TIC. R\u00e9ponse garantie, temps d\u2019interruption minimal.\" \/>\n<meta name=\"robots\" content=\"index, follow, max-snippet:-1, max-image-preview:large, max-video-preview:-1\" \/>\n<link rel=\"canonical\" href=\"https:\/\/tanetworks.ca\/contact-tech-support\" \/>\n<meta property=\"og:locale\" content=\"fr_FR\" \/>\n<meta property=\"og:type\" content=\"article\" \/>\n<meta property=\"og:title\" content=\"Soutien \u2502 R\u00e9seaux\u00a0TA\" \/>\n<meta property=\"og:description\" content=\"Travaillez-vous avec R\u00e9seaux\u00a0TA? Communiquez avec notre soutien technique pour tous vos probl\u00e8mes li\u00e9s aux TIC. R\u00e9ponse garantie, temps d\u2019interruption minimal.\" \/>\n<meta property=\"og:url\" content=\"https:\/\/tanetworks.ca\/contact-tech-support\" \/>\n<meta property=\"og:site_name\" content=\"TA Networks\" \/>\n<meta property=\"article:modified_time\" content=\"2022-05-05T14:23:28+00:00\" \/>\n<meta name=\"twitter:card\" content=\"summary_large_image\" \/>\n<script type=\"application\/ld+json\" class=\"yoast-schema-graph\">{\"@context\":\"https:\\\/\\\/schema.org\",\"@graph\":[{\"@type\":\"WebPage\",\"@id\":\"https:\\\/\\\/tanetworks.ca\\\/contact-tech-support\",\"url\":\"https:\\\/\\\/tanetworks.ca\\\/contact-tech-support\",\"name\":\"Soutien \u2502 R\u00e9seaux\u00a0TA\",\"isPartOf\":{\"@id\":\"https:\\\/\\\/tanetworks.ca\\\/#website\"},\"datePublished\":\"2022-04-11T11:40:35+00:00\",\"dateModified\":\"2022-05-05T14:23:28+00:00\",\"description\":\"Travaillez-vous avec R\u00e9seaux\u00a0TA? Communiquez avec notre soutien technique pour tous vos probl\u00e8mes li\u00e9s aux TIC. R\u00e9ponse garantie, temps d\u2019interruption minimal.\",\"breadcrumb\":{\"@id\":\"https:\\\/\\\/tanetworks.ca\\\/contact-tech-support#breadcrumb\"},\"inLanguage\":\"fr-FR\",\"potentialAction\":[{\"@type\":\"ReadAction\",\"target\":[\"https:\\\/\\\/tanetworks.ca\\\/contact-tech-support\"]}]},{\"@type\":\"BreadcrumbList\",\"@id\":\"https:\\\/\\\/tanetworks.ca\\\/contact-tech-support#breadcrumb\",\"itemListElement\":[{\"@type\":\"ListItem\",\"position\":1,\"name\":\"Home\",\"item\":\"https:\\\/\\\/tanetworks.ca\\\/fr\"},{\"@type\":\"ListItem\",\"position\":2,\"name\":\"Demande de soutien\"}]},{\"@type\":\"WebSite\",\"@id\":\"https:\\\/\\\/tanetworks.ca\\\/#website\",\"url\":\"https:\\\/\\\/tanetworks.ca\\\/\",\"name\":\"tanetworks.ca\",\"description\":\"Un site utilisant WordPress\",\"publisher\":{\"@id\":\"https:\\\/\\\/tanetworks.ca\\\/#organization\"},\"potentialAction\":[{\"@type\":\"SearchAction\",\"target\":{\"@type\":\"EntryPoint\",\"urlTemplate\":\"https:\\\/\\\/tanetworks.ca\\\/?s={search_term_string}\"},\"query-input\":{\"@type\":\"PropertyValueSpecification\",\"valueRequired\":true,\"valueName\":\"search_term_string\"}}],\"inLanguage\":\"fr-FR\"},{\"@type\":\"Organization\",\"@id\":\"https:\\\/\\\/tanetworks.ca\\\/#organization\",\"name\":\"TA Networks\",\"url\":\"https:\\\/\\\/tanetworks.ca\\\/\",\"logo\":{\"@type\":\"ImageObject\",\"inLanguage\":\"fr-FR\",\"@id\":\"https:\\\/\\\/tanetworks.ca\\\/#\\\/schema\\\/logo\\\/image\\\/\",\"url\":\"https:\\\/\\\/tanetworks.ca\\\/wp-content\\\/uploads\\\/2023\\\/07\\\/Picture1.png\",\"contentUrl\":\"https:\\\/\\\/tanetworks.ca\\\/wp-content\\\/uploads\\\/2023\\\/07\\\/Picture1.png\",\"width\":143,\"height\":142,\"caption\":\"TA Networks\"},\"image\":{\"@id\":\"https:\\\/\\\/tanetworks.ca\\\/#\\\/schema\\\/logo\\\/image\\\/\"}}]}<\/script>\n<!-- \/ Yoast SEO plugin. -->","yoast_head_json":{"title":"Soutien \u2502 R\u00e9seaux\u00a0TA","description":"Travaillez-vous avec R\u00e9seaux\u00a0TA? Communiquez avec notre soutien technique pour tous vos probl\u00e8mes li\u00e9s aux TIC. R\u00e9ponse garantie, temps d\u2019interruption minimal.","robots":{"index":"index","follow":"follow","max-snippet":"max-snippet:-1","max-image-preview":"max-image-preview:large","max-video-preview":"max-video-preview:-1"},"canonical":"https:\/\/tanetworks.ca\/contact-tech-support","og_locale":"fr_FR","og_type":"article","og_title":"Soutien \u2502 R\u00e9seaux\u00a0TA","og_description":"Travaillez-vous avec R\u00e9seaux\u00a0TA? Communiquez avec notre soutien technique pour tous vos probl\u00e8mes li\u00e9s aux TIC. R\u00e9ponse garantie, temps d\u2019interruption minimal.","og_url":"https:\/\/tanetworks.ca\/contact-tech-support","og_site_name":"TA Networks","article_modified_time":"2022-05-05T14:23:28+00:00","twitter_card":"summary_large_image","schema":{"@context":"https:\/\/schema.org","@graph":[{"@type":"WebPage","@id":"https:\/\/tanetworks.ca\/contact-tech-support","url":"https:\/\/tanetworks.ca\/contact-tech-support","name":"Soutien \u2502 R\u00e9seaux\u00a0TA","isPartOf":{"@id":"https:\/\/tanetworks.ca\/#website"},"datePublished":"2022-04-11T11:40:35+00:00","dateModified":"2022-05-05T14:23:28+00:00","description":"Travaillez-vous avec R\u00e9seaux\u00a0TA? Communiquez avec notre soutien technique pour tous vos probl\u00e8mes li\u00e9s aux TIC. R\u00e9ponse garantie, temps d\u2019interruption minimal.","breadcrumb":{"@id":"https:\/\/tanetworks.ca\/contact-tech-support#breadcrumb"},"inLanguage":"fr-FR","potentialAction":[{"@type":"ReadAction","target":["https:\/\/tanetworks.ca\/contact-tech-support"]}]},{"@type":"BreadcrumbList","@id":"https:\/\/tanetworks.ca\/contact-tech-support#breadcrumb","itemListElement":[{"@type":"ListItem","position":1,"name":"Home","item":"https:\/\/tanetworks.ca\/fr"},{"@type":"ListItem","position":2,"name":"Demande de soutien"}]},{"@type":"WebSite","@id":"https:\/\/tanetworks.ca\/#website","url":"https:\/\/tanetworks.ca\/","name":"tanetworks.ca","description":"Un site utilisant WordPress","publisher":{"@id":"https:\/\/tanetworks.ca\/#organization"},"potentialAction":[{"@type":"SearchAction","target":{"@type":"EntryPoint","urlTemplate":"https:\/\/tanetworks.ca\/?s={search_term_string}"},"query-input":{"@type":"PropertyValueSpecification","valueRequired":true,"valueName":"search_term_string"}}],"inLanguage":"fr-FR"},{"@type":"Organization","@id":"https:\/\/tanetworks.ca\/#organization","name":"TA Networks","url":"https:\/\/tanetworks.ca\/","logo":{"@type":"ImageObject","inLanguage":"fr-FR","@id":"https:\/\/tanetworks.ca\/#\/schema\/logo\/image\/","url":"https:\/\/tanetworks.ca\/wp-content\/uploads\/2023\/07\/Picture1.png","contentUrl":"https:\/\/tanetworks.ca\/wp-content\/uploads\/2023\/07\/Picture1.png","width":143,"height":142,"caption":"TA Networks"},"image":{"@id":"https:\/\/tanetworks.ca\/#\/schema\/logo\/image\/"}}]}},"_links":{"self":[{"href":"https:\/\/tanetworks.ca\/fr\/wp-json\/wp\/v2\/pages\/902","targetHints":{"allow":["GET"]}}],"collection":[{"href":"https:\/\/tanetworks.ca\/fr\/wp-json\/wp\/v2\/pages"}],"about":[{"href":"https:\/\/tanetworks.ca\/fr\/wp-json\/wp\/v2\/types\/page"}],"author":[{"embeddable":true,"href":"https:\/\/tanetworks.ca\/fr\/wp-json\/wp\/v2\/users\/5"}],"replies":[{"embeddable":true,"href":"https:\/\/tanetworks.ca\/fr\/wp-json\/wp\/v2\/comments?post=902"}],"version-history":[{"count":9,"href":"https:\/\/tanetworks.ca\/fr\/wp-json\/wp\/v2\/pages\/902\/revisions"}],"predecessor-version":[{"id":1049,"href":"https:\/\/tanetworks.ca\/fr\/wp-json\/wp\/v2\/pages\/902\/revisions\/1049"}],"wp:attachment":[{"href":"https:\/\/tanetworks.ca\/fr\/wp-json\/wp\/v2\/media?parent=902"}],"curies":[{"name":"wp","href":"https:\/\/api.w.org\/{rel}","templated":true}]}}