{"id":898,"date":"2022-04-11T11:40:08","date_gmt":"2022-04-11T11:40:08","guid":{"rendered":"https:\/\/tanetworks.ca\/support\/"},"modified":"2022-05-05T14:22:42","modified_gmt":"2022-05-05T14:22:42","slug":"support","status":"publish","type":"page","link":"https:\/\/tanetworks.ca\/fr\/support","title":{"rendered":"Support"},"content":{"rendered":"<section id=\"block-6255d07407054\" class=\"block header-secondary\" data-watch>\n\t<div class=\"container\">\n\t\t<div class=\"header-secondary-inner\"><h1>Obtenez du soutien<br \/>\naupr\u00e8s de R\u00e9seaux\u00a0TA<span class=\"highlight\">.<\/span><\/h1>\n<\/div>\n\t<\/div>\n<\/section>\n\n<section id=\"block-6255d09f07055\" class=\"block content-simple block__spacing-top-100 block__spacing-bottom-0\" data-watch>\n\t<div class=\"container\">\n\t\t<div class=\"content-simple-inner common-text\">\n\t\t\t<h2>Avez-vous une question pour R\u00e9seaux\u00a0TA?<\/h2>\n<p>Si vous \u00eates un client actuel, vous \u00eates au bon endroit! Trouvez r\u00e9ponse \u00e0 vos questions dans notre FAQ ou aupr\u00e8s de notre \u00e9quipe de soutien technique.<\/p>\n\n\t\t<\/div>\n\t<\/div>\n<\/section>\n\n<section id=\"block-6255d0bd07056\" class=\"block content-2-col-text-image-animated\">\n\t\t<div class=\"animation-trigger\"><\/div>\n\t<div class=\"container\">\n\t\t<div class=\"content-2-col-text-image-animated-inner\">\n\t\t\t<div class=\"left-column\">\n\t\t\t\t<div id=\"animation-pin\">\n\t\t\t\t\t\t\t\t\t\t\t<div class=\"image-wrapper image-wrapper__visible\" data-item-index=\"1\">\n\t\t\t\t\t\t\t<img decoding=\"async\" src=\"https:\/\/tanetworks.ca\/wp-content\/uploads\/2022\/04\/support-agent-image.jpg\" alt=\"\">\n\t\t\t\t\t\t<\/div>\n\t\t\t\t\t\t\t\t\t<\/div>\n\t\t\t<\/div>\n\t\t\t<div class=\"right-column\">\n\t\t\t\t\t\t\t\t\t<div class=\"content-wrapper\" data-item-index=\"1\" data-watch>\n\t\t\t\t\t\t<div class=\"content-item image-wrapper__mobile\">\n\t\t\t\t\t\t\t<img decoding=\"async\" src=\"https:\/\/tanetworks.ca\/wp-content\/uploads\/2022\/04\/support-agent-image.jpg\" alt=\"\">\n\t\t\t\t\t\t<\/div>\n\t\t\t\t\t\t\t\t\t\t\t\t\t\t\t\t\t\t\t\t\t<div class=\"content-item content-simple-wrapper common-text\"><h3>Obtenez l\u2019aide d\u2019une de nos \u00e9quipes de soutien technique<\/h3>\n<p>Vous pr\u00e9f\u00e9rez parler \u00e0 un membre de notre \u00e9quipe? Notre service de soutien technique est ouvert du lundi au vendredi pendant les heures de bureau.<\/p>\n<p><a class=\"button\" href=\"https:\/\/tanetworks.ca\/fr\/contact-tech-support\/\">Communiquez avec le soutien technique<\/a><\/p>\n<\/div>\n\t\t\t\t\t\t\t\t\t\t\t\t\t\t\t\t\t\t<\/div>\n\t\t\t\t\t\t\t<\/div>\n\t\t<\/div>\n\t<\/div>\n<\/section>\n\n\t<section id=\"block-6255d17707059\" class=\"block presentation-clients\" data-watch>\n\t\t<div class=\"container\">\n\t\t\t<div class=\"presentation-clients-outer\">\n\t\t\t\t<div class=\"title-wrapper\">\n\t\t\t\t\t<h2>Clients qui font confiance \u00e0 R\u00e9seaux\u00a0TA<\/h2>\n\t\t\t\t<\/div>\n\t\t\t\t<div class=\"presentation-clients-inner\">\n\t\t\t\t\t\t\t\t\t\t\t<div class=\"presentation-client-item\">\n\t\t\t\t\t\t\t<img decoding=\"async\" src=\"https:\/\/tanetworks.ca\/wp-content\/uploads\/2022\/04\/logos-clients-brockville-general-hospital-bleu.jpg\" alt=\"\">\n\t\t\t\t\t\t<\/div>\n\t\t\t\t\t\t\t\t\t\t\t<div class=\"presentation-client-item\">\n\t\t\t\t\t\t\t<img decoding=\"async\" src=\"https:\/\/tanetworks.ca\/wp-content\/uploads\/2022\/04\/logos-clients-granite-club-bleu.jpg\" alt=\"\">\n\t\t\t\t\t\t<\/div>\n\t\t\t\t\t\t\t\t\t\t\t<div class=\"presentation-client-item\">\n\t\t\t\t\t\t\t<img decoding=\"async\" src=\"https:\/\/tanetworks.ca\/wp-content\/uploads\/2022\/04\/logos-clients-bcu-bleu.jpg\" alt=\"\">\n\t\t\t\t\t\t<\/div>\n\t\t\t\t\t\t\t\t\t\t\t<div class=\"presentation-client-item\">\n\t\t\t\t\t\t\t<img decoding=\"async\" src=\"https:\/\/tanetworks.ca\/wp-content\/uploads\/2022\/04\/logos-clients-ppg-paints-bleu.jpg\" alt=\"\">\n\t\t\t\t\t\t<\/div>\n\t\t\t\t\t\t\t\t\t\t\t<div class=\"presentation-client-item\">\n\t\t\t\t\t\t\t<img decoding=\"async\" src=\"https:\/\/tanetworks.ca\/wp-content\/uploads\/2022\/04\/logos-clients-the-beer-store-bleu.jpg\" alt=\"\">\n\t\t\t\t\t\t<\/div>\n\t\t\t\t\t\t\t\t\t\t\t<div class=\"presentation-client-item\">\n\t\t\t\t\t\t\t<img decoding=\"async\" src=\"https:\/\/tanetworks.ca\/wp-content\/uploads\/2022\/04\/logos-clients-sunray-group-bleu.jpg\" alt=\"\">\n\t\t\t\t\t\t<\/div>\n\t\t\t\t\t\t\t\t\t<\/div>\n\t\t\t<\/div>\n\t\t<\/div>\n\t<\/section>\n\n\n<section id=\"block-6255d1820705a\" class=\"block cta-box\" data-watch>\n\t<div class=\"container\">\n\t\t<div class=\"cta-box-inner\">\n\t\t\t<div class=\"left-column common-text\">\n\t\t\t\t<h2>Parlez \u00e0 un expert de R\u00e9seaux\u00a0TA d\u00e8s aujourd\u2019hui<\/h2>\n<p>Chaque entreprise est unique. C\u2019est pourquoi nous adaptons nos solutions technologiques \u00e0 votre \u00e9quipe et \u00e0 votre contexte particulier. Communiquez avec nous sans d\u00e9lai. Vous d\u00e9couvrirez comment nous pouvons vous aider \u00e0 rationaliser vos op\u00e9rations et \u00e0 augmenter la productivit\u00e9 de vos \u00e9quipes.<\/p>\n<p><a class=\"button\" href=\"https:\/\/tanetworks.ca\/fr\/contact\/\">Communiquez avec nous<\/a><\/p>\n\n\t\t\t<\/div>\n\t\t\t<div class=\"right-column\">\n\t\t\t\t<div class=\"image-wrapper\" style=\"background-image:url(https:\/\/tanetworks.ca\/wp-content\/uploads\/2022\/04\/lets-talk-homepage.jpg)\"><\/div>\n\t\t\t<\/div>\n\t\t<\/div>\n\t<\/div>\n<\/section>","protected":false},"excerpt":{"rendered":"","protected":false},"author":5,"featured_media":0,"parent":0,"menu_order":0,"comment_status":"closed","ping_status":"closed","template":"","meta":{"_acf_changed":false,"_crdt_document":"","inline_featured_image":false,"footnotes":""},"class_list":["post-898","page","type-page","status-publish","hentry"],"acf":[],"yoast_head":"<!-- This site is optimized with the Yoast SEO plugin v27.3 - https:\/\/yoast.com\/product\/yoast-seo-wordpress\/ -->\n<title>Support - TA Networks<\/title>\n<meta name=\"robots\" content=\"index, follow, max-snippet:-1, max-image-preview:large, max-video-preview:-1\" \/>\n<link rel=\"canonical\" href=\"https:\/\/tanetworks.ca\/support\" \/>\n<meta property=\"og:locale\" content=\"fr_FR\" \/>\n<meta property=\"og:type\" content=\"article\" \/>\n<meta property=\"og:title\" content=\"Support - TA Networks\" \/>\n<meta property=\"og:url\" content=\"https:\/\/tanetworks.ca\/support\" \/>\n<meta property=\"og:site_name\" content=\"TA Networks\" \/>\n<meta property=\"article:modified_time\" content=\"2022-05-05T14:22:42+00:00\" \/>\n<meta name=\"twitter:card\" content=\"summary_large_image\" \/>\n<script type=\"application\/ld+json\" class=\"yoast-schema-graph\">{\"@context\":\"https:\\\/\\\/schema.org\",\"@graph\":[{\"@type\":\"WebPage\",\"@id\":\"https:\\\/\\\/tanetworks.ca\\\/support\",\"url\":\"https:\\\/\\\/tanetworks.ca\\\/support\",\"name\":\"Support - TA Networks\",\"isPartOf\":{\"@id\":\"https:\\\/\\\/tanetworks.ca\\\/#website\"},\"datePublished\":\"2022-04-11T11:40:08+00:00\",\"dateModified\":\"2022-05-05T14:22:42+00:00\",\"breadcrumb\":{\"@id\":\"https:\\\/\\\/tanetworks.ca\\\/support#breadcrumb\"},\"inLanguage\":\"fr-FR\",\"potentialAction\":[{\"@type\":\"ReadAction\",\"target\":[\"https:\\\/\\\/tanetworks.ca\\\/support\"]}]},{\"@type\":\"BreadcrumbList\",\"@id\":\"https:\\\/\\\/tanetworks.ca\\\/support#breadcrumb\",\"itemListElement\":[{\"@type\":\"ListItem\",\"position\":1,\"name\":\"Home\",\"item\":\"https:\\\/\\\/tanetworks.ca\\\/fr\"},{\"@type\":\"ListItem\",\"position\":2,\"name\":\"Support\"}]},{\"@type\":\"WebSite\",\"@id\":\"https:\\\/\\\/tanetworks.ca\\\/#website\",\"url\":\"https:\\\/\\\/tanetworks.ca\\\/\",\"name\":\"tanetworks.ca\",\"description\":\"Un site utilisant WordPress\",\"publisher\":{\"@id\":\"https:\\\/\\\/tanetworks.ca\\\/#organization\"},\"potentialAction\":[{\"@type\":\"SearchAction\",\"target\":{\"@type\":\"EntryPoint\",\"urlTemplate\":\"https:\\\/\\\/tanetworks.ca\\\/?s={search_term_string}\"},\"query-input\":{\"@type\":\"PropertyValueSpecification\",\"valueRequired\":true,\"valueName\":\"search_term_string\"}}],\"inLanguage\":\"fr-FR\"},{\"@type\":\"Organization\",\"@id\":\"https:\\\/\\\/tanetworks.ca\\\/#organization\",\"name\":\"TA Networks\",\"url\":\"https:\\\/\\\/tanetworks.ca\\\/\",\"logo\":{\"@type\":\"ImageObject\",\"inLanguage\":\"fr-FR\",\"@id\":\"https:\\\/\\\/tanetworks.ca\\\/#\\\/schema\\\/logo\\\/image\\\/\",\"url\":\"https:\\\/\\\/tanetworks.ca\\\/wp-content\\\/uploads\\\/2023\\\/07\\\/Picture1.png\",\"contentUrl\":\"https:\\\/\\\/tanetworks.ca\\\/wp-content\\\/uploads\\\/2023\\\/07\\\/Picture1.png\",\"width\":143,\"height\":142,\"caption\":\"TA Networks\"},\"image\":{\"@id\":\"https:\\\/\\\/tanetworks.ca\\\/#\\\/schema\\\/logo\\\/image\\\/\"}}]}<\/script>\n<!-- \/ Yoast SEO plugin. -->","yoast_head_json":{"title":"Support - TA Networks","robots":{"index":"index","follow":"follow","max-snippet":"max-snippet:-1","max-image-preview":"max-image-preview:large","max-video-preview":"max-video-preview:-1"},"canonical":"https:\/\/tanetworks.ca\/support","og_locale":"fr_FR","og_type":"article","og_title":"Support - TA Networks","og_url":"https:\/\/tanetworks.ca\/support","og_site_name":"TA Networks","article_modified_time":"2022-05-05T14:22:42+00:00","twitter_card":"summary_large_image","schema":{"@context":"https:\/\/schema.org","@graph":[{"@type":"WebPage","@id":"https:\/\/tanetworks.ca\/support","url":"https:\/\/tanetworks.ca\/support","name":"Support - TA Networks","isPartOf":{"@id":"https:\/\/tanetworks.ca\/#website"},"datePublished":"2022-04-11T11:40:08+00:00","dateModified":"2022-05-05T14:22:42+00:00","breadcrumb":{"@id":"https:\/\/tanetworks.ca\/support#breadcrumb"},"inLanguage":"fr-FR","potentialAction":[{"@type":"ReadAction","target":["https:\/\/tanetworks.ca\/support"]}]},{"@type":"BreadcrumbList","@id":"https:\/\/tanetworks.ca\/support#breadcrumb","itemListElement":[{"@type":"ListItem","position":1,"name":"Home","item":"https:\/\/tanetworks.ca\/fr"},{"@type":"ListItem","position":2,"name":"Support"}]},{"@type":"WebSite","@id":"https:\/\/tanetworks.ca\/#website","url":"https:\/\/tanetworks.ca\/","name":"tanetworks.ca","description":"Un site utilisant WordPress","publisher":{"@id":"https:\/\/tanetworks.ca\/#organization"},"potentialAction":[{"@type":"SearchAction","target":{"@type":"EntryPoint","urlTemplate":"https:\/\/tanetworks.ca\/?s={search_term_string}"},"query-input":{"@type":"PropertyValueSpecification","valueRequired":true,"valueName":"search_term_string"}}],"inLanguage":"fr-FR"},{"@type":"Organization","@id":"https:\/\/tanetworks.ca\/#organization","name":"TA Networks","url":"https:\/\/tanetworks.ca\/","logo":{"@type":"ImageObject","inLanguage":"fr-FR","@id":"https:\/\/tanetworks.ca\/#\/schema\/logo\/image\/","url":"https:\/\/tanetworks.ca\/wp-content\/uploads\/2023\/07\/Picture1.png","contentUrl":"https:\/\/tanetworks.ca\/wp-content\/uploads\/2023\/07\/Picture1.png","width":143,"height":142,"caption":"TA Networks"},"image":{"@id":"https:\/\/tanetworks.ca\/#\/schema\/logo\/image\/"}}]}},"_links":{"self":[{"href":"https:\/\/tanetworks.ca\/fr\/wp-json\/wp\/v2\/pages\/898","targetHints":{"allow":["GET"]}}],"collection":[{"href":"https:\/\/tanetworks.ca\/fr\/wp-json\/wp\/v2\/pages"}],"about":[{"href":"https:\/\/tanetworks.ca\/fr\/wp-json\/wp\/v2\/types\/page"}],"author":[{"embeddable":true,"href":"https:\/\/tanetworks.ca\/fr\/wp-json\/wp\/v2\/users\/5"}],"replies":[{"embeddable":true,"href":"https:\/\/tanetworks.ca\/fr\/wp-json\/wp\/v2\/comments?post=898"}],"version-history":[{"count":7,"href":"https:\/\/tanetworks.ca\/fr\/wp-json\/wp\/v2\/pages\/898\/revisions"}],"predecessor-version":[{"id":1045,"href":"https:\/\/tanetworks.ca\/fr\/wp-json\/wp\/v2\/pages\/898\/revisions\/1045"}],"wp:attachment":[{"href":"https:\/\/tanetworks.ca\/fr\/wp-json\/wp\/v2\/media?parent=898"}],"curies":[{"name":"wp","href":"https:\/\/api.w.org\/{rel}","templated":true}]}}