{"id":894,"date":"2022-04-11T11:34:36","date_gmt":"2022-04-11T11:34:36","guid":{"rendered":"https:\/\/tanetworks.ca\/careers\/"},"modified":"2022-05-05T14:21:36","modified_gmt":"2022-05-05T14:21:36","slug":"carrieres","status":"publish","type":"page","link":"https:\/\/tanetworks.ca\/fr\/carrieres","title":{"rendered":"Carri\u00e8res"},"content":{"rendered":"<section id=\"block-62558eefa969e\" class=\"block header-secondary\" data-watch>\n\t<div class=\"container\">\n\t\t<div class=\"header-secondary-inner\"><h1>Carri\u00e8res \u00e0<br \/>\nR\u00e9seaux\u00a0TA<span class=\"highlight\">.<\/span><\/h1>\n<\/div>\n\t<\/div>\n<\/section>\n\n<section id=\"block-62558f0da969f\" class=\"block content-simple block__spacing-top-100 block__spacing-bottom-100\" data-watch>\n\t<div class=\"container\">\n\t\t<div class=\"content-simple-inner common-text\">\n\t\t\t<h2>\u00cates-vous pr\u00eat \u00e0 relever un nouveau d\u00e9fi?<\/h2>\n<p>Nous voulons vous conna\u00eetre! En pleine expansion, R\u00e9seaux\u00a0TA recherche des sp\u00e9cialistes des TIC qui aiment les environnements de travail dynamiques et les nouveaux d\u00e9fis. Nous proposons des occasions fantastiques d\u2019am\u00e9liorer vos comp\u00e9tences, d\u2019acqu\u00e9rir de l\u2019exp\u00e9rience et d\u2019aiguiser votre esprit au quotidien!<\/p>\n\n\t\t<\/div>\n\t<\/div>\n<\/section>\n\n\t<section id=\"block-62558f26a96a0\" class=\"block list-job-offers\" data-watch>\n\t\t<div class=\"list-job-offers-animation-wrapper\">\n\t\t\t<div class=\"container\">\n\t\t\t\t\t\t\t\t\t<h2 class=\"title-wrapper\">Offres d\u2019emploi<\/h2>\n\t\t\t\t\t\t\t\t<div class=\"list-job-offers-inner\">\n\t\t\t\t\t\t<div class=\"list-job-header\">\n\t\t\t\t\t\t\t<div class=\"list-job-header-item\">Poste<\/div>\n\t\t\t\t\t\t\t<div class=\"list-job-header-item\">Ville<\/div>\n\t\t\t\t\t\t<\/div>\n\t\t\t\t\t\t\t\t\t\t\t<div class=\"list-job-offer\">\n\t\t\t\t\t\t\t<div class=\"list-job-offer-item\">\n\t\t\t\t\t\t\t\t<div class=\"list-job-offer-label\">Poste<\/div>\n\t\t\t\t\t\t\t\t<a href=\"https:\/\/tanetworks.ca\/fr\/job-offer\/representant-aux-ventes-mtl\">Repr\u00e9sentant aux ventes<\/a>\n\t\t\t\t\t\t\t<\/div>\n\t\t\t\t\t\t\t<div class=\"list-job-offer-item\">\n\t\t\t\t\t\t\t\t<div class=\"list-job-offer-label\">Ville<\/div>\n\t\t\t\t\t\t\t\tMontr\u00e9al, QC\n\t\t\t\t\t\t\t<\/div>\n\t\t\t\t\t\t\t<div class=\"list-job-offer-item\">\n\t\t\t\t\t\t\t\t<a class=\"job-link\" href=\"https:\/\/tanetworks.ca\/fr\/job-offer\/representant-aux-ventes-mtl\">Voir plus<\/a>\n\t\t\t\t\t\t\t<\/div>\n\t\t\t\t\t\t<\/div>\n\t\t\t\t\t\t\t\t\t\t\t<div class=\"list-job-offer\">\n\t\t\t\t\t\t\t<div class=\"list-job-offer-item\">\n\t\t\t\t\t\t\t\t<div class=\"list-job-offer-label\">Poste<\/div>\n\t\t\t\t\t\t\t\t<a href=\"https:\/\/tanetworks.ca\/fr\/job-offer\/coordonnateur-aux-ventes\">Coordonnateur aux ventes<\/a>\n\t\t\t\t\t\t\t<\/div>\n\t\t\t\t\t\t\t<div class=\"list-job-offer-item\">\n\t\t\t\t\t\t\t\t<div class=\"list-job-offer-label\">Ville<\/div>\n\t\t\t\t\t\t\t\tN\/A\n\t\t\t\t\t\t\t<\/div>\n\t\t\t\t\t\t\t<div class=\"list-job-offer-item\">\n\t\t\t\t\t\t\t\t<a class=\"job-link\" href=\"https:\/\/tanetworks.ca\/fr\/job-offer\/coordonnateur-aux-ventes\">Voir plus<\/a>\n\t\t\t\t\t\t\t<\/div>\n\t\t\t\t\t\t<\/div>\n\t\t\t\t\t\t\t\t\t\t\t<div class=\"list-job-offer\">\n\t\t\t\t\t\t\t<div class=\"list-job-offer-item\">\n\t\t\t\t\t\t\t\t<div class=\"list-job-offer-label\">Poste<\/div>\n\t\t\t\t\t\t\t\t<a href=\"https:\/\/tanetworks.ca\/fr\/job-offer\/representant-aux-ventes\">Repr\u00e9sentant aux ventes<\/a>\n\t\t\t\t\t\t\t<\/div>\n\t\t\t\t\t\t\t<div class=\"list-job-offer-item\">\n\t\t\t\t\t\t\t\t<div class=\"list-job-offer-label\">Ville<\/div>\n\t\t\t\t\t\t\t\tMississauga, ON\n\t\t\t\t\t\t\t<\/div>\n\t\t\t\t\t\t\t<div class=\"list-job-offer-item\">\n\t\t\t\t\t\t\t\t<a class=\"job-link\" href=\"https:\/\/tanetworks.ca\/fr\/job-offer\/representant-aux-ventes\">Voir plus<\/a>\n\t\t\t\t\t\t\t<\/div>\n\t\t\t\t\t\t<\/div>\n\t\t\t\t\t\t\t\t\t<\/div>\n\t\t\t<\/div>\n\t\t<\/div>\n\t<\/section>\n\n\n<section id=\"block-62558f39a96a1\" class=\"block grid-image-text grid-image-text__layout-3-col block__spacing-top-50 block__spacing-bottom-150\" data-watch>\n\t<div class=\"container\">\n\t\t<div class=\"grid-image-text-inner\">\n\t\t\t\t\t\t\t<h2 class=\"title-wrapper\">Pourquoi travailler \u00e0 R\u00e9seaux\u00a0TA?<\/h2>\n\t\t\t\t\t\t<div class=\"items-wrapper\">\n\t\t\t\t\t\t\t\t\t<div class=\"grid-item-wrapper\">\n\t\t\t\t\t\t<div class=\"grid-item\">\n\t\t\t\t\t\t\t<div class=\"image-wrapper\"><div class=\"image image--img \">\n\t\t\t\t<div class=\"frame\">\n\t\t\t\t\t<picture>\n\t\t\t\t\t\t<source srcset=\"https:\/\/tanetworks.ca\/wp-content\/uploads\/2022\/04\/ic-job-difference.svg\" type=\"image\/svg\"\/>\n\t\t\t\t\t\t<img decoding=\"async\" src=\"https:\/\/tanetworks.ca\/wp-content\/uploads\/2022\/04\/ic-job-difference.svg\">\n\t\t\t\t\t<\/picture>\n\t\t\t\t<\/div>\n\t\t\t<\/div><\/div>\n\t\t\t\t\t\t\t<div class=\"content-wrapper common-text\"><h2>Une contribution valoris\u00e9e pour chaque emploi<\/h2>\n<\/div>\n\t\t\t\t\t\t<\/div>\n\t\t\t\t\t<\/div>\n\t\t\t\t\t\t\t\t\t<div class=\"grid-item-wrapper\">\n\t\t\t\t\t\t<div class=\"grid-item\">\n\t\t\t\t\t\t\t<div class=\"image-wrapper\"><div class=\"image image--img \">\n\t\t\t\t<div class=\"frame\">\n\t\t\t\t\t<picture>\n\t\t\t\t\t\t<source srcset=\"https:\/\/tanetworks.ca\/wp-content\/uploads\/2022\/04\/ic-job-benefits.svg\" type=\"image\/svg\"\/>\n\t\t\t\t\t\t<img decoding=\"async\" src=\"https:\/\/tanetworks.ca\/wp-content\/uploads\/2022\/04\/ic-job-benefits.svg\">\n\t\t\t\t\t<\/picture>\n\t\t\t\t<\/div>\n\t\t\t<\/div><\/div>\n\t\t\t\t\t\t\t<div class=\"content-wrapper common-text\"><h2>Une r\u00e9mun\u00e9ration et des avantages concurrentiels<\/h2>\n<\/div>\n\t\t\t\t\t\t<\/div>\n\t\t\t\t\t<\/div>\n\t\t\t\t\t\t\t\t\t<div class=\"grid-item-wrapper\">\n\t\t\t\t\t\t<div class=\"grid-item\">\n\t\t\t\t\t\t\t<div class=\"image-wrapper\"><div class=\"image image--img \">\n\t\t\t\t<div class=\"frame\">\n\t\t\t\t\t<picture>\n\t\t\t\t\t\t<source srcset=\"https:\/\/tanetworks.ca\/wp-content\/uploads\/2022\/04\/ic-job-work-environment.svg\" type=\"image\/svg\"\/>\n\t\t\t\t\t\t<img decoding=\"async\" src=\"https:\/\/tanetworks.ca\/wp-content\/uploads\/2022\/04\/ic-job-work-environment.svg\">\n\t\t\t\t\t<\/picture>\n\t\t\t\t<\/div>\n\t\t\t<\/div><\/div>\n\t\t\t\t\t\t\t<div class=\"content-wrapper common-text\"><h2>Un environnement de travail flexible<\/h2>\n<\/div>\n\t\t\t\t\t\t<\/div>\n\t\t\t\t\t<\/div>\n\t\t\t\t\t\t\t\t\t<div class=\"grid-item-wrapper\">\n\t\t\t\t\t\t<div class=\"grid-item\">\n\t\t\t\t\t\t\t<div class=\"image-wrapper\"><div class=\"image image--img \">\n\t\t\t\t<div class=\"frame\">\n\t\t\t\t\t<picture>\n\t\t\t\t\t\t<source srcset=\"https:\/\/tanetworks.ca\/wp-content\/uploads\/2022\/04\/ic-job-management.svg\" type=\"image\/svg\"\/>\n\t\t\t\t\t\t<img decoding=\"async\" src=\"https:\/\/tanetworks.ca\/wp-content\/uploads\/2022\/04\/ic-job-management.svg\">\n\t\t\t\t\t<\/picture>\n\t\t\t\t<\/div>\n\t\t\t<\/div><\/div>\n\t\t\t\t\t\t\t<div class=\"content-wrapper common-text\"><h2>Une proximit\u00e9 avec les t\u00e2ches de gestion<\/h2>\n<\/div>\n\t\t\t\t\t\t<\/div>\n\t\t\t\t\t<\/div>\n\t\t\t\t\t\t\t\t\t<div class=\"grid-item-wrapper\">\n\t\t\t\t\t\t<div class=\"grid-item\">\n\t\t\t\t\t\t\t<div class=\"image-wrapper\"><div class=\"image image--img \">\n\t\t\t\t<div class=\"frame\">\n\t\t\t\t\t<picture>\n\t\t\t\t\t\t<source srcset=\"https:\/\/tanetworks.ca\/wp-content\/uploads\/2022\/04\/ic-job-opportunities.svg\" type=\"image\/svg\"\/>\n\t\t\t\t\t\t<img decoding=\"async\" src=\"https:\/\/tanetworks.ca\/wp-content\/uploads\/2022\/04\/ic-job-opportunities.svg\">\n\t\t\t\t\t<\/picture>\n\t\t\t\t<\/div>\n\t\t\t<\/div><\/div>\n\t\t\t\t\t\t\t<div class=\"content-wrapper common-text\"><h2>Des possibilit\u00e9s d\u2019apprentissage et de perfectionnement<\/h2>\n<\/div>\n\t\t\t\t\t\t<\/div>\n\t\t\t\t\t<\/div>\n\t\t\t\t\t\t\t<\/div>\n\t\t<\/div>\n\t<\/div>\n<\/section>\n\n<section id=\"block-62558fdca96a7\" class=\"block cta-box\" data-watch>\n\t<div class=\"container\">\n\t\t<div class=\"cta-box-inner\">\n\t\t\t<div class=\"left-column common-text\">\n\t\t\t\t<h2>Parlez \u00e0 un expert de R\u00e9seaux\u00a0TA d\u00e8s aujourd\u2019hui<\/h2>\n<p>Chaque entreprise est unique. C\u2019est pourquoi nous adaptons nos solutions technologiques \u00e0 votre \u00e9quipe et \u00e0 votre contexte particulier. Communiquez avec nous sans d\u00e9lai. Vous d\u00e9couvrirez comment nous pouvons vous aider \u00e0 rationaliser vos op\u00e9rations et \u00e0 augmenter la productivit\u00e9 de vos \u00e9quipes.<\/p>\n<p><a class=\"button\" href=\"https:\/\/tanetworks.ca\/fr\/contact\/\">Communiquez avec nous<\/a><\/p>\n\n\t\t\t<\/div>\n\t\t\t<div class=\"right-column\">\n\t\t\t\t<div class=\"image-wrapper\" style=\"background-image:url(https:\/\/tanetworks.ca\/wp-content\/uploads\/2022\/04\/lets-talk-about-us.jpg)\"><\/div>\n\t\t\t<\/div>\n\t\t<\/div>\n\t<\/div>\n<\/section>","protected":false},"excerpt":{"rendered":"","protected":false},"author":5,"featured_media":0,"parent":0,"menu_order":20,"comment_status":"closed","ping_status":"closed","template":"","meta":{"_acf_changed":false,"_crdt_document":"","inline_featured_image":false,"footnotes":""},"class_list":["post-894","page","type-page","status-publish","hentry"],"acf":[],"yoast_head":"<!-- This site is optimized with the Yoast SEO plugin v27.5 - https:\/\/yoast.com\/product\/yoast-seo-wordpress\/ -->\n<title>Carri\u00e8res \u2502 R\u00e9seaux\u00a0TA<\/title>\n<meta name=\"description\" content=\"Engagez-vous dans une nouvelle carri\u00e8re avec R\u00e9seaux\u00a0TA. Nous cherchons des gens de talent dans plusieurs aspects techniques des TIC. Postulez d\u00e8s aujourd\u2019hui.\" \/>\n<meta name=\"robots\" content=\"index, follow, max-snippet:-1, max-image-preview:large, max-video-preview:-1\" \/>\n<link rel=\"canonical\" href=\"https:\/\/tanetworks.ca\/careers\" \/>\n<meta property=\"og:locale\" content=\"fr_FR\" \/>\n<meta property=\"og:type\" content=\"article\" \/>\n<meta property=\"og:title\" content=\"Carri\u00e8res \u2502 R\u00e9seaux\u00a0TA\" \/>\n<meta property=\"og:description\" content=\"Engagez-vous dans une nouvelle carri\u00e8re avec R\u00e9seaux\u00a0TA. Nous cherchons des gens de talent dans plusieurs aspects techniques des TIC. Postulez d\u00e8s aujourd\u2019hui.\" \/>\n<meta property=\"og:url\" content=\"https:\/\/tanetworks.ca\/careers\" \/>\n<meta property=\"og:site_name\" content=\"TA Networks\" \/>\n<meta property=\"article:modified_time\" content=\"2022-05-05T14:21:36+00:00\" \/>\n<meta name=\"twitter:card\" content=\"summary_large_image\" \/>\n<script type=\"application\/ld+json\" class=\"yoast-schema-graph\">{\"@context\":\"https:\\\/\\\/schema.org\",\"@graph\":[{\"@type\":\"WebPage\",\"@id\":\"https:\\\/\\\/tanetworks.ca\\\/careers\",\"url\":\"https:\\\/\\\/tanetworks.ca\\\/careers\",\"name\":\"Carri\u00e8res \u2502 R\u00e9seaux\u00a0TA\",\"isPartOf\":{\"@id\":\"https:\\\/\\\/tanetworks.ca\\\/#website\"},\"datePublished\":\"2022-04-11T11:34:36+00:00\",\"dateModified\":\"2022-05-05T14:21:36+00:00\",\"description\":\"Engagez-vous dans une nouvelle carri\u00e8re avec R\u00e9seaux\u00a0TA. Nous cherchons des gens de talent dans plusieurs aspects techniques des TIC. Postulez d\u00e8s aujourd\u2019hui.\",\"breadcrumb\":{\"@id\":\"https:\\\/\\\/tanetworks.ca\\\/careers#breadcrumb\"},\"inLanguage\":\"fr-FR\",\"potentialAction\":[{\"@type\":\"ReadAction\",\"target\":[\"https:\\\/\\\/tanetworks.ca\\\/careers\"]}]},{\"@type\":\"BreadcrumbList\",\"@id\":\"https:\\\/\\\/tanetworks.ca\\\/careers#breadcrumb\",\"itemListElement\":[{\"@type\":\"ListItem\",\"position\":1,\"name\":\"Home\",\"item\":\"https:\\\/\\\/tanetworks.ca\\\/fr\"},{\"@type\":\"ListItem\",\"position\":2,\"name\":\"Carri\u00e8res\"}]},{\"@type\":\"WebSite\",\"@id\":\"https:\\\/\\\/tanetworks.ca\\\/#website\",\"url\":\"https:\\\/\\\/tanetworks.ca\\\/\",\"name\":\"tanetworks.ca\",\"description\":\"Un site utilisant WordPress\",\"publisher\":{\"@id\":\"https:\\\/\\\/tanetworks.ca\\\/#organization\"},\"potentialAction\":[{\"@type\":\"SearchAction\",\"target\":{\"@type\":\"EntryPoint\",\"urlTemplate\":\"https:\\\/\\\/tanetworks.ca\\\/?s={search_term_string}\"},\"query-input\":{\"@type\":\"PropertyValueSpecification\",\"valueRequired\":true,\"valueName\":\"search_term_string\"}}],\"inLanguage\":\"fr-FR\"},{\"@type\":\"Organization\",\"@id\":\"https:\\\/\\\/tanetworks.ca\\\/#organization\",\"name\":\"TA Networks\",\"url\":\"https:\\\/\\\/tanetworks.ca\\\/\",\"logo\":{\"@type\":\"ImageObject\",\"inLanguage\":\"fr-FR\",\"@id\":\"https:\\\/\\\/tanetworks.ca\\\/#\\\/schema\\\/logo\\\/image\\\/\",\"url\":\"https:\\\/\\\/tanetworks.ca\\\/wp-content\\\/uploads\\\/2023\\\/07\\\/Picture1.png\",\"contentUrl\":\"https:\\\/\\\/tanetworks.ca\\\/wp-content\\\/uploads\\\/2023\\\/07\\\/Picture1.png\",\"width\":143,\"height\":142,\"caption\":\"TA Networks\"},\"image\":{\"@id\":\"https:\\\/\\\/tanetworks.ca\\\/#\\\/schema\\\/logo\\\/image\\\/\"}}]}<\/script>\n<!-- \/ Yoast SEO plugin. -->","yoast_head_json":{"title":"Carri\u00e8res \u2502 R\u00e9seaux\u00a0TA","description":"Engagez-vous dans une nouvelle carri\u00e8re avec R\u00e9seaux\u00a0TA. Nous cherchons des gens de talent dans plusieurs aspects techniques des TIC. Postulez d\u00e8s aujourd\u2019hui.","robots":{"index":"index","follow":"follow","max-snippet":"max-snippet:-1","max-image-preview":"max-image-preview:large","max-video-preview":"max-video-preview:-1"},"canonical":"https:\/\/tanetworks.ca\/careers","og_locale":"fr_FR","og_type":"article","og_title":"Carri\u00e8res \u2502 R\u00e9seaux\u00a0TA","og_description":"Engagez-vous dans une nouvelle carri\u00e8re avec R\u00e9seaux\u00a0TA. Nous cherchons des gens de talent dans plusieurs aspects techniques des TIC. Postulez d\u00e8s aujourd\u2019hui.","og_url":"https:\/\/tanetworks.ca\/careers","og_site_name":"TA Networks","article_modified_time":"2022-05-05T14:21:36+00:00","twitter_card":"summary_large_image","schema":{"@context":"https:\/\/schema.org","@graph":[{"@type":"WebPage","@id":"https:\/\/tanetworks.ca\/careers","url":"https:\/\/tanetworks.ca\/careers","name":"Carri\u00e8res \u2502 R\u00e9seaux\u00a0TA","isPartOf":{"@id":"https:\/\/tanetworks.ca\/#website"},"datePublished":"2022-04-11T11:34:36+00:00","dateModified":"2022-05-05T14:21:36+00:00","description":"Engagez-vous dans une nouvelle carri\u00e8re avec R\u00e9seaux\u00a0TA. Nous cherchons des gens de talent dans plusieurs aspects techniques des TIC. Postulez d\u00e8s aujourd\u2019hui.","breadcrumb":{"@id":"https:\/\/tanetworks.ca\/careers#breadcrumb"},"inLanguage":"fr-FR","potentialAction":[{"@type":"ReadAction","target":["https:\/\/tanetworks.ca\/careers"]}]},{"@type":"BreadcrumbList","@id":"https:\/\/tanetworks.ca\/careers#breadcrumb","itemListElement":[{"@type":"ListItem","position":1,"name":"Home","item":"https:\/\/tanetworks.ca\/fr"},{"@type":"ListItem","position":2,"name":"Carri\u00e8res"}]},{"@type":"WebSite","@id":"https:\/\/tanetworks.ca\/#website","url":"https:\/\/tanetworks.ca\/","name":"tanetworks.ca","description":"Un site utilisant WordPress","publisher":{"@id":"https:\/\/tanetworks.ca\/#organization"},"potentialAction":[{"@type":"SearchAction","target":{"@type":"EntryPoint","urlTemplate":"https:\/\/tanetworks.ca\/?s={search_term_string}"},"query-input":{"@type":"PropertyValueSpecification","valueRequired":true,"valueName":"search_term_string"}}],"inLanguage":"fr-FR"},{"@type":"Organization","@id":"https:\/\/tanetworks.ca\/#organization","name":"TA Networks","url":"https:\/\/tanetworks.ca\/","logo":{"@type":"ImageObject","inLanguage":"fr-FR","@id":"https:\/\/tanetworks.ca\/#\/schema\/logo\/image\/","url":"https:\/\/tanetworks.ca\/wp-content\/uploads\/2023\/07\/Picture1.png","contentUrl":"https:\/\/tanetworks.ca\/wp-content\/uploads\/2023\/07\/Picture1.png","width":143,"height":142,"caption":"TA Networks"},"image":{"@id":"https:\/\/tanetworks.ca\/#\/schema\/logo\/image\/"}}]}},"_links":{"self":[{"href":"https:\/\/tanetworks.ca\/fr\/wp-json\/wp\/v2\/pages\/894","targetHints":{"allow":["GET"]}}],"collection":[{"href":"https:\/\/tanetworks.ca\/fr\/wp-json\/wp\/v2\/pages"}],"about":[{"href":"https:\/\/tanetworks.ca\/fr\/wp-json\/wp\/v2\/types\/page"}],"author":[{"embeddable":true,"href":"https:\/\/tanetworks.ca\/fr\/wp-json\/wp\/v2\/users\/5"}],"replies":[{"embeddable":true,"href":"https:\/\/tanetworks.ca\/fr\/wp-json\/wp\/v2\/comments?post=894"}],"version-history":[{"count":7,"href":"https:\/\/tanetworks.ca\/fr\/wp-json\/wp\/v2\/pages\/894\/revisions"}],"predecessor-version":[{"id":1042,"href":"https:\/\/tanetworks.ca\/fr\/wp-json\/wp\/v2\/pages\/894\/revisions\/1042"}],"wp:attachment":[{"href":"https:\/\/tanetworks.ca\/fr\/wp-json\/wp\/v2\/media?parent=894"}],"curies":[{"name":"wp","href":"https:\/\/api.w.org\/{rel}","templated":true}]}}