{"id":890,"date":"2022-04-11T11:34:27","date_gmt":"2022-04-11T11:34:27","guid":{"rendered":"https:\/\/tanetworks.ca\/partners\/"},"modified":"2022-05-05T14:20:54","modified_gmt":"2022-05-05T14:20:54","slug":"partenaires","status":"publish","type":"page","link":"https:\/\/tanetworks.ca\/fr\/partenaires","title":{"rendered":"Partenaires"},"content":{"rendered":"<section id=\"block-625589e14e86e\" class=\"block header-secondary\" data-watch>\n\t<div class=\"container\">\n\t\t<div class=\"header-secondary-inner\"><h1>Notre r\u00e9seau<br \/>\nde partenaires<span class=\"highlight\">.<\/span><\/h1>\n<\/div>\n\t<\/div>\n<\/section>\n\n<section id=\"block-625589ff4e86f\" class=\"block content-simple block__spacing-top-100 block__spacing-bottom-100\" data-watch>\n\t<div class=\"container\">\n\t\t<div class=\"content-simple-inner common-text\">\n\t\t\t<h2>Des partenaires d\u00e9di\u00e9s \u00e0 votre strat\u00e9gie de TIC<\/h2>\n<p>La collaboration est une partie int\u00e9grante de l\u2019ADN de R\u00e9seaux\u00a0TA. Nous encourageons une collaboration transparente et honn\u00eate avec nos partenaires, afin que nos clients puissent transformer leurs fa\u00e7ons de communiquer et d\u2019entrer en contact.<\/p>\n\n\t\t<\/div>\n\t<\/div>\n<\/section>\n\n<section id=\"block-62558a184e870\" class=\"block grid-partners\" data-watch>\n\t<div class=\"container\">\n\t\t<div class=\"grid-partners-animation-wrapper\">\n\t\t\t\t\t\t\t<h2 class=\"title-wrapper\">Nos partenaires<\/h2>\n\t\t\t\t\t\t<div class=\"grid-partners-inner\">\n\t\t\t\t\t\t\t\t\t<div class=\"grid-partner-item\">\n\t\t\t\t\t\t<div class=\"grid-partner-item-inner\">\n\t\t\t\t\t\t\t<div class=\"image-wrapper\"><img decoding=\"async\" src=\"https:\/\/tanetworks.ca\/wp-content\/uploads\/2022\/04\/logos-partenaires-avaya-bleu.jpg\" alt=\"\"><\/div>\n\t\t\t\t\t\t<\/div>\n\t\t\t\t\t<\/div>\n\t\t\t\t\t\t\t\t\t<div class=\"grid-partner-item\">\n\t\t\t\t\t\t<div class=\"grid-partner-item-inner\">\n\t\t\t\t\t\t\t<div class=\"image-wrapper\"><img decoding=\"async\" src=\"https:\/\/tanetworks.ca\/wp-content\/uploads\/2022\/04\/logos-partenaires-fortinet-bleu.jpg\" alt=\"\"><\/div>\n\t\t\t\t\t\t<\/div>\n\t\t\t\t\t<\/div>\n\t\t\t\t\t\t\t\t\t<div class=\"grid-partner-item\">\n\t\t\t\t\t\t<div class=\"grid-partner-item-inner\">\n\t\t\t\t\t\t\t<div class=\"image-wrapper\"><img decoding=\"async\" src=\"https:\/\/tanetworks.ca\/wp-content\/uploads\/2022\/04\/logos-partenaires-HP-bleu.jpg\" alt=\"\"><\/div>\n\t\t\t\t\t\t<\/div>\n\t\t\t\t\t<\/div>\n\t\t\t\t\t\t\t\t\t<div class=\"grid-partner-item\">\n\t\t\t\t\t\t<div class=\"grid-partner-item-inner\">\n\t\t\t\t\t\t\t<div class=\"image-wrapper\"><img decoding=\"async\" src=\"https:\/\/tanetworks.ca\/wp-content\/uploads\/2022\/04\/logos-partenaires-lenovo-bleu.jpg\" alt=\"\"><\/div>\n\t\t\t\t\t\t<\/div>\n\t\t\t\t\t<\/div>\n\t\t\t\t\t\t\t\t\t<div class=\"grid-partner-item\">\n\t\t\t\t\t\t<div class=\"grid-partner-item-inner\">\n\t\t\t\t\t\t\t<div class=\"image-wrapper\"><img decoding=\"async\" src=\"https:\/\/tanetworks.ca\/wp-content\/uploads\/2022\/04\/logos-partenaires-microsoft-bleu.jpg\" alt=\"\"><\/div>\n\t\t\t\t\t\t<\/div>\n\t\t\t\t\t<\/div>\n\t\t\t\t\t\t\t\t\t<div class=\"grid-partner-item\">\n\t\t\t\t\t\t<div class=\"grid-partner-item-inner\">\n\t\t\t\t\t\t\t<div class=\"image-wrapper\"><img decoding=\"async\" src=\"https:\/\/tanetworks.ca\/wp-content\/uploads\/2022\/04\/logos-partenaires-mitel-bleu.jpg\" alt=\"\"><\/div>\n\t\t\t\t\t\t<\/div>\n\t\t\t\t\t<\/div>\n\t\t\t\t\t\t\t\t\t<div class=\"grid-partner-item\">\n\t\t\t\t\t\t<div class=\"grid-partner-item-inner\">\n\t\t\t\t\t\t\t<div class=\"image-wrapper\"><img decoding=\"async\" src=\"https:\/\/tanetworks.ca\/wp-content\/uploads\/2022\/04\/logos-partenaires-netsapiens-bleu.jpg\" alt=\"\"><\/div>\n\t\t\t\t\t\t<\/div>\n\t\t\t\t\t<\/div>\n\t\t\t\t\t\t\t<\/div>\n\t\t<\/div>\n\t<\/div>\n<\/section>\n\n\t<section id=\"block-62558adccb8dc\" class=\"block presentation-clients\" data-watch>\n\t\t<div class=\"container\">\n\t\t\t<div class=\"presentation-clients-outer\">\n\t\t\t\t<div class=\"title-wrapper\">\n\t\t\t\t\t<h2>Clients qui font confiance \u00e0 R\u00e9seaux\u00a0TA<\/h2>\n\t\t\t\t<\/div>\n\t\t\t\t<div class=\"presentation-clients-inner\">\n\t\t\t\t\t\t\t\t\t\t\t<div class=\"presentation-client-item\">\n\t\t\t\t\t\t\t<img decoding=\"async\" src=\"https:\/\/tanetworks.ca\/wp-content\/uploads\/2022\/04\/logos-clients-brockville-general-hospital-bleu.jpg\" alt=\"\">\n\t\t\t\t\t\t<\/div>\n\t\t\t\t\t\t\t\t\t\t\t<div class=\"presentation-client-item\">\n\t\t\t\t\t\t\t<img decoding=\"async\" src=\"https:\/\/tanetworks.ca\/wp-content\/uploads\/2022\/04\/logos-clients-granite-club-bleu.jpg\" alt=\"\">\n\t\t\t\t\t\t<\/div>\n\t\t\t\t\t\t\t\t\t\t\t<div class=\"presentation-client-item\">\n\t\t\t\t\t\t\t<img decoding=\"async\" src=\"https:\/\/tanetworks.ca\/wp-content\/uploads\/2022\/04\/logos-clients-bcu-bleu.jpg\" alt=\"\">\n\t\t\t\t\t\t<\/div>\n\t\t\t\t\t\t\t\t\t\t\t<div class=\"presentation-client-item\">\n\t\t\t\t\t\t\t<img decoding=\"async\" src=\"https:\/\/tanetworks.ca\/wp-content\/uploads\/2022\/04\/logos-clients-ppg-paints-bleu.jpg\" alt=\"\">\n\t\t\t\t\t\t<\/div>\n\t\t\t\t\t\t\t\t\t\t\t<div class=\"presentation-client-item\">\n\t\t\t\t\t\t\t<img decoding=\"async\" src=\"https:\/\/tanetworks.ca\/wp-content\/uploads\/2022\/04\/logos-clients-the-beer-store-bleu.jpg\" alt=\"\">\n\t\t\t\t\t\t<\/div>\n\t\t\t\t\t\t\t\t\t\t\t<div class=\"presentation-client-item\">\n\t\t\t\t\t\t\t<img decoding=\"async\" src=\"https:\/\/tanetworks.ca\/wp-content\/uploads\/2022\/04\/logos-clients-sunray-group-bleu.jpg\" alt=\"\">\n\t\t\t\t\t\t<\/div>\n\t\t\t\t\t\t\t\t\t<\/div>\n\t\t\t<\/div>\n\t\t<\/div>\n\t<\/section>\n\n\n<section id=\"block-62558ae6cb8dd\" class=\"block cta-box\" data-watch>\n\t<div class=\"container\">\n\t\t<div class=\"cta-box-inner\">\n\t\t\t<div class=\"left-column common-text\">\n\t\t\t\t<h2>Parlez \u00e0 un expert de R\u00e9seaux\u00a0TA d\u00e8s aujourd\u2019hui<\/h2>\n<p>Chaque entreprise est unique. C\u2019est pourquoi nous adaptons nos solutions technologiques \u00e0 votre \u00e9quipe et \u00e0 votre contexte particulier. Communiquez avec nous sans d\u00e9lai. Vous d\u00e9couvrirez comment nous pouvons vous aider \u00e0 rationaliser vos op\u00e9rations et \u00e0 augmenter la productivit\u00e9 de vos \u00e9quipes.<\/p>\n<p><a class=\"button\" href=\"https:\/\/tanetworks.ca\/fr\/contact\/\">Communiquez avec nous<\/a><\/p>\n\n\t\t\t<\/div>\n\t\t\t<div class=\"right-column\">\n\t\t\t\t<div class=\"image-wrapper\" style=\"background-image:url(https:\/\/tanetworks.ca\/wp-content\/uploads\/2022\/04\/lets-talk-about-us.jpg)\"><\/div>\n\t\t\t<\/div>\n\t\t<\/div>\n\t<\/div>\n<\/section>","protected":false},"excerpt":{"rendered":"","protected":false},"author":5,"featured_media":0,"parent":0,"menu_order":22,"comment_status":"closed","ping_status":"closed","template":"","meta":{"_acf_changed":false,"_crdt_document":"","inline_featured_image":false,"footnotes":""},"class_list":["post-890","page","type-page","status-publish","hentry"],"acf":[],"yoast_head":"<!-- This site is optimized with the Yoast SEO plugin v27.5 - https:\/\/yoast.com\/product\/yoast-seo-wordpress\/ -->\n<title>Partenaires \u2502 R\u00e9seaux\u00a0TA<\/title>\n<meta name=\"description\" content=\"R\u00e9seaux\u00a0TA travaille avec des marques et des partenaires de choix pour vous fournir des solutions de TIC optimis\u00e9es selon vos besoins. Appelez nos experts.\" \/>\n<meta name=\"robots\" content=\"index, follow, max-snippet:-1, max-image-preview:large, max-video-preview:-1\" \/>\n<link rel=\"canonical\" href=\"https:\/\/tanetworks.ca\/partners\" \/>\n<meta property=\"og:locale\" content=\"fr_FR\" \/>\n<meta property=\"og:type\" content=\"article\" \/>\n<meta property=\"og:title\" content=\"Partenaires \u2502 R\u00e9seaux\u00a0TA\" \/>\n<meta property=\"og:description\" content=\"R\u00e9seaux\u00a0TA travaille avec des marques et des partenaires de choix pour vous fournir des solutions de TIC optimis\u00e9es selon vos besoins. Appelez nos experts.\" \/>\n<meta property=\"og:url\" content=\"https:\/\/tanetworks.ca\/partners\" \/>\n<meta property=\"og:site_name\" content=\"TA Networks\" \/>\n<meta property=\"article:modified_time\" content=\"2022-05-05T14:20:54+00:00\" \/>\n<meta name=\"twitter:card\" content=\"summary_large_image\" \/>\n<script type=\"application\/ld+json\" class=\"yoast-schema-graph\">{\"@context\":\"https:\\\/\\\/schema.org\",\"@graph\":[{\"@type\":\"WebPage\",\"@id\":\"https:\\\/\\\/tanetworks.ca\\\/partners\",\"url\":\"https:\\\/\\\/tanetworks.ca\\\/partners\",\"name\":\"Partenaires \u2502 R\u00e9seaux\u00a0TA\",\"isPartOf\":{\"@id\":\"https:\\\/\\\/tanetworks.ca\\\/#website\"},\"datePublished\":\"2022-04-11T11:34:27+00:00\",\"dateModified\":\"2022-05-05T14:20:54+00:00\",\"description\":\"R\u00e9seaux\u00a0TA travaille avec des marques et des partenaires de choix pour vous fournir des solutions de TIC optimis\u00e9es selon vos besoins. Appelez nos experts.\",\"breadcrumb\":{\"@id\":\"https:\\\/\\\/tanetworks.ca\\\/partners#breadcrumb\"},\"inLanguage\":\"fr-FR\",\"potentialAction\":[{\"@type\":\"ReadAction\",\"target\":[\"https:\\\/\\\/tanetworks.ca\\\/partners\"]}]},{\"@type\":\"BreadcrumbList\",\"@id\":\"https:\\\/\\\/tanetworks.ca\\\/partners#breadcrumb\",\"itemListElement\":[{\"@type\":\"ListItem\",\"position\":1,\"name\":\"Home\",\"item\":\"https:\\\/\\\/tanetworks.ca\\\/fr\"},{\"@type\":\"ListItem\",\"position\":2,\"name\":\"Partenaires\"}]},{\"@type\":\"WebSite\",\"@id\":\"https:\\\/\\\/tanetworks.ca\\\/#website\",\"url\":\"https:\\\/\\\/tanetworks.ca\\\/\",\"name\":\"tanetworks.ca\",\"description\":\"Un site utilisant WordPress\",\"publisher\":{\"@id\":\"https:\\\/\\\/tanetworks.ca\\\/#organization\"},\"potentialAction\":[{\"@type\":\"SearchAction\",\"target\":{\"@type\":\"EntryPoint\",\"urlTemplate\":\"https:\\\/\\\/tanetworks.ca\\\/?s={search_term_string}\"},\"query-input\":{\"@type\":\"PropertyValueSpecification\",\"valueRequired\":true,\"valueName\":\"search_term_string\"}}],\"inLanguage\":\"fr-FR\"},{\"@type\":\"Organization\",\"@id\":\"https:\\\/\\\/tanetworks.ca\\\/#organization\",\"name\":\"TA Networks\",\"url\":\"https:\\\/\\\/tanetworks.ca\\\/\",\"logo\":{\"@type\":\"ImageObject\",\"inLanguage\":\"fr-FR\",\"@id\":\"https:\\\/\\\/tanetworks.ca\\\/#\\\/schema\\\/logo\\\/image\\\/\",\"url\":\"https:\\\/\\\/tanetworks.ca\\\/wp-content\\\/uploads\\\/2023\\\/07\\\/Picture1.png\",\"contentUrl\":\"https:\\\/\\\/tanetworks.ca\\\/wp-content\\\/uploads\\\/2023\\\/07\\\/Picture1.png\",\"width\":143,\"height\":142,\"caption\":\"TA Networks\"},\"image\":{\"@id\":\"https:\\\/\\\/tanetworks.ca\\\/#\\\/schema\\\/logo\\\/image\\\/\"}}]}<\/script>\n<!-- \/ Yoast SEO plugin. -->","yoast_head_json":{"title":"Partenaires \u2502 R\u00e9seaux\u00a0TA","description":"R\u00e9seaux\u00a0TA travaille avec des marques et des partenaires de choix pour vous fournir des solutions de TIC optimis\u00e9es selon vos besoins. Appelez nos experts.","robots":{"index":"index","follow":"follow","max-snippet":"max-snippet:-1","max-image-preview":"max-image-preview:large","max-video-preview":"max-video-preview:-1"},"canonical":"https:\/\/tanetworks.ca\/partners","og_locale":"fr_FR","og_type":"article","og_title":"Partenaires \u2502 R\u00e9seaux\u00a0TA","og_description":"R\u00e9seaux\u00a0TA travaille avec des marques et des partenaires de choix pour vous fournir des solutions de TIC optimis\u00e9es selon vos besoins. Appelez nos experts.","og_url":"https:\/\/tanetworks.ca\/partners","og_site_name":"TA Networks","article_modified_time":"2022-05-05T14:20:54+00:00","twitter_card":"summary_large_image","schema":{"@context":"https:\/\/schema.org","@graph":[{"@type":"WebPage","@id":"https:\/\/tanetworks.ca\/partners","url":"https:\/\/tanetworks.ca\/partners","name":"Partenaires \u2502 R\u00e9seaux\u00a0TA","isPartOf":{"@id":"https:\/\/tanetworks.ca\/#website"},"datePublished":"2022-04-11T11:34:27+00:00","dateModified":"2022-05-05T14:20:54+00:00","description":"R\u00e9seaux\u00a0TA travaille avec des marques et des partenaires de choix pour vous fournir des solutions de TIC optimis\u00e9es selon vos besoins. Appelez nos experts.","breadcrumb":{"@id":"https:\/\/tanetworks.ca\/partners#breadcrumb"},"inLanguage":"fr-FR","potentialAction":[{"@type":"ReadAction","target":["https:\/\/tanetworks.ca\/partners"]}]},{"@type":"BreadcrumbList","@id":"https:\/\/tanetworks.ca\/partners#breadcrumb","itemListElement":[{"@type":"ListItem","position":1,"name":"Home","item":"https:\/\/tanetworks.ca\/fr"},{"@type":"ListItem","position":2,"name":"Partenaires"}]},{"@type":"WebSite","@id":"https:\/\/tanetworks.ca\/#website","url":"https:\/\/tanetworks.ca\/","name":"tanetworks.ca","description":"Un site utilisant WordPress","publisher":{"@id":"https:\/\/tanetworks.ca\/#organization"},"potentialAction":[{"@type":"SearchAction","target":{"@type":"EntryPoint","urlTemplate":"https:\/\/tanetworks.ca\/?s={search_term_string}"},"query-input":{"@type":"PropertyValueSpecification","valueRequired":true,"valueName":"search_term_string"}}],"inLanguage":"fr-FR"},{"@type":"Organization","@id":"https:\/\/tanetworks.ca\/#organization","name":"TA Networks","url":"https:\/\/tanetworks.ca\/","logo":{"@type":"ImageObject","inLanguage":"fr-FR","@id":"https:\/\/tanetworks.ca\/#\/schema\/logo\/image\/","url":"https:\/\/tanetworks.ca\/wp-content\/uploads\/2023\/07\/Picture1.png","contentUrl":"https:\/\/tanetworks.ca\/wp-content\/uploads\/2023\/07\/Picture1.png","width":143,"height":142,"caption":"TA Networks"},"image":{"@id":"https:\/\/tanetworks.ca\/#\/schema\/logo\/image\/"}}]}},"_links":{"self":[{"href":"https:\/\/tanetworks.ca\/fr\/wp-json\/wp\/v2\/pages\/890","targetHints":{"allow":["GET"]}}],"collection":[{"href":"https:\/\/tanetworks.ca\/fr\/wp-json\/wp\/v2\/pages"}],"about":[{"href":"https:\/\/tanetworks.ca\/fr\/wp-json\/wp\/v2\/types\/page"}],"author":[{"embeddable":true,"href":"https:\/\/tanetworks.ca\/fr\/wp-json\/wp\/v2\/users\/5"}],"replies":[{"embeddable":true,"href":"https:\/\/tanetworks.ca\/fr\/wp-json\/wp\/v2\/comments?post=890"}],"version-history":[{"count":8,"href":"https:\/\/tanetworks.ca\/fr\/wp-json\/wp\/v2\/pages\/890\/revisions"}],"predecessor-version":[{"id":1039,"href":"https:\/\/tanetworks.ca\/fr\/wp-json\/wp\/v2\/pages\/890\/revisions\/1039"}],"wp:attachment":[{"href":"https:\/\/tanetworks.ca\/fr\/wp-json\/wp\/v2\/media?parent=890"}],"curies":[{"name":"wp","href":"https:\/\/api.w.org\/{rel}","templated":true}]}}