{"id":878,"date":"2022-04-11T11:33:56","date_gmt":"2022-04-11T11:33:56","guid":{"rendered":"https:\/\/tanetworks.ca\/industries\/"},"modified":"2022-05-05T14:19:24","modified_gmt":"2022-05-05T14:19:24","slug":"industries","status":"publish","type":"page","link":"https:\/\/tanetworks.ca\/fr\/a-propos\/industries","title":{"rendered":"Industries"},"content":{"rendered":"<section id=\"block-625578af3b45f\" class=\"block header-secondary\" data-watch>\n\t<div class=\"container\">\n\t\t<div class=\"header-secondary-inner\"><h1>La fine fleur du<br \/>\nsavoir-faire informatique<span class=\"highlight\">.<\/span><\/h1>\n<\/div>\n\t<\/div>\n<\/section>\n\n<section id=\"block-625578d43b460\" class=\"block content-simple block__spacing-top-100 block__spacing-bottom-125\" data-watch>\n\t<div class=\"container\">\n\t\t<div class=\"content-simple-inner common-text\">\n\t\t\t<h2>Des services infonuagiques, informatiques g\u00e9r\u00e9s et en TIC propres \u00e0 chaque secteur d\u2019activit\u00e9<\/h2>\n<p>R\u00e9seaux\u00a0TA d\u00e9ploie son expertise dans un contexte d\u2019\u00e9volution rapide qui touche \u00e0 la fois les secteurs traditionnels et les secteurs \u00e9mergents. Forts de notre approche de partenariat, nous d\u00e9veloppons des solutions conjointes pour des entreprises de toutes tailles, de 10 \u00e0 10\u00a0000\u00a0utilisateurs.<\/p>\n\n\t\t<\/div>\n\t<\/div>\n<\/section>\n\n<section id=\"block-6255790a3b461\" class=\"block grid-image-text grid-image-text__layout-3-col block__spacing-top-0 block__spacing-bottom-0\" data-watch>\n\t<div class=\"container\">\n\t\t<div class=\"grid-image-text-inner\">\n\t\t\t\t\t\t\t<h2 class=\"title-wrapper\">Notre expertise sectorielle<\/h2>\n\t\t\t\t\t\t<div class=\"items-wrapper\">\n\t\t\t\t\t\t\t\t\t<div class=\"grid-item-wrapper\">\n\t\t\t\t\t\t<div class=\"grid-item\">\n\t\t\t\t\t\t\t<div class=\"image-wrapper\"><div class=\"image image--img \">\n\t\t\t\t<div class=\"frame\">\n\t\t\t\t\t<picture>\n\t\t\t\t\t\t<source srcset=\"https:\/\/tanetworks.ca\/wp-content\/uploads\/2022\/04\/ic-industry-healthcare.svg\" type=\"image\/svg\"\/>\n\t\t\t\t\t\t<img decoding=\"async\" src=\"https:\/\/tanetworks.ca\/wp-content\/uploads\/2022\/04\/ic-industry-healthcare.svg\">\n\t\t\t\t\t<\/picture>\n\t\t\t\t<\/div>\n\t\t\t<\/div><\/div>\n\t\t\t\t\t\t\t<div class=\"content-wrapper common-text\"><h2>Soins de sant\u00e9<\/h2>\n<\/div>\n\t\t\t\t\t\t<\/div>\n\t\t\t\t\t<\/div>\n\t\t\t\t\t\t\t\t\t<div class=\"grid-item-wrapper\">\n\t\t\t\t\t\t<div class=\"grid-item\">\n\t\t\t\t\t\t\t<div class=\"image-wrapper\"><div class=\"image image--img \">\n\t\t\t\t<div class=\"frame\">\n\t\t\t\t\t<picture>\n\t\t\t\t\t\t<source srcset=\"https:\/\/tanetworks.ca\/wp-content\/uploads\/2022\/04\/ic-industry-manufacturing.svg\" type=\"image\/svg\"\/>\n\t\t\t\t\t\t<img decoding=\"async\" src=\"https:\/\/tanetworks.ca\/wp-content\/uploads\/2022\/04\/ic-industry-manufacturing.svg\">\n\t\t\t\t\t<\/picture>\n\t\t\t\t<\/div>\n\t\t\t<\/div><\/div>\n\t\t\t\t\t\t\t<div class=\"content-wrapper common-text\"><h2>Fabrication<\/h2>\n<\/div>\n\t\t\t\t\t\t<\/div>\n\t\t\t\t\t<\/div>\n\t\t\t\t\t\t\t\t\t<div class=\"grid-item-wrapper\">\n\t\t\t\t\t\t<div class=\"grid-item\">\n\t\t\t\t\t\t\t<div class=\"image-wrapper\"><div class=\"image image--img \">\n\t\t\t\t<div class=\"frame\">\n\t\t\t\t\t<picture>\n\t\t\t\t\t\t<source srcset=\"https:\/\/tanetworks.ca\/wp-content\/uploads\/2022\/04\/ic-industry-retail.svg\" type=\"image\/svg\"\/>\n\t\t\t\t\t\t<img decoding=\"async\" src=\"https:\/\/tanetworks.ca\/wp-content\/uploads\/2022\/04\/ic-industry-retail.svg\">\n\t\t\t\t\t<\/picture>\n\t\t\t\t<\/div>\n\t\t\t<\/div><\/div>\n\t\t\t\t\t\t\t<div class=\"content-wrapper common-text\"><h2>Vente au d\u00e9tail<\/h2>\n<\/div>\n\t\t\t\t\t\t<\/div>\n\t\t\t\t\t<\/div>\n\t\t\t\t\t\t\t\t\t<div class=\"grid-item-wrapper\">\n\t\t\t\t\t\t<div class=\"grid-item\">\n\t\t\t\t\t\t\t<div class=\"image-wrapper\"><div class=\"image image--img \">\n\t\t\t\t<div class=\"frame\">\n\t\t\t\t\t<picture>\n\t\t\t\t\t\t<source srcset=\"https:\/\/tanetworks.ca\/wp-content\/uploads\/2022\/04\/ic-industry-hospitality.svg\" type=\"image\/svg\"\/>\n\t\t\t\t\t\t<img decoding=\"async\" src=\"https:\/\/tanetworks.ca\/wp-content\/uploads\/2022\/04\/ic-industry-hospitality.svg\">\n\t\t\t\t\t<\/picture>\n\t\t\t\t<\/div>\n\t\t\t<\/div><\/div>\n\t\t\t\t\t\t\t<div class=\"content-wrapper common-text\"><h2>H\u00e9bergement<\/h2>\n<\/div>\n\t\t\t\t\t\t<\/div>\n\t\t\t\t\t<\/div>\n\t\t\t\t\t\t\t\t\t<div class=\"grid-item-wrapper\">\n\t\t\t\t\t\t<div class=\"grid-item\">\n\t\t\t\t\t\t\t<div class=\"image-wrapper\"><div class=\"image image--img \">\n\t\t\t\t<div class=\"frame\">\n\t\t\t\t\t<picture>\n\t\t\t\t\t\t<source srcset=\"https:\/\/tanetworks.ca\/wp-content\/uploads\/2022\/04\/ic-industry-construction.svg\" type=\"image\/svg\"\/>\n\t\t\t\t\t\t<img decoding=\"async\" src=\"https:\/\/tanetworks.ca\/wp-content\/uploads\/2022\/04\/ic-industry-construction.svg\">\n\t\t\t\t\t<\/picture>\n\t\t\t\t<\/div>\n\t\t\t<\/div><\/div>\n\t\t\t\t\t\t\t<div class=\"content-wrapper common-text\"><h2>Construction<\/h2>\n<\/div>\n\t\t\t\t\t\t<\/div>\n\t\t\t\t\t<\/div>\n\t\t\t\t\t\t\t\t\t<div class=\"grid-item-wrapper\">\n\t\t\t\t\t\t<div class=\"grid-item\">\n\t\t\t\t\t\t\t<div class=\"image-wrapper\"><div class=\"image image--img \">\n\t\t\t\t<div class=\"frame\">\n\t\t\t\t\t<picture>\n\t\t\t\t\t\t<source srcset=\"https:\/\/tanetworks.ca\/wp-content\/uploads\/2022\/04\/ic-industry-property-management.svg\" type=\"image\/svg\"\/>\n\t\t\t\t\t\t<img decoding=\"async\" src=\"https:\/\/tanetworks.ca\/wp-content\/uploads\/2022\/04\/ic-industry-property-management.svg\">\n\t\t\t\t\t<\/picture>\n\t\t\t\t<\/div>\n\t\t\t<\/div><\/div>\n\t\t\t\t\t\t\t<div class=\"content-wrapper common-text\"><h2>Gestion immobili\u00e8re<\/h2>\n<\/div>\n\t\t\t\t\t\t<\/div>\n\t\t\t\t\t<\/div>\n\t\t\t\t\t\t\t\t\t<div class=\"grid-item-wrapper\">\n\t\t\t\t\t\t<div class=\"grid-item\">\n\t\t\t\t\t\t\t<div class=\"image-wrapper\"><div class=\"image image--img \">\n\t\t\t\t<div class=\"frame\">\n\t\t\t\t\t<picture>\n\t\t\t\t\t\t<source srcset=\"https:\/\/tanetworks.ca\/wp-content\/uploads\/2022\/04\/ic-industry-education.svg\" type=\"image\/svg\"\/>\n\t\t\t\t\t\t<img decoding=\"async\" src=\"https:\/\/tanetworks.ca\/wp-content\/uploads\/2022\/04\/ic-industry-education.svg\">\n\t\t\t\t\t<\/picture>\n\t\t\t\t<\/div>\n\t\t\t<\/div><\/div>\n\t\t\t\t\t\t\t<div class=\"content-wrapper common-text\"><h2>\u00c9ducation<\/h2>\n<\/div>\n\t\t\t\t\t\t<\/div>\n\t\t\t\t\t<\/div>\n\t\t\t\t\t\t\t\t\t<div class=\"grid-item-wrapper\">\n\t\t\t\t\t\t<div class=\"grid-item\">\n\t\t\t\t\t\t\t<div class=\"image-wrapper\"><div class=\"image image--img \">\n\t\t\t\t<div class=\"frame\">\n\t\t\t\t\t<picture>\n\t\t\t\t\t\t<source srcset=\"https:\/\/tanetworks.ca\/wp-content\/uploads\/2022\/04\/ic-industry-egovernment.svg\" type=\"image\/svg\"\/>\n\t\t\t\t\t\t<img decoding=\"async\" src=\"https:\/\/tanetworks.ca\/wp-content\/uploads\/2022\/04\/ic-industry-egovernment.svg\">\n\t\t\t\t\t<\/picture>\n\t\t\t\t<\/div>\n\t\t\t<\/div><\/div>\n\t\t\t\t\t\t\t<div class=\"content-wrapper common-text\"><h2>Gouvernement<\/h2>\n<\/div>\n\t\t\t\t\t\t<\/div>\n\t\t\t\t\t<\/div>\n\t\t\t\t\t\t\t<\/div>\n\t\t<\/div>\n\t<\/div>\n<\/section>\n\n\t<section id=\"block-62557d973b46a\" class=\"block presentation-clients\" data-watch>\n\t\t<div class=\"container\">\n\t\t\t<div class=\"presentation-clients-outer\">\n\t\t\t\t<div class=\"title-wrapper\">\n\t\t\t\t\t<h2>Clients qui font confiance \u00e0 R\u00e9seaux\u00a0TA<\/h2>\n\t\t\t\t<\/div>\n\t\t\t\t<div class=\"presentation-clients-inner\">\n\t\t\t\t\t\t\t\t\t\t\t<div class=\"presentation-client-item\">\n\t\t\t\t\t\t\t<img decoding=\"async\" src=\"https:\/\/tanetworks.ca\/wp-content\/uploads\/2022\/04\/logos-clients-brockville-general-hospital-bleu.jpg\" alt=\"\">\n\t\t\t\t\t\t<\/div>\n\t\t\t\t\t\t\t\t\t\t\t<div class=\"presentation-client-item\">\n\t\t\t\t\t\t\t<img decoding=\"async\" src=\"https:\/\/tanetworks.ca\/wp-content\/uploads\/2022\/04\/logos-clients-granite-club-bleu.jpg\" alt=\"\">\n\t\t\t\t\t\t<\/div>\n\t\t\t\t\t\t\t\t\t\t\t<div class=\"presentation-client-item\">\n\t\t\t\t\t\t\t<img decoding=\"async\" src=\"https:\/\/tanetworks.ca\/wp-content\/uploads\/2022\/04\/logos-clients-bcu-bleu.jpg\" alt=\"\">\n\t\t\t\t\t\t<\/div>\n\t\t\t\t\t\t\t\t\t\t\t<div class=\"presentation-client-item\">\n\t\t\t\t\t\t\t<img decoding=\"async\" src=\"https:\/\/tanetworks.ca\/wp-content\/uploads\/2022\/04\/logos-clients-ppg-paints-bleu.jpg\" alt=\"\">\n\t\t\t\t\t\t<\/div>\n\t\t\t\t\t\t\t\t\t\t\t<div class=\"presentation-client-item\">\n\t\t\t\t\t\t\t<img decoding=\"async\" src=\"https:\/\/tanetworks.ca\/wp-content\/uploads\/2022\/04\/logos-clients-the-beer-store-bleu.jpg\" alt=\"\">\n\t\t\t\t\t\t<\/div>\n\t\t\t\t\t\t\t\t\t\t\t<div class=\"presentation-client-item\">\n\t\t\t\t\t\t\t<img decoding=\"async\" src=\"https:\/\/tanetworks.ca\/wp-content\/uploads\/2022\/04\/logos-clients-sunray-group-bleu.jpg\" alt=\"\">\n\t\t\t\t\t\t<\/div>\n\t\t\t\t\t\t\t\t\t<\/div>\n\t\t\t<\/div>\n\t\t<\/div>\n\t<\/section>\n\n\n<section id=\"block-62557da03b46b\" class=\"block cta-box\" data-watch>\n\t<div class=\"container\">\n\t\t<div class=\"cta-box-inner\">\n\t\t\t<div class=\"left-column common-text\">\n\t\t\t\t<h2>Parlez \u00e0 un expert de R\u00e9seaux\u00a0TA d\u00e8s aujourd\u2019hui<\/h2>\n<p>Chaque entreprise est unique. C\u2019est pourquoi nous adaptons nos solutions technologiques \u00e0 votre \u00e9quipe et \u00e0 votre contexte particulier. Communiquez avec nous sans d\u00e9lai. Vous d\u00e9couvrirez comment nous pouvons vous aider \u00e0 rationaliser vos op\u00e9rations et \u00e0 augmenter la productivit\u00e9 de vos \u00e9quipes.<\/p>\n<p><a class=\"button\" href=\"https:\/\/tanetworks.ca\/fr\/contact\/\">Communiquez avec nous<\/a><\/p>\n\n\t\t\t<\/div>\n\t\t\t<div class=\"right-column\">\n\t\t\t\t<div class=\"image-wrapper\" style=\"background-image:url(https:\/\/tanetworks.ca\/wp-content\/uploads\/2022\/04\/lets-talk-industries.jpg)\"><\/div>\n\t\t\t<\/div>\n\t\t<\/div>\n\t<\/div>\n<\/section>","protected":false},"excerpt":{"rendered":"","protected":false},"author":5,"featured_media":0,"parent":882,"menu_order":29,"comment_status":"closed","ping_status":"closed","template":"","meta":{"_acf_changed":false,"_crdt_document":"","inline_featured_image":false,"footnotes":""},"class_list":["post-878","page","type-page","status-publish","hentry"],"acf":[],"yoast_head":"<!-- This site is optimized with the Yoast SEO plugin v27.4 - https:\/\/yoast.com\/product\/yoast-seo-wordpress\/ -->\n<title>Secteurs d\u2019activit\u00e9 \u2502 R\u00e9seaux\u00a0TA<\/title>\n<meta name=\"description\" content=\"R\u00e9seaux\u00a0TA \u0153uvre dans des secteurs pr\u00e9sentant des besoins uniques en services de TI g\u00e9r\u00e9s, d\u2019infrastructure infonuagique et de TIC. Communiquez avec nous!\" \/>\n<meta name=\"robots\" content=\"index, follow, max-snippet:-1, max-image-preview:large, max-video-preview:-1\" \/>\n<link rel=\"canonical\" href=\"https:\/\/tanetworks.ca\/about-us\/industries\" \/>\n<meta property=\"og:locale\" content=\"fr_FR\" \/>\n<meta property=\"og:type\" content=\"article\" \/>\n<meta property=\"og:title\" content=\"Secteurs d\u2019activit\u00e9 \u2502 R\u00e9seaux\u00a0TA\" \/>\n<meta property=\"og:description\" content=\"R\u00e9seaux\u00a0TA \u0153uvre dans des secteurs pr\u00e9sentant des besoins uniques en services de TI g\u00e9r\u00e9s, d\u2019infrastructure infonuagique et de TIC. Communiquez avec nous!\" \/>\n<meta property=\"og:url\" content=\"https:\/\/tanetworks.ca\/about-us\/industries\" \/>\n<meta property=\"og:site_name\" content=\"TA Networks\" \/>\n<meta property=\"article:modified_time\" content=\"2022-05-05T14:19:24+00:00\" \/>\n<meta name=\"twitter:card\" content=\"summary_large_image\" \/>\n<script type=\"application\/ld+json\" class=\"yoast-schema-graph\">{\"@context\":\"https:\\\/\\\/schema.org\",\"@graph\":[{\"@type\":\"WebPage\",\"@id\":\"https:\\\/\\\/tanetworks.ca\\\/about-us\\\/industries\",\"url\":\"https:\\\/\\\/tanetworks.ca\\\/about-us\\\/industries\",\"name\":\"Secteurs d\u2019activit\u00e9 \u2502 R\u00e9seaux\u00a0TA\",\"isPartOf\":{\"@id\":\"https:\\\/\\\/tanetworks.ca\\\/#website\"},\"datePublished\":\"2022-04-11T11:33:56+00:00\",\"dateModified\":\"2022-05-05T14:19:24+00:00\",\"description\":\"R\u00e9seaux\u00a0TA \u0153uvre dans des secteurs pr\u00e9sentant des besoins uniques en services de TI g\u00e9r\u00e9s, d\u2019infrastructure infonuagique et de TIC. Communiquez avec nous!\",\"breadcrumb\":{\"@id\":\"https:\\\/\\\/tanetworks.ca\\\/about-us\\\/industries#breadcrumb\"},\"inLanguage\":\"fr-FR\",\"potentialAction\":[{\"@type\":\"ReadAction\",\"target\":[\"https:\\\/\\\/tanetworks.ca\\\/about-us\\\/industries\"]}]},{\"@type\":\"BreadcrumbList\",\"@id\":\"https:\\\/\\\/tanetworks.ca\\\/about-us\\\/industries#breadcrumb\",\"itemListElement\":[{\"@type\":\"ListItem\",\"position\":1,\"name\":\"Home\",\"item\":\"https:\\\/\\\/tanetworks.ca\\\/fr\"},{\"@type\":\"ListItem\",\"position\":2,\"name\":\"\u00c0 propos\",\"item\":\"https:\\\/\\\/tanetworks.ca\\\/about-us\"},{\"@type\":\"ListItem\",\"position\":3,\"name\":\"Industries\"}]},{\"@type\":\"WebSite\",\"@id\":\"https:\\\/\\\/tanetworks.ca\\\/#website\",\"url\":\"https:\\\/\\\/tanetworks.ca\\\/\",\"name\":\"tanetworks.ca\",\"description\":\"Un site utilisant WordPress\",\"publisher\":{\"@id\":\"https:\\\/\\\/tanetworks.ca\\\/#organization\"},\"potentialAction\":[{\"@type\":\"SearchAction\",\"target\":{\"@type\":\"EntryPoint\",\"urlTemplate\":\"https:\\\/\\\/tanetworks.ca\\\/?s={search_term_string}\"},\"query-input\":{\"@type\":\"PropertyValueSpecification\",\"valueRequired\":true,\"valueName\":\"search_term_string\"}}],\"inLanguage\":\"fr-FR\"},{\"@type\":\"Organization\",\"@id\":\"https:\\\/\\\/tanetworks.ca\\\/#organization\",\"name\":\"TA Networks\",\"url\":\"https:\\\/\\\/tanetworks.ca\\\/\",\"logo\":{\"@type\":\"ImageObject\",\"inLanguage\":\"fr-FR\",\"@id\":\"https:\\\/\\\/tanetworks.ca\\\/#\\\/schema\\\/logo\\\/image\\\/\",\"url\":\"https:\\\/\\\/tanetworks.ca\\\/wp-content\\\/uploads\\\/2023\\\/07\\\/Picture1.png\",\"contentUrl\":\"https:\\\/\\\/tanetworks.ca\\\/wp-content\\\/uploads\\\/2023\\\/07\\\/Picture1.png\",\"width\":143,\"height\":142,\"caption\":\"TA Networks\"},\"image\":{\"@id\":\"https:\\\/\\\/tanetworks.ca\\\/#\\\/schema\\\/logo\\\/image\\\/\"}}]}<\/script>\n<!-- \/ Yoast SEO plugin. -->","yoast_head_json":{"title":"Secteurs d\u2019activit\u00e9 \u2502 R\u00e9seaux\u00a0TA","description":"R\u00e9seaux\u00a0TA \u0153uvre dans des secteurs pr\u00e9sentant des besoins uniques en services de TI g\u00e9r\u00e9s, d\u2019infrastructure infonuagique et de TIC. Communiquez avec nous!","robots":{"index":"index","follow":"follow","max-snippet":"max-snippet:-1","max-image-preview":"max-image-preview:large","max-video-preview":"max-video-preview:-1"},"canonical":"https:\/\/tanetworks.ca\/about-us\/industries","og_locale":"fr_FR","og_type":"article","og_title":"Secteurs d\u2019activit\u00e9 \u2502 R\u00e9seaux\u00a0TA","og_description":"R\u00e9seaux\u00a0TA \u0153uvre dans des secteurs pr\u00e9sentant des besoins uniques en services de TI g\u00e9r\u00e9s, d\u2019infrastructure infonuagique et de TIC. Communiquez avec nous!","og_url":"https:\/\/tanetworks.ca\/about-us\/industries","og_site_name":"TA Networks","article_modified_time":"2022-05-05T14:19:24+00:00","twitter_card":"summary_large_image","schema":{"@context":"https:\/\/schema.org","@graph":[{"@type":"WebPage","@id":"https:\/\/tanetworks.ca\/about-us\/industries","url":"https:\/\/tanetworks.ca\/about-us\/industries","name":"Secteurs d\u2019activit\u00e9 \u2502 R\u00e9seaux\u00a0TA","isPartOf":{"@id":"https:\/\/tanetworks.ca\/#website"},"datePublished":"2022-04-11T11:33:56+00:00","dateModified":"2022-05-05T14:19:24+00:00","description":"R\u00e9seaux\u00a0TA \u0153uvre dans des secteurs pr\u00e9sentant des besoins uniques en services de TI g\u00e9r\u00e9s, d\u2019infrastructure infonuagique et de TIC. Communiquez avec nous!","breadcrumb":{"@id":"https:\/\/tanetworks.ca\/about-us\/industries#breadcrumb"},"inLanguage":"fr-FR","potentialAction":[{"@type":"ReadAction","target":["https:\/\/tanetworks.ca\/about-us\/industries"]}]},{"@type":"BreadcrumbList","@id":"https:\/\/tanetworks.ca\/about-us\/industries#breadcrumb","itemListElement":[{"@type":"ListItem","position":1,"name":"Home","item":"https:\/\/tanetworks.ca\/fr"},{"@type":"ListItem","position":2,"name":"\u00c0 propos","item":"https:\/\/tanetworks.ca\/about-us"},{"@type":"ListItem","position":3,"name":"Industries"}]},{"@type":"WebSite","@id":"https:\/\/tanetworks.ca\/#website","url":"https:\/\/tanetworks.ca\/","name":"tanetworks.ca","description":"Un site utilisant WordPress","publisher":{"@id":"https:\/\/tanetworks.ca\/#organization"},"potentialAction":[{"@type":"SearchAction","target":{"@type":"EntryPoint","urlTemplate":"https:\/\/tanetworks.ca\/?s={search_term_string}"},"query-input":{"@type":"PropertyValueSpecification","valueRequired":true,"valueName":"search_term_string"}}],"inLanguage":"fr-FR"},{"@type":"Organization","@id":"https:\/\/tanetworks.ca\/#organization","name":"TA Networks","url":"https:\/\/tanetworks.ca\/","logo":{"@type":"ImageObject","inLanguage":"fr-FR","@id":"https:\/\/tanetworks.ca\/#\/schema\/logo\/image\/","url":"https:\/\/tanetworks.ca\/wp-content\/uploads\/2023\/07\/Picture1.png","contentUrl":"https:\/\/tanetworks.ca\/wp-content\/uploads\/2023\/07\/Picture1.png","width":143,"height":142,"caption":"TA Networks"},"image":{"@id":"https:\/\/tanetworks.ca\/#\/schema\/logo\/image\/"}}]}},"_links":{"self":[{"href":"https:\/\/tanetworks.ca\/fr\/wp-json\/wp\/v2\/pages\/878","targetHints":{"allow":["GET"]}}],"collection":[{"href":"https:\/\/tanetworks.ca\/fr\/wp-json\/wp\/v2\/pages"}],"about":[{"href":"https:\/\/tanetworks.ca\/fr\/wp-json\/wp\/v2\/types\/page"}],"author":[{"embeddable":true,"href":"https:\/\/tanetworks.ca\/fr\/wp-json\/wp\/v2\/users\/5"}],"replies":[{"embeddable":true,"href":"https:\/\/tanetworks.ca\/fr\/wp-json\/wp\/v2\/comments?post=878"}],"version-history":[{"count":8,"href":"https:\/\/tanetworks.ca\/fr\/wp-json\/wp\/v2\/pages\/878\/revisions"}],"predecessor-version":[{"id":1035,"href":"https:\/\/tanetworks.ca\/fr\/wp-json\/wp\/v2\/pages\/878\/revisions\/1035"}],"up":[{"embeddable":true,"href":"https:\/\/tanetworks.ca\/fr\/wp-json\/wp\/v2\/pages\/882"}],"wp:attachment":[{"href":"https:\/\/tanetworks.ca\/fr\/wp-json\/wp\/v2\/media?parent=878"}],"curies":[{"name":"wp","href":"https:\/\/api.w.org\/{rel}","templated":true}]}}