{"id":870,"date":"2022-04-11T11:46:13","date_gmt":"2022-04-11T11:46:13","guid":{"rendered":"https:\/\/tanetworks.ca\/services\/cloud-services\/"},"modified":"2022-05-05T14:25:56","modified_gmt":"2022-05-05T14:25:56","slug":"services-infonuagiques","status":"publish","type":"page","link":"https:\/\/tanetworks.ca\/fr\/services\/services-infonuagiques","title":{"rendered":"Services infonuagiques"},"content":{"rendered":"<section id=\"block-6255e8b82d95a\" class=\"block header-secondary\" data-watch>\n\t<div class=\"container\">\n\t\t<div class=\"header-secondary-inner\"><h1>Services<br \/>\ninfonuagiques<span class=\"highlight\">.<\/span><\/h1>\n<\/div>\n\t<\/div>\n<\/section>\n\n<section id=\"block-6255e8eb2d95b\" class=\"block content-simple block__spacing-top-100 block__spacing-bottom-100\" data-watch>\n\t<div class=\"container\">\n\t\t<div class=\"content-simple-inner common-text\">\n\t\t\t<h2>Exploitez la puissance du nuage avec R\u00e9seaux\u00a0TA<\/h2>\n<p>Quel que soit le type d\u2019infrastructure infonuagique que vous envisagez, nos sp\u00e9cialistes peuvent vous offrir une solution et une feuille de route personnalis\u00e9es en fonction de vos besoins actuels et futurs.<\/p>\n\n\t\t<\/div>\n\t<\/div>\n<\/section>\n\n<section id=\"block-6255e90e2d95c\" class=\"block grid-image-text grid-image-text__layout-2-col block__spacing-top-100 block__spacing-bottom-0\" data-watch>\n\t<div class=\"container\">\n\t\t<div class=\"grid-image-text-inner\">\n\t\t\t\t\t\t<div class=\"items-wrapper\">\n\t\t\t\t\t\t\t\t\t<div class=\"grid-item-wrapper\">\n\t\t\t\t\t\t<div class=\"grid-item\">\n\t\t\t\t\t\t\t<div class=\"image-wrapper\"><div class=\"image image--img \">\n\t\t\t\t<div class=\"frame\">\n\t\t\t\t\t<picture>\n\t\t\t\t\t\t<source srcset=\"https:\/\/tanetworks.ca\/wp-content\/uploads\/2022\/04\/ic-cloud-services-managed-application.svg\" type=\"image\/svg\"\/>\n\t\t\t\t\t\t<img decoding=\"async\" src=\"https:\/\/tanetworks.ca\/wp-content\/uploads\/2022\/04\/ic-cloud-services-managed-application.svg\">\n\t\t\t\t\t<\/picture>\n\t\t\t\t<\/div>\n\t\t\t<\/div><\/div>\n\t\t\t\t\t\t\t<div class=\"content-wrapper common-text\"><h3>Services professionnels infonuagiques<\/h3>\n<ul>\n<li>Strat\u00e9gie et planification infonuagiques<\/li>\n<li>Migration vers le nuage<\/li>\n<li>Modernisation d\u2019application<\/li>\n<li>Services g\u00e9r\u00e9s d\u2019application<\/li>\n<li>S\u00e9curit\u00e9 et gouvernance infonuagiques<\/li>\n<li>Optimisation infonuagique<\/li>\n<\/ul>\n<\/div>\n\t\t\t\t\t\t<\/div>\n\t\t\t\t\t<\/div>\n\t\t\t\t\t\t\t\t\t<div class=\"grid-item-wrapper\">\n\t\t\t\t\t\t<div class=\"grid-item\">\n\t\t\t\t\t\t\t<div class=\"image-wrapper\"><div class=\"image image--img \">\n\t\t\t\t<div class=\"frame\">\n\t\t\t\t\t<picture>\n\t\t\t\t\t\t<source srcset=\"https:\/\/tanetworks.ca\/wp-content\/uploads\/2022\/04\/ic-cloud-services-managed-cloud-services.svg\" type=\"image\/svg\"\/>\n\t\t\t\t\t\t<img decoding=\"async\" src=\"https:\/\/tanetworks.ca\/wp-content\/uploads\/2022\/04\/ic-cloud-services-managed-cloud-services.svg\">\n\t\t\t\t\t<\/picture>\n\t\t\t\t<\/div>\n\t\t\t<\/div><\/div>\n\t\t\t\t\t\t\t<div class=\"content-wrapper common-text\"><h3>Autres services infonuagiques g\u00e9r\u00e9s<\/h3>\n<ul>\n<li>Logiciel-service de PBX infonuagique par R\u00e9seaux\u00a0TA<\/li>\n<li>H\u00e9bergement priv\u00e9 IP Office d\u2019Avaya<\/li>\n<li>H\u00e9bergement priv\u00e9 de PBX MiVoice de Mitel<\/li>\n<li>Solutions de r\u00e9seau \u00e9tendu \u00e0 d\u00e9finition logicielle<\/li>\n<li>H\u00e9bergement de machine virtuelle (infrastructure infonuagique priv\u00e9e et hybride) sous forme de service<\/li>\n<li>Services de fibres MPLS et VPLS<\/li>\n<\/ul>\n<\/div>\n\t\t\t\t\t\t<\/div>\n\t\t\t\t\t<\/div>\n\t\t\t\t\t\t\t<\/div>\n\t\t<\/div>\n\t<\/div>\n<\/section>\n\n\t<section id=\"block-6255e9952d95f\" class=\"block presentation-clients\" data-watch>\n\t\t<div class=\"container\">\n\t\t\t<div class=\"presentation-clients-outer\">\n\t\t\t\t<div class=\"title-wrapper\">\n\t\t\t\t\t<h2>Clients qui font confiance \u00e0 R\u00e9seaux\u00a0TA<\/h2>\n\t\t\t\t<\/div>\n\t\t\t\t<div class=\"presentation-clients-inner\">\n\t\t\t\t\t\t\t\t\t\t\t<div class=\"presentation-client-item\">\n\t\t\t\t\t\t\t<img decoding=\"async\" src=\"https:\/\/tanetworks.ca\/wp-content\/uploads\/2022\/04\/logos-clients-brockville-general-hospital-bleu.jpg\" alt=\"\">\n\t\t\t\t\t\t<\/div>\n\t\t\t\t\t\t\t\t\t\t\t<div class=\"presentation-client-item\">\n\t\t\t\t\t\t\t<img decoding=\"async\" src=\"https:\/\/tanetworks.ca\/wp-content\/uploads\/2022\/04\/logos-clients-granite-club-bleu.jpg\" alt=\"\">\n\t\t\t\t\t\t<\/div>\n\t\t\t\t\t\t\t\t\t\t\t<div class=\"presentation-client-item\">\n\t\t\t\t\t\t\t<img decoding=\"async\" src=\"https:\/\/tanetworks.ca\/wp-content\/uploads\/2022\/04\/logos-clients-bcu-bleu.jpg\" alt=\"\">\n\t\t\t\t\t\t<\/div>\n\t\t\t\t\t\t\t\t\t\t\t<div class=\"presentation-client-item\">\n\t\t\t\t\t\t\t<img decoding=\"async\" src=\"https:\/\/tanetworks.ca\/wp-content\/uploads\/2022\/04\/logos-clients-ppg-paints-bleu.jpg\" alt=\"\">\n\t\t\t\t\t\t<\/div>\n\t\t\t\t\t\t\t\t\t\t\t<div class=\"presentation-client-item\">\n\t\t\t\t\t\t\t<img decoding=\"async\" src=\"https:\/\/tanetworks.ca\/wp-content\/uploads\/2022\/04\/logos-clients-the-beer-store-bleu.jpg\" alt=\"\">\n\t\t\t\t\t\t<\/div>\n\t\t\t\t\t\t\t\t\t\t\t<div class=\"presentation-client-item\">\n\t\t\t\t\t\t\t<img decoding=\"async\" src=\"https:\/\/tanetworks.ca\/wp-content\/uploads\/2022\/04\/logos-clients-sunray-group-bleu.jpg\" alt=\"\">\n\t\t\t\t\t\t<\/div>\n\t\t\t\t\t\t\t\t\t<\/div>\n\t\t\t<\/div>\n\t\t<\/div>\n\t<\/section>\n\n\n<section id=\"block-6255e9a32d960\" class=\"block cta-box\" data-watch>\n\t<div class=\"container\">\n\t\t<div class=\"cta-box-inner\">\n\t\t\t<div class=\"left-column common-text\">\n\t\t\t\t<h2>Parlez \u00e0 un expert de R\u00e9seaux\u00a0TA d\u00e8s aujourd\u2019hui<\/h2>\n<p>Chaque entreprise est unique. C\u2019est pourquoi nous adaptons nos solutions technologiques \u00e0 votre \u00e9quipe et \u00e0 votre contexte particulier. Communiquez avec nous sans d\u00e9lai. Vous d\u00e9couvrirez comment nous pouvons vous aider \u00e0 rationaliser vos op\u00e9rations et \u00e0 augmenter la productivit\u00e9 de vos \u00e9quipes.<\/p>\n<p><a class=\"button\" href=\"https:\/\/tanetworks.ca\/fr\/contact\/\">Communiquez avec nous<\/a><\/p>\n\n\t\t\t<\/div>\n\t\t\t<div class=\"right-column\">\n\t\t\t\t<div class=\"image-wrapper\" style=\"background-image:url(https:\/\/tanetworks.ca\/wp-content\/uploads\/2022\/04\/lets-talk-industries.jpg)\"><\/div>\n\t\t\t<\/div>\n\t\t<\/div>\n\t<\/div>\n<\/section>","protected":false},"excerpt":{"rendered":"","protected":false},"author":5,"featured_media":0,"parent":861,"menu_order":0,"comment_status":"closed","ping_status":"closed","template":"","meta":{"_acf_changed":false,"_crdt_document":"","inline_featured_image":false,"footnotes":""},"class_list":["post-870","page","type-page","status-publish","hentry"],"acf":[],"yoast_head":"<!-- This site is optimized with the Yoast SEO plugin v27.5 - https:\/\/yoast.com\/product\/yoast-seo-wordpress\/ -->\n<title>Services infonuagiques \u2502 R\u00e9seaux\u00a0TA<\/title>\n<meta name=\"description\" content=\"Services infonuagiques fiables et s\u00fbrs pour les entreprises canadiennes. Comptez sur R\u00e9seaux\u00a0TA pour vos services infonuagiques. Temps de disponibilit\u00e9 garanti.\" \/>\n<meta name=\"robots\" content=\"index, follow, max-snippet:-1, max-image-preview:large, max-video-preview:-1\" \/>\n<link rel=\"canonical\" href=\"https:\/\/tanetworks.ca\/services\/cloud-services\" \/>\n<meta property=\"og:locale\" content=\"fr_FR\" \/>\n<meta property=\"og:type\" content=\"article\" \/>\n<meta property=\"og:title\" content=\"Services infonuagiques \u2502 R\u00e9seaux\u00a0TA\" \/>\n<meta property=\"og:description\" content=\"Services infonuagiques fiables et s\u00fbrs pour les entreprises canadiennes. Comptez sur R\u00e9seaux\u00a0TA pour vos services infonuagiques. Temps de disponibilit\u00e9 garanti.\" \/>\n<meta property=\"og:url\" content=\"https:\/\/tanetworks.ca\/services\/cloud-services\" \/>\n<meta property=\"og:site_name\" content=\"TA Networks\" \/>\n<meta property=\"article:modified_time\" content=\"2022-05-05T14:25:56+00:00\" \/>\n<meta name=\"twitter:card\" content=\"summary_large_image\" \/>\n<script type=\"application\/ld+json\" class=\"yoast-schema-graph\">{\"@context\":\"https:\\\/\\\/schema.org\",\"@graph\":[{\"@type\":\"WebPage\",\"@id\":\"https:\\\/\\\/tanetworks.ca\\\/services\\\/cloud-services\",\"url\":\"https:\\\/\\\/tanetworks.ca\\\/services\\\/cloud-services\",\"name\":\"Services infonuagiques \u2502 R\u00e9seaux\u00a0TA\",\"isPartOf\":{\"@id\":\"https:\\\/\\\/tanetworks.ca\\\/#website\"},\"datePublished\":\"2022-04-11T11:46:13+00:00\",\"dateModified\":\"2022-05-05T14:25:56+00:00\",\"description\":\"Services infonuagiques fiables et s\u00fbrs pour les entreprises canadiennes. Comptez sur R\u00e9seaux\u00a0TA pour vos services infonuagiques. Temps de disponibilit\u00e9 garanti.\",\"breadcrumb\":{\"@id\":\"https:\\\/\\\/tanetworks.ca\\\/services\\\/cloud-services#breadcrumb\"},\"inLanguage\":\"fr-FR\",\"potentialAction\":[{\"@type\":\"ReadAction\",\"target\":[\"https:\\\/\\\/tanetworks.ca\\\/services\\\/cloud-services\"]}]},{\"@type\":\"BreadcrumbList\",\"@id\":\"https:\\\/\\\/tanetworks.ca\\\/services\\\/cloud-services#breadcrumb\",\"itemListElement\":[{\"@type\":\"ListItem\",\"position\":1,\"name\":\"Home\",\"item\":\"https:\\\/\\\/tanetworks.ca\\\/fr\"},{\"@type\":\"ListItem\",\"position\":2,\"name\":\"Services\",\"item\":\"https:\\\/\\\/tanetworks.ca\\\/services\"},{\"@type\":\"ListItem\",\"position\":3,\"name\":\"Services infonuagiques\"}]},{\"@type\":\"WebSite\",\"@id\":\"https:\\\/\\\/tanetworks.ca\\\/#website\",\"url\":\"https:\\\/\\\/tanetworks.ca\\\/\",\"name\":\"tanetworks.ca\",\"description\":\"Un site utilisant WordPress\",\"publisher\":{\"@id\":\"https:\\\/\\\/tanetworks.ca\\\/#organization\"},\"potentialAction\":[{\"@type\":\"SearchAction\",\"target\":{\"@type\":\"EntryPoint\",\"urlTemplate\":\"https:\\\/\\\/tanetworks.ca\\\/?s={search_term_string}\"},\"query-input\":{\"@type\":\"PropertyValueSpecification\",\"valueRequired\":true,\"valueName\":\"search_term_string\"}}],\"inLanguage\":\"fr-FR\"},{\"@type\":\"Organization\",\"@id\":\"https:\\\/\\\/tanetworks.ca\\\/#organization\",\"name\":\"TA Networks\",\"url\":\"https:\\\/\\\/tanetworks.ca\\\/\",\"logo\":{\"@type\":\"ImageObject\",\"inLanguage\":\"fr-FR\",\"@id\":\"https:\\\/\\\/tanetworks.ca\\\/#\\\/schema\\\/logo\\\/image\\\/\",\"url\":\"https:\\\/\\\/tanetworks.ca\\\/wp-content\\\/uploads\\\/2023\\\/07\\\/Picture1.png\",\"contentUrl\":\"https:\\\/\\\/tanetworks.ca\\\/wp-content\\\/uploads\\\/2023\\\/07\\\/Picture1.png\",\"width\":143,\"height\":142,\"caption\":\"TA Networks\"},\"image\":{\"@id\":\"https:\\\/\\\/tanetworks.ca\\\/#\\\/schema\\\/logo\\\/image\\\/\"}}]}<\/script>\n<!-- \/ Yoast SEO plugin. -->","yoast_head_json":{"title":"Services infonuagiques \u2502 R\u00e9seaux\u00a0TA","description":"Services infonuagiques fiables et s\u00fbrs pour les entreprises canadiennes. Comptez sur R\u00e9seaux\u00a0TA pour vos services infonuagiques. Temps de disponibilit\u00e9 garanti.","robots":{"index":"index","follow":"follow","max-snippet":"max-snippet:-1","max-image-preview":"max-image-preview:large","max-video-preview":"max-video-preview:-1"},"canonical":"https:\/\/tanetworks.ca\/services\/cloud-services","og_locale":"fr_FR","og_type":"article","og_title":"Services infonuagiques \u2502 R\u00e9seaux\u00a0TA","og_description":"Services infonuagiques fiables et s\u00fbrs pour les entreprises canadiennes. Comptez sur R\u00e9seaux\u00a0TA pour vos services infonuagiques. Temps de disponibilit\u00e9 garanti.","og_url":"https:\/\/tanetworks.ca\/services\/cloud-services","og_site_name":"TA Networks","article_modified_time":"2022-05-05T14:25:56+00:00","twitter_card":"summary_large_image","schema":{"@context":"https:\/\/schema.org","@graph":[{"@type":"WebPage","@id":"https:\/\/tanetworks.ca\/services\/cloud-services","url":"https:\/\/tanetworks.ca\/services\/cloud-services","name":"Services infonuagiques \u2502 R\u00e9seaux\u00a0TA","isPartOf":{"@id":"https:\/\/tanetworks.ca\/#website"},"datePublished":"2022-04-11T11:46:13+00:00","dateModified":"2022-05-05T14:25:56+00:00","description":"Services infonuagiques fiables et s\u00fbrs pour les entreprises canadiennes. Comptez sur R\u00e9seaux\u00a0TA pour vos services infonuagiques. Temps de disponibilit\u00e9 garanti.","breadcrumb":{"@id":"https:\/\/tanetworks.ca\/services\/cloud-services#breadcrumb"},"inLanguage":"fr-FR","potentialAction":[{"@type":"ReadAction","target":["https:\/\/tanetworks.ca\/services\/cloud-services"]}]},{"@type":"BreadcrumbList","@id":"https:\/\/tanetworks.ca\/services\/cloud-services#breadcrumb","itemListElement":[{"@type":"ListItem","position":1,"name":"Home","item":"https:\/\/tanetworks.ca\/fr"},{"@type":"ListItem","position":2,"name":"Services","item":"https:\/\/tanetworks.ca\/services"},{"@type":"ListItem","position":3,"name":"Services infonuagiques"}]},{"@type":"WebSite","@id":"https:\/\/tanetworks.ca\/#website","url":"https:\/\/tanetworks.ca\/","name":"tanetworks.ca","description":"Un site utilisant WordPress","publisher":{"@id":"https:\/\/tanetworks.ca\/#organization"},"potentialAction":[{"@type":"SearchAction","target":{"@type":"EntryPoint","urlTemplate":"https:\/\/tanetworks.ca\/?s={search_term_string}"},"query-input":{"@type":"PropertyValueSpecification","valueRequired":true,"valueName":"search_term_string"}}],"inLanguage":"fr-FR"},{"@type":"Organization","@id":"https:\/\/tanetworks.ca\/#organization","name":"TA Networks","url":"https:\/\/tanetworks.ca\/","logo":{"@type":"ImageObject","inLanguage":"fr-FR","@id":"https:\/\/tanetworks.ca\/#\/schema\/logo\/image\/","url":"https:\/\/tanetworks.ca\/wp-content\/uploads\/2023\/07\/Picture1.png","contentUrl":"https:\/\/tanetworks.ca\/wp-content\/uploads\/2023\/07\/Picture1.png","width":143,"height":142,"caption":"TA Networks"},"image":{"@id":"https:\/\/tanetworks.ca\/#\/schema\/logo\/image\/"}}]}},"_links":{"self":[{"href":"https:\/\/tanetworks.ca\/fr\/wp-json\/wp\/v2\/pages\/870","targetHints":{"allow":["GET"]}}],"collection":[{"href":"https:\/\/tanetworks.ca\/fr\/wp-json\/wp\/v2\/pages"}],"about":[{"href":"https:\/\/tanetworks.ca\/fr\/wp-json\/wp\/v2\/types\/page"}],"author":[{"embeddable":true,"href":"https:\/\/tanetworks.ca\/fr\/wp-json\/wp\/v2\/users\/5"}],"replies":[{"embeddable":true,"href":"https:\/\/tanetworks.ca\/fr\/wp-json\/wp\/v2\/comments?post=870"}],"version-history":[{"count":10,"href":"https:\/\/tanetworks.ca\/fr\/wp-json\/wp\/v2\/pages\/870\/revisions"}],"predecessor-version":[{"id":1022,"href":"https:\/\/tanetworks.ca\/fr\/wp-json\/wp\/v2\/pages\/870\/revisions\/1022"}],"up":[{"embeddable":true,"href":"https:\/\/tanetworks.ca\/fr\/wp-json\/wp\/v2\/pages\/861"}],"wp:attachment":[{"href":"https:\/\/tanetworks.ca\/fr\/wp-json\/wp\/v2\/media?parent=870"}],"curies":[{"name":"wp","href":"https:\/\/api.w.org\/{rel}","templated":true}]}}