{"id":866,"date":"2022-04-11T11:45:59","date_gmt":"2022-04-11T11:45:59","guid":{"rendered":"https:\/\/tanetworks.ca\/services\/professional-ict-services\/"},"modified":"2022-11-30T21:30:19","modified_gmt":"2022-11-30T21:30:19","slug":"services-tic-eprouves","status":"publish","type":"page","link":"https:\/\/tanetworks.ca\/fr\/services\/services-tic-eprouves","title":{"rendered":"Communications unifi\u00e9es"},"content":{"rendered":"<section id=\"block-625496ddb384d\" class=\"block header-secondary\" data-watch>\n\t<div class=\"container\">\n\t\t<div class=\"header-secondary-inner\"><h1>Communications unifi\u00e9es<\/h1>\n<\/div>\n\t<\/div>\n<\/section>\n\n<section id=\"block-62549703b384e\" class=\"block content-2-col-cta-video\" data-watch>\n\t<div class=\"container\">\n\t\t<div class=\"content-2-col-cta-video-inner\">\n\t\t\t<div class=\"left-column\"><h2>Des services de Communications unifi\u00e9es \u00e9prouv\u00e9s pour les environnements de travail modernes<\/h2>\n<p>R\u00e9seaux TA est l&#8217;une des principales soci\u00e9t\u00e9s de services de communications unifi\u00e9es au Canada avec plus de 30 ans d&#8217;exp\u00e9rience au service de clients dans plusieurs industries et types d&#8217;organisations. Nous travaillons en partenariat avec les fournisseurs les plus importants et les plus fiables du secteur pour fournir une suite de solutions infonuagiques, hybrides et sur site, afin de r\u00e9pondre aux besoins de votre entreprise et de respecter votre budget.<\/p>\n<\/div>\n\t\t\t<div class=\"right-column\">\n\t\t\t\t\t\t\t<\/div>\n\t\t<\/div>\n\t<\/div>\n\t<\/section>\n\n<section id=\"block-625570b997e7a\" class=\"block grid-image-text grid-image-text__layout-3-col block__spacing-top-100 block__spacing-bottom-0\" data-watch>\n\t<div class=\"container\">\n\t\t<div class=\"grid-image-text-inner\">\n\t\t\t\t\t\t<div class=\"items-wrapper\">\n\t\t\t\t\t\t\t\t\t<div class=\"grid-item-wrapper\">\n\t\t\t\t\t\t<div class=\"grid-item\">\n\t\t\t\t\t\t\t<div class=\"image-wrapper\"><div class=\"image image--img \">\n\t\t\t\t<div class=\"frame\">\n\t\t\t\t\t<picture>\n\t\t\t\t\t\t<source srcset=\"https:\/\/tanetworks.ca\/wp-content\/uploads\/2022\/04\/megaphone-picto.svg\" type=\"image\/svg\"\/>\n\t\t\t\t\t\t<img decoding=\"async\" src=\"https:\/\/tanetworks.ca\/wp-content\/uploads\/2022\/04\/megaphone-picto.svg\">\n\t\t\t\t\t<\/picture>\n\t\t\t\t<\/div>\n\t\t\t<\/div><\/div>\n\t\t\t\t\t\t\t<div class=\"content-wrapper common-text\"><h2>Solutions de t\u00e9l\u00e9phonie<\/h2>\n<ul>\n<li>Solutions h\u00e9berg\u00e9es de t\u00e9l\u00e9phonie et de communications unifi\u00e9es HELLO-ALLO avec une formule cl\u00e9 en main ou \u00e0 la carte<\/li>\n<li>Syst\u00e8mes t\u00e9l\u00e9phoniques IP\u00a0Office d\u2019Avaya et MiVoice de Mitel<\/li>\n<li>C\u00e2blage r\u00e9seau structur\u00e9<\/li>\n<li>Services g\u00e9r\u00e9s de soutien et de maintenance<\/li>\n<\/ul>\n<\/div>\n\t\t\t\t\t\t<\/div>\n\t\t\t\t\t<\/div>\n\t\t\t\t\t\t\t\t\t<div class=\"grid-item-wrapper\">\n\t\t\t\t\t\t<div class=\"grid-item\">\n\t\t\t\t\t\t\t<div class=\"image-wrapper\"><div class=\"image image--img \">\n\t\t\t\t<div class=\"frame\">\n\t\t\t\t\t<picture>\n\t\t\t\t\t\t<source srcset=\"https:\/\/tanetworks.ca\/wp-content\/uploads\/2022\/04\/microphone-picto.svg\" type=\"image\/svg\"\/>\n\t\t\t\t\t\t<img decoding=\"async\" src=\"https:\/\/tanetworks.ca\/wp-content\/uploads\/2022\/04\/microphone-picto.svg\">\n\t\t\t\t\t<\/picture>\n\t\t\t\t<\/div>\n\t\t\t<\/div><\/div>\n\t\t\t\t\t\t\t<div class=\"content-wrapper common-text\"><h2>Services de t\u00e9l\u00e9phonie<\/h2>\n<ul>\n<li>Acheminement SIP<\/li>\n<li>Lignes analogiques<\/li>\n<li>Acc\u00e8s primaire\u00a0: TDM et SIP<\/li>\n<li>S\u00e9lections directes \u00e0 l\u2019arriv\u00e9e (DID)<\/li>\n<li>Services g\u00e9r\u00e9s de soutien et de maintenance<\/li>\n<\/ul>\n<\/div>\n\t\t\t\t\t\t<\/div>\n\t\t\t\t\t<\/div>\n\t\t\t\t\t\t\t\t\t<div class=\"grid-item-wrapper\">\n\t\t\t\t\t\t<div class=\"grid-item\">\n\t\t\t\t\t\t\t<div class=\"image-wrapper\"><div class=\"image image--img \">\n\t\t\t\t<div class=\"frame\">\n\t\t\t\t\t<picture>\n\t\t\t\t\t\t<source srcset=\"https:\/\/tanetworks.ca\/wp-content\/uploads\/2022\/04\/server-picto.svg\" type=\"image\/svg\"\/>\n\t\t\t\t\t\t<img decoding=\"async\" src=\"https:\/\/tanetworks.ca\/wp-content\/uploads\/2022\/04\/server-picto.svg\">\n\t\t\t\t\t<\/picture>\n\t\t\t\t<\/div>\n\t\t\t<\/div><\/div>\n\t\t\t\t\t\t\t<div class=\"content-wrapper common-text\"><h2>Services d\u2019acc\u00e8s aux donn\u00e9es<\/h2>\n<ul>\n<li>Fibre d\u00e9di\u00e9e (100\u00a0Mbit\/s, 1G, 10G) avec une bande passante fixe ou modulable<\/li>\n<li>C\u00e2ble ou DSL (VTTN, ADSL, VDSL)<\/li>\n<li>R\u00e9seaux \u00e9tendus (WAN) sur mesure\u00a0: MPLS, VPLS, couche\u00a02, VPN IPSec, point \u00e0 point<\/li>\n<\/ul>\n<\/div>\n\t\t\t\t\t\t<\/div>\n\t\t\t\t\t<\/div>\n\t\t\t\t\t\t\t<\/div>\n\t\t<\/div>\n\t<\/div>\n<\/section>\n\n\t<section id=\"block-6255780d97e7e\" class=\"block presentation-clients\" data-watch>\n\t\t<div class=\"container\">\n\t\t\t<div class=\"presentation-clients-outer\">\n\t\t\t\t<div class=\"title-wrapper\">\n\t\t\t\t\t<h2>Clients qui font confiance \u00e0 R\u00e9seaux\u00a0TA<\/h2>\n\t\t\t\t<\/div>\n\t\t\t\t<div class=\"presentation-clients-inner\">\n\t\t\t\t\t\t\t\t\t\t\t<div class=\"presentation-client-item\">\n\t\t\t\t\t\t\t<img decoding=\"async\" src=\"https:\/\/tanetworks.ca\/wp-content\/uploads\/2022\/04\/logos-clients-brockville-general-hospital-bleu.jpg\" alt=\"\">\n\t\t\t\t\t\t<\/div>\n\t\t\t\t\t\t\t\t\t\t\t<div class=\"presentation-client-item\">\n\t\t\t\t\t\t\t<img decoding=\"async\" src=\"https:\/\/tanetworks.ca\/wp-content\/uploads\/2022\/04\/logos-clients-granite-club-bleu.jpg\" alt=\"\">\n\t\t\t\t\t\t<\/div>\n\t\t\t\t\t\t\t\t\t\t\t<div class=\"presentation-client-item\">\n\t\t\t\t\t\t\t<img decoding=\"async\" src=\"https:\/\/tanetworks.ca\/wp-content\/uploads\/2022\/04\/logos-clients-bcu-bleu.jpg\" alt=\"\">\n\t\t\t\t\t\t<\/div>\n\t\t\t\t\t\t\t\t\t\t\t<div class=\"presentation-client-item\">\n\t\t\t\t\t\t\t<img decoding=\"async\" src=\"https:\/\/tanetworks.ca\/wp-content\/uploads\/2022\/04\/logos-clients-ppg-paints-bleu.jpg\" alt=\"\">\n\t\t\t\t\t\t<\/div>\n\t\t\t\t\t\t\t\t\t\t\t<div class=\"presentation-client-item\">\n\t\t\t\t\t\t\t<img decoding=\"async\" src=\"https:\/\/tanetworks.ca\/wp-content\/uploads\/2022\/04\/logos-clients-the-beer-store-bleu.jpg\" alt=\"\">\n\t\t\t\t\t\t<\/div>\n\t\t\t\t\t\t\t\t\t\t\t<div class=\"presentation-client-item\">\n\t\t\t\t\t\t\t<img decoding=\"async\" src=\"https:\/\/tanetworks.ca\/wp-content\/uploads\/2022\/04\/logos-clients-sunray-group-bleu.jpg\" alt=\"\">\n\t\t\t\t\t\t<\/div>\n\t\t\t\t\t\t\t\t\t<\/div>\n\t\t\t<\/div>\n\t\t<\/div>\n\t<\/section>\n\n\n<section id=\"block-6255781697e7f\" class=\"block cta-box\" data-watch>\n\t<div class=\"container\">\n\t\t<div class=\"cta-box-inner\">\n\t\t\t<div class=\"left-column common-text\">\n\t\t\t\t<h2>Parlez \u00e0 un expert de R\u00e9seaux\u00a0TA d\u00e8s aujourd\u2019hui<\/h2>\n<p>Chaque entreprise est unique. C\u2019est pourquoi nous adaptons nos solutions technologiques \u00e0 votre \u00e9quipe et \u00e0 votre contexte particulier. Communiquez avec nous sans d\u00e9lai. Vous d\u00e9couvrirez comment nous pouvons vous aider \u00e0 rationaliser vos op\u00e9rations et \u00e0 augmenter la productivit\u00e9 de vos \u00e9quipes.<\/p>\n<p><a class=\"button\" href=\"https:\/\/tanetworks.ca\/fr\/contact\/\">Communiquez avec nous<\/a><\/p>\n\n\t\t\t<\/div>\n\t\t\t<div class=\"right-column\">\n\t\t\t\t<div class=\"image-wrapper\" style=\"background-image:url(https:\/\/tanetworks.ca\/wp-content\/uploads\/2022\/04\/lets-talk-services.jpg)\"><\/div>\n\t\t\t<\/div>\n\t\t<\/div>\n\t<\/div>\n<\/section>","protected":false},"excerpt":{"rendered":"","protected":false},"author":5,"featured_media":0,"parent":861,"menu_order":17,"comment_status":"closed","ping_status":"closed","template":"","meta":{"_acf_changed":false,"_crdt_document":"","inline_featured_image":false,"footnotes":""},"class_list":["post-866","page","type-page","status-publish","hentry"],"acf":[],"yoast_head":"<!-- This site is optimized with the Yoast SEO plugin v27.4 - https:\/\/yoast.com\/product\/yoast-seo-wordpress\/ -->\n<title>Services de TIC \u00e9prouv\u00e9s \u2502 R\u00e9seaux\u00a0TA<\/title>\n<meta name=\"description\" content=\"Services de TIC \u00e9prouv\u00e9s pour les entreprises canadiennes qui cherchent \u00e0 tirer parti des performances des plus grandes marques en mati\u00e8re de solutions de TIC.\" \/>\n<meta name=\"robots\" content=\"index, follow, max-snippet:-1, max-image-preview:large, max-video-preview:-1\" \/>\n<link rel=\"canonical\" href=\"https:\/\/tanetworks.ca\/services\/professional-ict-services\" \/>\n<meta property=\"og:locale\" content=\"fr_FR\" \/>\n<meta property=\"og:type\" content=\"article\" \/>\n<meta property=\"og:title\" content=\"Services de TIC \u00e9prouv\u00e9s \u2502 R\u00e9seaux\u00a0TA\" \/>\n<meta property=\"og:description\" content=\"Services de TIC \u00e9prouv\u00e9s pour les entreprises canadiennes qui cherchent \u00e0 tirer parti des performances des plus grandes marques en mati\u00e8re de solutions de TIC.\" \/>\n<meta property=\"og:url\" content=\"https:\/\/tanetworks.ca\/services\/professional-ict-services\" \/>\n<meta property=\"og:site_name\" content=\"TA Networks\" \/>\n<meta property=\"article:modified_time\" content=\"2022-11-30T21:30:19+00:00\" \/>\n<meta name=\"twitter:card\" content=\"summary_large_image\" \/>\n<script type=\"application\/ld+json\" class=\"yoast-schema-graph\">{\"@context\":\"https:\\\/\\\/schema.org\",\"@graph\":[{\"@type\":\"WebPage\",\"@id\":\"https:\\\/\\\/tanetworks.ca\\\/services\\\/professional-ict-services\",\"url\":\"https:\\\/\\\/tanetworks.ca\\\/services\\\/professional-ict-services\",\"name\":\"Services de TIC \u00e9prouv\u00e9s \u2502 R\u00e9seaux\u00a0TA\",\"isPartOf\":{\"@id\":\"https:\\\/\\\/tanetworks.ca\\\/#website\"},\"datePublished\":\"2022-04-11T11:45:59+00:00\",\"dateModified\":\"2022-11-30T21:30:19+00:00\",\"description\":\"Services de TIC \u00e9prouv\u00e9s pour les entreprises canadiennes qui cherchent \u00e0 tirer parti des performances des plus grandes marques en mati\u00e8re de solutions de TIC.\",\"breadcrumb\":{\"@id\":\"https:\\\/\\\/tanetworks.ca\\\/services\\\/professional-ict-services#breadcrumb\"},\"inLanguage\":\"fr-FR\",\"potentialAction\":[{\"@type\":\"ReadAction\",\"target\":[\"https:\\\/\\\/tanetworks.ca\\\/services\\\/professional-ict-services\"]}]},{\"@type\":\"BreadcrumbList\",\"@id\":\"https:\\\/\\\/tanetworks.ca\\\/services\\\/professional-ict-services#breadcrumb\",\"itemListElement\":[{\"@type\":\"ListItem\",\"position\":1,\"name\":\"Home\",\"item\":\"https:\\\/\\\/tanetworks.ca\\\/fr\"},{\"@type\":\"ListItem\",\"position\":2,\"name\":\"Services\",\"item\":\"https:\\\/\\\/tanetworks.ca\\\/services\"},{\"@type\":\"ListItem\",\"position\":3,\"name\":\"Communications unifi\u00e9es\"}]},{\"@type\":\"WebSite\",\"@id\":\"https:\\\/\\\/tanetworks.ca\\\/#website\",\"url\":\"https:\\\/\\\/tanetworks.ca\\\/\",\"name\":\"tanetworks.ca\",\"description\":\"Un site utilisant WordPress\",\"publisher\":{\"@id\":\"https:\\\/\\\/tanetworks.ca\\\/#organization\"},\"potentialAction\":[{\"@type\":\"SearchAction\",\"target\":{\"@type\":\"EntryPoint\",\"urlTemplate\":\"https:\\\/\\\/tanetworks.ca\\\/?s={search_term_string}\"},\"query-input\":{\"@type\":\"PropertyValueSpecification\",\"valueRequired\":true,\"valueName\":\"search_term_string\"}}],\"inLanguage\":\"fr-FR\"},{\"@type\":\"Organization\",\"@id\":\"https:\\\/\\\/tanetworks.ca\\\/#organization\",\"name\":\"TA Networks\",\"url\":\"https:\\\/\\\/tanetworks.ca\\\/\",\"logo\":{\"@type\":\"ImageObject\",\"inLanguage\":\"fr-FR\",\"@id\":\"https:\\\/\\\/tanetworks.ca\\\/#\\\/schema\\\/logo\\\/image\\\/\",\"url\":\"https:\\\/\\\/tanetworks.ca\\\/wp-content\\\/uploads\\\/2023\\\/07\\\/Picture1.png\",\"contentUrl\":\"https:\\\/\\\/tanetworks.ca\\\/wp-content\\\/uploads\\\/2023\\\/07\\\/Picture1.png\",\"width\":143,\"height\":142,\"caption\":\"TA Networks\"},\"image\":{\"@id\":\"https:\\\/\\\/tanetworks.ca\\\/#\\\/schema\\\/logo\\\/image\\\/\"}}]}<\/script>\n<!-- \/ Yoast SEO plugin. -->","yoast_head_json":{"title":"Services de TIC \u00e9prouv\u00e9s \u2502 R\u00e9seaux\u00a0TA","description":"Services de TIC \u00e9prouv\u00e9s pour les entreprises canadiennes qui cherchent \u00e0 tirer parti des performances des plus grandes marques en mati\u00e8re de solutions de TIC.","robots":{"index":"index","follow":"follow","max-snippet":"max-snippet:-1","max-image-preview":"max-image-preview:large","max-video-preview":"max-video-preview:-1"},"canonical":"https:\/\/tanetworks.ca\/services\/professional-ict-services","og_locale":"fr_FR","og_type":"article","og_title":"Services de TIC \u00e9prouv\u00e9s \u2502 R\u00e9seaux\u00a0TA","og_description":"Services de TIC \u00e9prouv\u00e9s pour les entreprises canadiennes qui cherchent \u00e0 tirer parti des performances des plus grandes marques en mati\u00e8re de solutions de TIC.","og_url":"https:\/\/tanetworks.ca\/services\/professional-ict-services","og_site_name":"TA Networks","article_modified_time":"2022-11-30T21:30:19+00:00","twitter_card":"summary_large_image","schema":{"@context":"https:\/\/schema.org","@graph":[{"@type":"WebPage","@id":"https:\/\/tanetworks.ca\/services\/professional-ict-services","url":"https:\/\/tanetworks.ca\/services\/professional-ict-services","name":"Services de TIC \u00e9prouv\u00e9s \u2502 R\u00e9seaux\u00a0TA","isPartOf":{"@id":"https:\/\/tanetworks.ca\/#website"},"datePublished":"2022-04-11T11:45:59+00:00","dateModified":"2022-11-30T21:30:19+00:00","description":"Services de TIC \u00e9prouv\u00e9s pour les entreprises canadiennes qui cherchent \u00e0 tirer parti des performances des plus grandes marques en mati\u00e8re de solutions de TIC.","breadcrumb":{"@id":"https:\/\/tanetworks.ca\/services\/professional-ict-services#breadcrumb"},"inLanguage":"fr-FR","potentialAction":[{"@type":"ReadAction","target":["https:\/\/tanetworks.ca\/services\/professional-ict-services"]}]},{"@type":"BreadcrumbList","@id":"https:\/\/tanetworks.ca\/services\/professional-ict-services#breadcrumb","itemListElement":[{"@type":"ListItem","position":1,"name":"Home","item":"https:\/\/tanetworks.ca\/fr"},{"@type":"ListItem","position":2,"name":"Services","item":"https:\/\/tanetworks.ca\/services"},{"@type":"ListItem","position":3,"name":"Communications unifi\u00e9es"}]},{"@type":"WebSite","@id":"https:\/\/tanetworks.ca\/#website","url":"https:\/\/tanetworks.ca\/","name":"tanetworks.ca","description":"Un site utilisant WordPress","publisher":{"@id":"https:\/\/tanetworks.ca\/#organization"},"potentialAction":[{"@type":"SearchAction","target":{"@type":"EntryPoint","urlTemplate":"https:\/\/tanetworks.ca\/?s={search_term_string}"},"query-input":{"@type":"PropertyValueSpecification","valueRequired":true,"valueName":"search_term_string"}}],"inLanguage":"fr-FR"},{"@type":"Organization","@id":"https:\/\/tanetworks.ca\/#organization","name":"TA Networks","url":"https:\/\/tanetworks.ca\/","logo":{"@type":"ImageObject","inLanguage":"fr-FR","@id":"https:\/\/tanetworks.ca\/#\/schema\/logo\/image\/","url":"https:\/\/tanetworks.ca\/wp-content\/uploads\/2023\/07\/Picture1.png","contentUrl":"https:\/\/tanetworks.ca\/wp-content\/uploads\/2023\/07\/Picture1.png","width":143,"height":142,"caption":"TA Networks"},"image":{"@id":"https:\/\/tanetworks.ca\/#\/schema\/logo\/image\/"}}]}},"_links":{"self":[{"href":"https:\/\/tanetworks.ca\/fr\/wp-json\/wp\/v2\/pages\/866","targetHints":{"allow":["GET"]}}],"collection":[{"href":"https:\/\/tanetworks.ca\/fr\/wp-json\/wp\/v2\/pages"}],"about":[{"href":"https:\/\/tanetworks.ca\/fr\/wp-json\/wp\/v2\/types\/page"}],"author":[{"embeddable":true,"href":"https:\/\/tanetworks.ca\/fr\/wp-json\/wp\/v2\/users\/5"}],"replies":[{"embeddable":true,"href":"https:\/\/tanetworks.ca\/fr\/wp-json\/wp\/v2\/comments?post=866"}],"version-history":[{"count":14,"href":"https:\/\/tanetworks.ca\/fr\/wp-json\/wp\/v2\/pages\/866\/revisions"}],"predecessor-version":[{"id":1190,"href":"https:\/\/tanetworks.ca\/fr\/wp-json\/wp\/v2\/pages\/866\/revisions\/1190"}],"up":[{"embeddable":true,"href":"https:\/\/tanetworks.ca\/fr\/wp-json\/wp\/v2\/pages\/861"}],"wp:attachment":[{"href":"https:\/\/tanetworks.ca\/fr\/wp-json\/wp\/v2\/media?parent=866"}],"curies":[{"name":"wp","href":"https:\/\/api.w.org\/{rel}","templated":true}]}}