{"id":861,"date":"2022-04-11T11:33:33","date_gmt":"2022-04-11T11:33:33","guid":{"rendered":"https:\/\/tanetworks.ca\/services\/"},"modified":"2022-05-05T14:11:35","modified_gmt":"2022-05-05T14:11:35","slug":"services","status":"publish","type":"page","link":"https:\/\/tanetworks.ca\/fr\/services","title":{"rendered":"Services"},"content":{"rendered":"<section id=\"block-62548e44472fc\" class=\"block header-secondary\" data-watch>\n\t<div class=\"container\">\n\t\t<div class=\"header-secondary-inner\"><h1>Des services de<br \/>\nTIC qui g\u00e9n\u00e8rent<br \/>\ndes r\u00e9sultats concrets<span class=\"highlight\">.<\/span><\/h1>\n<\/div>\n\t<\/div>\n<\/section>\n\n<section id=\"block-6254927d472fd\" class=\"block content-2-col-text-image-animated\">\n\t\t<div class=\"animation-trigger\"><\/div>\n\t<div class=\"container\">\n\t\t<div class=\"content-2-col-text-image-animated-inner\">\n\t\t\t<div class=\"left-column\">\n\t\t\t\t<div id=\"animation-pin\">\n\t\t\t\t\t\t\t\t\t\t\t<div class=\"image-wrapper image-wrapper__visible\" data-item-index=\"1\">\n\t\t\t\t\t\t\t<img decoding=\"async\" src=\"https:\/\/tanetworks.ca\/wp-content\/uploads\/2022\/04\/image-services-1-1.jpg\" alt=\"\">\n\t\t\t\t\t\t<\/div>\n\t\t\t\t\t\t\t\t\t\t\t<div class=\"image-wrapper \" data-item-index=\"2\">\n\t\t\t\t\t\t\t<img decoding=\"async\" src=\"https:\/\/tanetworks.ca\/wp-content\/uploads\/2022\/04\/image-services-2.jpg\" alt=\"\">\n\t\t\t\t\t\t<\/div>\n\t\t\t\t\t\t\t\t\t\t\t<div class=\"image-wrapper \" data-item-index=\"3\">\n\t\t\t\t\t\t\t<img decoding=\"async\" src=\"https:\/\/tanetworks.ca\/wp-content\/uploads\/2022\/04\/image-services-1.jpg\" alt=\"\">\n\t\t\t\t\t\t<\/div>\n\t\t\t\t\t\t\t\t\t<\/div>\n\t\t\t<\/div>\n\t\t\t<div class=\"right-column\">\n\t\t\t\t\t\t\t\t\t<div class=\"content-wrapper\" data-item-index=\"1\" data-watch>\n\t\t\t\t\t\t<div class=\"content-item image-wrapper__mobile\">\n\t\t\t\t\t\t\t<img decoding=\"async\" src=\"https:\/\/tanetworks.ca\/wp-content\/uploads\/2022\/04\/image-services-1-1.jpg\" alt=\"\">\n\t\t\t\t\t\t<\/div>\n\t\t\t\t\t\t\t\t\t\t\t\t\t\t\t\t\t\t\t\t\t<div class=\"content-item content-simple-wrapper common-text\"><h2>Des services de TIC \u00e9prouv\u00e9s pour les environnements de travail modernes<\/h2>\n<p>R\u00e9seaux\u00a0TA est un partenaire de confiance pour r\u00e9pondre \u00e0 tous vos besoins en mati\u00e8re de TIC et stimuler la croissance de votre organisation. Nous proposons des services de bout en bout, notamment une expertise-conseil en mati\u00e8re de communications unifi\u00e9es et de TIC, de m\u00eame que des services de conception, de gestion de projet, de virtualisation et d\u2019installation.<\/p>\n<p><a class=\"button\" href=\"https:\/\/tanetworks.ca\/fr\/services\/professional-ict-services\/\">Obtenez tous les d\u00e9tails<\/a><\/p>\n<\/div>\n\t\t\t\t\t\t\t\t\t\t\t\t\t\t\t\t\t\t<\/div>\n\t\t\t\t\t\t\t\t\t<div class=\"content-wrapper\" data-item-index=\"2\" data-watch>\n\t\t\t\t\t\t<div class=\"content-item image-wrapper__mobile\">\n\t\t\t\t\t\t\t<img decoding=\"async\" src=\"https:\/\/tanetworks.ca\/wp-content\/uploads\/2022\/04\/image-services-2.jpg\" alt=\"\">\n\t\t\t\t\t\t<\/div>\n\t\t\t\t\t\t\t\t\t\t\t\t\t\t\t\t\t\t\t\t\t<div class=\"content-item content-simple-wrapper common-text\"><h2>Services infonuagiques g\u00e9r\u00e9s \u00e0 haut rendement<\/h2>\n<p>Faites confiance \u00e0 un fournisseur de services infonuagiques g\u00e9r\u00e9s offrant une \u00e9volutivit\u00e9, une s\u00e9curit\u00e9 et une fiabilit\u00e9 maximales pour prendre en charge vos fonctions d\u2019affaires. R\u00e9seaux\u00a0TA d\u00e9ploie des infrastructures infonuagiques abordables sous forme de service (IaaS), priv\u00e9es ou hybrides, ainsi que des produits de communication Internet et de transmission de donn\u00e9es reposant sur un mod\u00e8le commercial utilitaire.<\/p>\n<p><a class=\"button\" href=\"https:\/\/tanetworks.ca\/fr\/services\/cloud-services\/\">En savoir plus<\/a><\/p>\n<\/div>\n\t\t\t\t\t\t\t\t\t\t\t\t\t\t\t\t\t\t<\/div>\n\t\t\t\t\t\t\t\t\t<div class=\"content-wrapper\" data-item-index=\"3\" data-watch>\n\t\t\t\t\t\t<div class=\"content-item image-wrapper__mobile\">\n\t\t\t\t\t\t\t<img decoding=\"async\" src=\"https:\/\/tanetworks.ca\/wp-content\/uploads\/2022\/04\/image-services-1.jpg\" alt=\"\">\n\t\t\t\t\t\t<\/div>\n\t\t\t\t\t\t\t\t\t\t\t\t\t\t\t\t\t\t\t\t\t<div class=\"content-item content-simple-wrapper common-text\"><h2>Services informatiques g\u00e9r\u00e9s pour maximiser l\u2019efficacit\u00e9 du personnel et des op\u00e9rations<\/h2>\n<p>Concentrez-vous sur vos t\u00e2ches essentielles. R\u00e9seaux\u00a0TA veille sur le volet informatique. Notre groupe de services informatiques g\u00e9r\u00e9s dispose du savoir-faire pour prendre en charge tous vos probl\u00e8mes informatiques, peu importe votre infrastructure et vos applications, et pour prendre le relais lorsque vous manquez de personnel.<\/p>\n<p><a class=\"button\" href=\"https:\/\/tanetworks.ca\/fr\/services\/managed-it-services\/\">D\u00e9couvrez nos services<\/a><\/p>\n<\/div>\n\t\t\t\t\t\t\t\t\t\t\t\t\t\t\t\t\t\t<\/div>\n\t\t\t\t\t\t\t<\/div>\n\t\t<\/div>\n\t<\/div>\n<\/section>\n\n\t<section id=\"block-6254958c47304\" class=\"block presentation-clients\" data-watch>\n\t\t<div class=\"container\">\n\t\t\t<div class=\"presentation-clients-outer\">\n\t\t\t\t<div class=\"title-wrapper\">\n\t\t\t\t\t<h2>Clients qui font confiance \u00e0 R\u00e9seaux\u00a0TA<\/h2>\n\t\t\t\t<\/div>\n\t\t\t\t<div class=\"presentation-clients-inner\">\n\t\t\t\t\t\t\t\t\t\t\t<div class=\"presentation-client-item\">\n\t\t\t\t\t\t\t<img decoding=\"async\" src=\"https:\/\/tanetworks.ca\/wp-content\/uploads\/2022\/04\/logos-clients-brockville-general-hospital-bleu.jpg\" alt=\"\">\n\t\t\t\t\t\t<\/div>\n\t\t\t\t\t\t\t\t\t\t\t<div class=\"presentation-client-item\">\n\t\t\t\t\t\t\t<img decoding=\"async\" src=\"https:\/\/tanetworks.ca\/wp-content\/uploads\/2022\/04\/logos-clients-granite-club-bleu.jpg\" alt=\"\">\n\t\t\t\t\t\t<\/div>\n\t\t\t\t\t\t\t\t\t\t\t<div class=\"presentation-client-item\">\n\t\t\t\t\t\t\t<img decoding=\"async\" src=\"https:\/\/tanetworks.ca\/wp-content\/uploads\/2022\/04\/logos-clients-bcu-bleu.jpg\" alt=\"\">\n\t\t\t\t\t\t<\/div>\n\t\t\t\t\t\t\t\t\t\t\t<div class=\"presentation-client-item\">\n\t\t\t\t\t\t\t<img decoding=\"async\" src=\"https:\/\/tanetworks.ca\/wp-content\/uploads\/2022\/04\/logos-clients-ppg-paints-bleu.jpg\" alt=\"\">\n\t\t\t\t\t\t<\/div>\n\t\t\t\t\t\t\t\t\t\t\t<div class=\"presentation-client-item\">\n\t\t\t\t\t\t\t<img decoding=\"async\" src=\"https:\/\/tanetworks.ca\/wp-content\/uploads\/2022\/04\/logos-clients-the-beer-store-bleu.jpg\" alt=\"\">\n\t\t\t\t\t\t<\/div>\n\t\t\t\t\t\t\t\t\t\t\t<div class=\"presentation-client-item\">\n\t\t\t\t\t\t\t<img decoding=\"async\" src=\"https:\/\/tanetworks.ca\/wp-content\/uploads\/2022\/04\/logos-clients-sunray-group-bleu.jpg\" alt=\"\">\n\t\t\t\t\t\t<\/div>\n\t\t\t\t\t\t\t\t\t<\/div>\n\t\t\t<\/div>\n\t\t<\/div>\n\t<\/section>\n\n\n<section id=\"block-6254959a47305\" class=\"block cta-box\" data-watch>\n\t<div class=\"container\">\n\t\t<div class=\"cta-box-inner\">\n\t\t\t<div class=\"left-column common-text\">\n\t\t\t\t<h2>Parlez \u00e0 un expert de R\u00e9seaux\u00a0TA d\u00e8s aujourd\u2019hui<\/h2>\n<p>Chaque entreprise est unique. C\u2019est pourquoi nous adaptons nos solutions technologiques \u00e0 votre \u00e9quipe et \u00e0 votre contexte particulier. Communiquez avec nous sans d\u00e9lai. Vous d\u00e9couvrirez comment nous pouvons vous aider \u00e0 rationaliser vos op\u00e9rations et \u00e0 augmenter la productivit\u00e9 de vos \u00e9quipes.<\/p>\n<p><a class=\"button\" href=\"https:\/\/tanetworks.ca\/fr\/contact\/\">Communiquez avec nous<\/a><\/p>\n\n\t\t\t<\/div>\n\t\t\t<div class=\"right-column\">\n\t\t\t\t<div class=\"image-wrapper\" style=\"background-image:url(https:\/\/tanetworks.ca\/wp-content\/uploads\/2022\/04\/lets-talk-services.jpg)\"><\/div>\n\t\t\t<\/div>\n\t\t<\/div>\n\t<\/div>\n<\/section>","protected":false},"excerpt":{"rendered":"","protected":false},"author":5,"featured_media":0,"parent":0,"menu_order":30,"comment_status":"closed","ping_status":"closed","template":"","meta":{"_acf_changed":false,"_crdt_document":"","inline_featured_image":false,"footnotes":""},"class_list":["post-861","page","type-page","status-publish","hentry"],"acf":[],"yoast_head":"<!-- This site is optimized with the Yoast SEO plugin v27.5 - https:\/\/yoast.com\/product\/yoast-seo-wordpress\/ -->\n<title>Services g\u00e9r\u00e9s \u2502 Services infonuagiques \u2502 TIC \u2502 R\u00e9seaux\u00a0TA<\/title>\n<meta name=\"description\" content=\"Besoin de solutions de TI, de TI g\u00e9r\u00e9es ou infonuagiques? Faites confiance \u00e0 R\u00e9seaux\u00a0TA pour vos communications d\u2019entreprise. Services rapides et \u00e9prouv\u00e9s.\" \/>\n<meta name=\"robots\" content=\"index, follow, max-snippet:-1, max-image-preview:large, max-video-preview:-1\" \/>\n<link rel=\"canonical\" href=\"https:\/\/tanetworks.ca\/services\" \/>\n<meta property=\"og:locale\" content=\"fr_FR\" \/>\n<meta property=\"og:type\" content=\"article\" \/>\n<meta property=\"og:title\" content=\"Services g\u00e9r\u00e9s \u2502 Services infonuagiques \u2502 TIC \u2502 R\u00e9seaux\u00a0TA\" \/>\n<meta property=\"og:description\" content=\"Besoin de solutions de TI, de TI g\u00e9r\u00e9es ou infonuagiques? Faites confiance \u00e0 R\u00e9seaux\u00a0TA pour vos communications d\u2019entreprise. Services rapides et \u00e9prouv\u00e9s.\" \/>\n<meta property=\"og:url\" content=\"https:\/\/tanetworks.ca\/services\" \/>\n<meta property=\"og:site_name\" content=\"TA Networks\" \/>\n<meta property=\"article:modified_time\" content=\"2022-05-05T14:11:35+00:00\" \/>\n<meta name=\"twitter:card\" content=\"summary_large_image\" \/>\n<script type=\"application\/ld+json\" class=\"yoast-schema-graph\">{\"@context\":\"https:\\\/\\\/schema.org\",\"@graph\":[{\"@type\":\"WebPage\",\"@id\":\"https:\\\/\\\/tanetworks.ca\\\/services\",\"url\":\"https:\\\/\\\/tanetworks.ca\\\/services\",\"name\":\"Services g\u00e9r\u00e9s \u2502 Services infonuagiques \u2502 TIC \u2502 R\u00e9seaux\u00a0TA\",\"isPartOf\":{\"@id\":\"https:\\\/\\\/tanetworks.ca\\\/#website\"},\"datePublished\":\"2022-04-11T11:33:33+00:00\",\"dateModified\":\"2022-05-05T14:11:35+00:00\",\"description\":\"Besoin de solutions de TI, de TI g\u00e9r\u00e9es ou infonuagiques? Faites confiance \u00e0 R\u00e9seaux\u00a0TA pour vos communications d\u2019entreprise. Services rapides et \u00e9prouv\u00e9s.\",\"breadcrumb\":{\"@id\":\"https:\\\/\\\/tanetworks.ca\\\/services#breadcrumb\"},\"inLanguage\":\"fr-FR\",\"potentialAction\":[{\"@type\":\"ReadAction\",\"target\":[\"https:\\\/\\\/tanetworks.ca\\\/services\"]}]},{\"@type\":\"BreadcrumbList\",\"@id\":\"https:\\\/\\\/tanetworks.ca\\\/services#breadcrumb\",\"itemListElement\":[{\"@type\":\"ListItem\",\"position\":1,\"name\":\"Home\",\"item\":\"https:\\\/\\\/tanetworks.ca\\\/fr\"},{\"@type\":\"ListItem\",\"position\":2,\"name\":\"Services\"}]},{\"@type\":\"WebSite\",\"@id\":\"https:\\\/\\\/tanetworks.ca\\\/#website\",\"url\":\"https:\\\/\\\/tanetworks.ca\\\/\",\"name\":\"tanetworks.ca\",\"description\":\"Un site utilisant WordPress\",\"publisher\":{\"@id\":\"https:\\\/\\\/tanetworks.ca\\\/#organization\"},\"potentialAction\":[{\"@type\":\"SearchAction\",\"target\":{\"@type\":\"EntryPoint\",\"urlTemplate\":\"https:\\\/\\\/tanetworks.ca\\\/?s={search_term_string}\"},\"query-input\":{\"@type\":\"PropertyValueSpecification\",\"valueRequired\":true,\"valueName\":\"search_term_string\"}}],\"inLanguage\":\"fr-FR\"},{\"@type\":\"Organization\",\"@id\":\"https:\\\/\\\/tanetworks.ca\\\/#organization\",\"name\":\"TA Networks\",\"url\":\"https:\\\/\\\/tanetworks.ca\\\/\",\"logo\":{\"@type\":\"ImageObject\",\"inLanguage\":\"fr-FR\",\"@id\":\"https:\\\/\\\/tanetworks.ca\\\/#\\\/schema\\\/logo\\\/image\\\/\",\"url\":\"https:\\\/\\\/tanetworks.ca\\\/wp-content\\\/uploads\\\/2023\\\/07\\\/Picture1.png\",\"contentUrl\":\"https:\\\/\\\/tanetworks.ca\\\/wp-content\\\/uploads\\\/2023\\\/07\\\/Picture1.png\",\"width\":143,\"height\":142,\"caption\":\"TA Networks\"},\"image\":{\"@id\":\"https:\\\/\\\/tanetworks.ca\\\/#\\\/schema\\\/logo\\\/image\\\/\"}}]}<\/script>\n<!-- \/ Yoast SEO plugin. -->","yoast_head_json":{"title":"Services g\u00e9r\u00e9s \u2502 Services infonuagiques \u2502 TIC \u2502 R\u00e9seaux\u00a0TA","description":"Besoin de solutions de TI, de TI g\u00e9r\u00e9es ou infonuagiques? Faites confiance \u00e0 R\u00e9seaux\u00a0TA pour vos communications d\u2019entreprise. Services rapides et \u00e9prouv\u00e9s.","robots":{"index":"index","follow":"follow","max-snippet":"max-snippet:-1","max-image-preview":"max-image-preview:large","max-video-preview":"max-video-preview:-1"},"canonical":"https:\/\/tanetworks.ca\/services","og_locale":"fr_FR","og_type":"article","og_title":"Services g\u00e9r\u00e9s \u2502 Services infonuagiques \u2502 TIC \u2502 R\u00e9seaux\u00a0TA","og_description":"Besoin de solutions de TI, de TI g\u00e9r\u00e9es ou infonuagiques? Faites confiance \u00e0 R\u00e9seaux\u00a0TA pour vos communications d\u2019entreprise. Services rapides et \u00e9prouv\u00e9s.","og_url":"https:\/\/tanetworks.ca\/services","og_site_name":"TA Networks","article_modified_time":"2022-05-05T14:11:35+00:00","twitter_card":"summary_large_image","schema":{"@context":"https:\/\/schema.org","@graph":[{"@type":"WebPage","@id":"https:\/\/tanetworks.ca\/services","url":"https:\/\/tanetworks.ca\/services","name":"Services g\u00e9r\u00e9s \u2502 Services infonuagiques \u2502 TIC \u2502 R\u00e9seaux\u00a0TA","isPartOf":{"@id":"https:\/\/tanetworks.ca\/#website"},"datePublished":"2022-04-11T11:33:33+00:00","dateModified":"2022-05-05T14:11:35+00:00","description":"Besoin de solutions de TI, de TI g\u00e9r\u00e9es ou infonuagiques? Faites confiance \u00e0 R\u00e9seaux\u00a0TA pour vos communications d\u2019entreprise. Services rapides et \u00e9prouv\u00e9s.","breadcrumb":{"@id":"https:\/\/tanetworks.ca\/services#breadcrumb"},"inLanguage":"fr-FR","potentialAction":[{"@type":"ReadAction","target":["https:\/\/tanetworks.ca\/services"]}]},{"@type":"BreadcrumbList","@id":"https:\/\/tanetworks.ca\/services#breadcrumb","itemListElement":[{"@type":"ListItem","position":1,"name":"Home","item":"https:\/\/tanetworks.ca\/fr"},{"@type":"ListItem","position":2,"name":"Services"}]},{"@type":"WebSite","@id":"https:\/\/tanetworks.ca\/#website","url":"https:\/\/tanetworks.ca\/","name":"tanetworks.ca","description":"Un site utilisant WordPress","publisher":{"@id":"https:\/\/tanetworks.ca\/#organization"},"potentialAction":[{"@type":"SearchAction","target":{"@type":"EntryPoint","urlTemplate":"https:\/\/tanetworks.ca\/?s={search_term_string}"},"query-input":{"@type":"PropertyValueSpecification","valueRequired":true,"valueName":"search_term_string"}}],"inLanguage":"fr-FR"},{"@type":"Organization","@id":"https:\/\/tanetworks.ca\/#organization","name":"TA Networks","url":"https:\/\/tanetworks.ca\/","logo":{"@type":"ImageObject","inLanguage":"fr-FR","@id":"https:\/\/tanetworks.ca\/#\/schema\/logo\/image\/","url":"https:\/\/tanetworks.ca\/wp-content\/uploads\/2023\/07\/Picture1.png","contentUrl":"https:\/\/tanetworks.ca\/wp-content\/uploads\/2023\/07\/Picture1.png","width":143,"height":142,"caption":"TA Networks"},"image":{"@id":"https:\/\/tanetworks.ca\/#\/schema\/logo\/image\/"}}]}},"_links":{"self":[{"href":"https:\/\/tanetworks.ca\/fr\/wp-json\/wp\/v2\/pages\/861","targetHints":{"allow":["GET"]}}],"collection":[{"href":"https:\/\/tanetworks.ca\/fr\/wp-json\/wp\/v2\/pages"}],"about":[{"href":"https:\/\/tanetworks.ca\/fr\/wp-json\/wp\/v2\/types\/page"}],"author":[{"embeddable":true,"href":"https:\/\/tanetworks.ca\/fr\/wp-json\/wp\/v2\/users\/5"}],"replies":[{"embeddable":true,"href":"https:\/\/tanetworks.ca\/fr\/wp-json\/wp\/v2\/comments?post=861"}],"version-history":[{"count":8,"href":"https:\/\/tanetworks.ca\/fr\/wp-json\/wp\/v2\/pages\/861\/revisions"}],"predecessor-version":[{"id":1016,"href":"https:\/\/tanetworks.ca\/fr\/wp-json\/wp\/v2\/pages\/861\/revisions\/1016"}],"wp:attachment":[{"href":"https:\/\/tanetworks.ca\/fr\/wp-json\/wp\/v2\/media?parent=861"}],"curies":[{"name":"wp","href":"https:\/\/api.w.org\/{rel}","templated":true}]}}