{"id":851,"date":"2022-04-04T21:24:47","date_gmt":"2022-04-04T21:24:47","guid":{"rendered":"https:\/\/tanetworks.ca\/accueil\/"},"modified":"2022-11-30T21:13:58","modified_gmt":"2022-11-30T21:13:58","slug":"accueil","status":"publish","type":"page","link":"https:\/\/tanetworks.ca\/fr","title":{"rendered":"Accueil"},"content":{"rendered":"<section id=\"block-62543f7374a4f\" class=\"block header-main\" data-watch>\n\t<div class=\"header-main-background-wrapper\"><\/div>\n\t<div class=\"container\">\n\t\t<div class=\"header-main-inner\">\n\t\t\t<div class=\"title-wrapper\"><h1 style=\"text-align: center;\">Votre partenaire canadien de solutions infonuagiques g\u00e9r\u00e9es<\/h1>\n<\/div>\n\t\t\t<div class=\"tagline-wrapper\"><p style=\"text-align: center;\">Des communications sans compromis<\/p>\n<\/div>\n\t\t\t<div class=\"mobile-dot-wrapper\"><\/div>\n\t\t\t<div class=\"actions-wrapper\">\n\t\t\t\t\t\t\t\t\t<a class=\"button \" href=\"https:\/\/tanetworks.ca\/fr\/contact\/\" class=\"action-item\">Parlez \u00e0 un expert<\/a>\n\t\t\t\t\t\t\t\t\t<a class=\"button button__outline\" href=\"#ict-section\" class=\"action-item\">En savoir plus<\/a>\n\t\t\t\t\t\t\t<\/div>\n\t\t<\/div>\n\t<\/div>\n<\/section>\n\n<section id=\"block-62544a4e74a52\" class=\"block content-2-col-text-image-animated\">\n\t\t\t<div id=\"ict-section\" class=\"anchor\"><\/div>\n\t\t<div class=\"animation-trigger\"><\/div>\n\t<div class=\"container\">\n\t\t<div class=\"content-2-col-text-image-animated-inner\">\n\t\t\t<div class=\"left-column\">\n\t\t\t\t<div id=\"animation-pin\">\n\t\t\t\t\t\t\t\t\t\t\t<div class=\"image-wrapper image-wrapper__visible\" data-item-index=\"1\">\n\t\t\t\t\t\t\t<img decoding=\"async\" src=\"https:\/\/tanetworks.ca\/wp-content\/uploads\/2022\/04\/ict-needs-img-1.jpg\" alt=\"\">\n\t\t\t\t\t\t<\/div>\n\t\t\t\t\t\t\t\t\t\t\t<div class=\"image-wrapper \" data-item-index=\"2\">\n\t\t\t\t\t\t\t<img decoding=\"async\" src=\"https:\/\/tanetworks.ca\/wp-content\/uploads\/2022\/04\/ict-solutions-img-2.jpg\" alt=\"\">\n\t\t\t\t\t\t<\/div>\n\t\t\t\t\t\t\t\t\t\t\t<div class=\"image-wrapper \" data-item-index=\"3\">\n\t\t\t\t\t\t\t<img decoding=\"async\" src=\"https:\/\/tanetworks.ca\/wp-content\/uploads\/2022\/04\/experience-image-1.jpg\" alt=\"\">\n\t\t\t\t\t\t<\/div>\n\t\t\t\t\t\t\t\t\t<\/div>\n\t\t\t<\/div>\n\t\t\t<div class=\"right-column\">\n\t\t\t\t\t\t\t\t\t<div class=\"content-wrapper\" data-item-index=\"1\" data-watch>\n\t\t\t\t\t\t<div class=\"content-item image-wrapper__mobile\">\n\t\t\t\t\t\t\t<img decoding=\"async\" src=\"https:\/\/tanetworks.ca\/wp-content\/uploads\/2022\/04\/ict-needs-img-1.jpg\" alt=\"\">\n\t\t\t\t\t\t<\/div>\n\t\t\t\t\t\t\t\t\t\t\t\t\t\t\t\t\t\t\t\t\t<div class=\"content-item content-simple-wrapper common-text\"><h2>Un guichet unique pour tous vos besoins en mati\u00e8re de TIC<\/h2>\n<p>R\u00e9seaux\u00a0TA propose une gamme compl\u00e8te de solutions de technologies de l\u2019information et de la communication (TIC). Nos services de t\u00e9l\u00e9phonie, d\u2019infrastructure infonuagique et de r\u00e9seau sont flexibles et s\u00fbrs. Ils constituent une base fiable et \u00e9prouv\u00e9e pour am\u00e9liorer la connexion et la collaboration au sein de vos \u00e9quipes.<\/p>\n<\/div>\n\t\t\t\t\t\t\t\t\t\t\t\t\t\t\t\t\t\t\t\t\t\t\t\t\t\t\t\t<div class=\"content-item content-pictos-wrapper\">\n\t\t\t\t\t\t\t\t\t\t\t\t\t\t\t\t\t\t\t<div class=\"content-picto-wrapper\">\n\t\t\t\t\t\t\t\t\t\t\t<div class=\"content-picto-image-wrapper\">\n\t\t\t\t\t\t\t\t\t\t\t\t<a class=\"picto-link\" href=\"https:\/\/tanetworks.ca\/fr\/services\/professional-ict-services\/\">\t\t\t\t\t\t\t\t\t\t\t\t\t<div class=\"image image--img \">\n\t\t\t\t<div class=\"frame\">\n\t\t\t\t\t<picture>\n\t\t\t\t\t\t<source srcset=\"https:\/\/tanetworks.ca\/wp-content\/uploads\/2022\/04\/professional-ict-picto.svg\" type=\"image\/svg\"\/>\n\t\t\t\t\t\t<img decoding=\"async\" src=\"https:\/\/tanetworks.ca\/wp-content\/uploads\/2022\/04\/professional-ict-picto.svg\">\n\t\t\t\t\t<\/picture>\n\t\t\t\t<\/div>\n\t\t\t<\/div>\n\t\t\t\t\t\t\t\t\t\t\t\t<\/a>\t\t\t\t\t\t\t\t\t\t\t<\/div>\n\t\t\t\t\t\t\t\t\t\t\t<div class=\"content-picto-subtitle-wrapper\"><h3>Communications unifi\u00e9es<\/h3>\n<\/div>\n\t\t\t\t\t\t\t\t\t\t<\/div>\n\t\t\t\t\t\t\t\t\t\t\t\t\t\t\t\t\t\t\t<div class=\"content-picto-wrapper\">\n\t\t\t\t\t\t\t\t\t\t\t<div class=\"content-picto-image-wrapper\">\n\t\t\t\t\t\t\t\t\t\t\t\t<a class=\"picto-link\" href=\"https:\/\/tanetworks.ca\/fr\/services\/cloud-services\/\">\t\t\t\t\t\t\t\t\t\t\t\t\t<div class=\"image image--img \">\n\t\t\t\t<div class=\"frame\">\n\t\t\t\t\t<picture>\n\t\t\t\t\t\t<source srcset=\"https:\/\/tanetworks.ca\/wp-content\/uploads\/2022\/04\/ic-services-cloud-services.svg\" type=\"image\/svg\"\/>\n\t\t\t\t\t\t<img decoding=\"async\" src=\"https:\/\/tanetworks.ca\/wp-content\/uploads\/2022\/04\/ic-services-cloud-services.svg\">\n\t\t\t\t\t<\/picture>\n\t\t\t\t<\/div>\n\t\t\t<\/div>\n\t\t\t\t\t\t\t\t\t\t\t\t<\/a>\t\t\t\t\t\t\t\t\t\t\t<\/div>\n\t\t\t\t\t\t\t\t\t\t\t<div class=\"content-picto-subtitle-wrapper\"><h3>Services infonuagiques<\/h3>\n<\/div>\n\t\t\t\t\t\t\t\t\t\t<\/div>\n\t\t\t\t\t\t\t\t\t\t\t\t\t\t\t\t\t\t\t<div class=\"content-picto-wrapper\">\n\t\t\t\t\t\t\t\t\t\t\t<div class=\"content-picto-image-wrapper\">\n\t\t\t\t\t\t\t\t\t\t\t\t<a class=\"picto-link\" href=\"https:\/\/tanetworks.ca\/fr\/services\/managed-it-services\/\">\t\t\t\t\t\t\t\t\t\t\t\t\t<div class=\"image image--img \">\n\t\t\t\t<div class=\"frame\">\n\t\t\t\t\t<picture>\n\t\t\t\t\t\t<source srcset=\"https:\/\/tanetworks.ca\/wp-content\/uploads\/2022\/04\/ic-services-managed-IT.svg\" type=\"image\/svg\"\/>\n\t\t\t\t\t\t<img decoding=\"async\" src=\"https:\/\/tanetworks.ca\/wp-content\/uploads\/2022\/04\/ic-services-managed-IT.svg\">\n\t\t\t\t\t<\/picture>\n\t\t\t\t<\/div>\n\t\t\t<\/div>\n\t\t\t\t\t\t\t\t\t\t\t\t<\/a>\t\t\t\t\t\t\t\t\t\t\t<\/div>\n\t\t\t\t\t\t\t\t\t\t\t<div class=\"content-picto-subtitle-wrapper\"><h3>Services informatiques g\u00e9r\u00e9s<\/h3>\n<\/div>\n\t\t\t\t\t\t\t\t\t\t<\/div>\n\t\t\t\t\t\t\t\t\t\t\t\t\t\t\t\t\t<\/div>\n\t\t\t\t\t\t\t\t\t\t\t\t\t\t\t\t\t\t\t\t\t\t\t\t\t\t\t\t<div class=\"content-item content-simple-wrapper common-text\"><p><a class=\"button\" href=\"https:\/\/tanetworks.ca\/fr\/services\/\">D\u00e9couvrez nos services<\/a><\/p>\n<\/div>\n\t\t\t\t\t\t\t\t\t\t\t\t\t\t\t\t\t\t<\/div>\n\t\t\t\t\t\t\t\t\t<div class=\"content-wrapper\" data-item-index=\"2\" data-watch>\n\t\t\t\t\t\t<div class=\"content-item image-wrapper__mobile\">\n\t\t\t\t\t\t\t<img decoding=\"async\" src=\"https:\/\/tanetworks.ca\/wp-content\/uploads\/2022\/04\/ict-solutions-img-2.jpg\" alt=\"\">\n\t\t\t\t\t\t<\/div>\n\t\t\t\t\t\t\t\t\t\t\t\t\t\t\t\t\t\t\t\t\t<div class=\"content-item content-simple-wrapper common-text\"><h2>Des solutions de TIC de premier plan adapt\u00e9es \u00e0 vos besoins<\/h2>\n<p>Pas de solutions standardis\u00e9es avec R\u00e9seaux\u00a0TA! Quel que soit votre secteur d\u2019activit\u00e9 ou la taille de votre entreprise, nos experts s\u2019adaptent et vous proposent des solutions \u00e9volutives et rentables qui correspondent en tout point \u00e0 vos activit\u00e9s.<\/p>\n<p><a class=\"button\" href=\"https:\/\/tanetworks.ca\/fr\/industries\/\">D\u00e9couvrez nos secteurs d\u2019activit\u00e9<\/a><\/p>\n<\/div>\n\t\t\t\t\t\t\t\t\t\t\t\t\t\t\t\t\t\t<\/div>\n\t\t\t\t\t\t\t\t\t<div class=\"content-wrapper\" data-item-index=\"3\" data-watch>\n\t\t\t\t\t\t<div class=\"content-item image-wrapper__mobile\">\n\t\t\t\t\t\t\t<img decoding=\"async\" src=\"https:\/\/tanetworks.ca\/wp-content\/uploads\/2022\/04\/experience-image-1.jpg\" alt=\"\">\n\t\t\t\t\t\t<\/div>\n\t\t\t\t\t\t\t\t\t\t\t\t\t\t\t\t\t\t\t\t\t<div class=\"content-item content-simple-wrapper common-text\"><h2>Une exp\u00e9rience calcul\u00e9e en d\u00e9cennies et un savoir-faire in\u00e9gal\u00e9<\/h2>\n<p>R\u00e9seaux\u00a0TA fait sa marque depuis plus de 30\u00a0ans dans le domaine des t\u00e9l\u00e9communications, des services de TI et des infrastructures informatiques. Plus de 1\u00a0500\u00a0clients satisfaits peuvent t\u00e9moigner des bienfaits de nos solutions et services dans l\u2019am\u00e9lioration de l\u2019efficacit\u00e9 de leurs \u00e9quipes, la r\u00e9solution de leurs probl\u00e8mes logistiques et l\u2019atteinte de leurs principaux objectifs commerciaux.<\/p>\n<p><a class=\"button\" href=\"https:\/\/tanetworks.ca\/fr\/about-us\/\">En savoir plus<\/a><\/p>\n<\/div>\n\t\t\t\t\t\t\t\t\t\t\t\t\t\t\t\t\t\t<\/div>\n\t\t\t\t\t\t\t<\/div>\n\t\t<\/div>\n\t<\/div>\n<\/section>\n\n\t<section id=\"block-625486229c25d\" class=\"block presentation-clients\" data-watch>\n\t\t<div class=\"container\">\n\t\t\t<div class=\"presentation-clients-outer\">\n\t\t\t\t<div class=\"title-wrapper\">\n\t\t\t\t\t<h2>Clients qui font confiance \u00e0 R\u00e9seaux\u00a0TA<\/h2>\n\t\t\t\t<\/div>\n\t\t\t\t<div class=\"presentation-clients-inner\">\n\t\t\t\t\t\t\t\t\t\t\t<div class=\"presentation-client-item\">\n\t\t\t\t\t\t\t<img decoding=\"async\" src=\"https:\/\/tanetworks.ca\/wp-content\/uploads\/2022\/04\/logos-clients-brockville-general-hospital-bleu.jpg\" alt=\"\">\n\t\t\t\t\t\t<\/div>\n\t\t\t\t\t\t\t\t\t\t\t<div class=\"presentation-client-item\">\n\t\t\t\t\t\t\t<img decoding=\"async\" src=\"https:\/\/tanetworks.ca\/wp-content\/uploads\/2022\/04\/logos-clients-granite-club-bleu.jpg\" alt=\"\">\n\t\t\t\t\t\t<\/div>\n\t\t\t\t\t\t\t\t\t\t\t<div class=\"presentation-client-item\">\n\t\t\t\t\t\t\t<img decoding=\"async\" src=\"https:\/\/tanetworks.ca\/wp-content\/uploads\/2022\/04\/logos-clients-bcu-bleu.jpg\" alt=\"\">\n\t\t\t\t\t\t<\/div>\n\t\t\t\t\t\t\t\t\t\t\t<div class=\"presentation-client-item\">\n\t\t\t\t\t\t\t<img decoding=\"async\" src=\"https:\/\/tanetworks.ca\/wp-content\/uploads\/2022\/04\/logos-clients-ppg-paints-bleu.jpg\" alt=\"\">\n\t\t\t\t\t\t<\/div>\n\t\t\t\t\t\t\t\t\t\t\t<div class=\"presentation-client-item\">\n\t\t\t\t\t\t\t<img decoding=\"async\" src=\"https:\/\/tanetworks.ca\/wp-content\/uploads\/2022\/04\/logos-clients-the-beer-store-bleu.jpg\" alt=\"\">\n\t\t\t\t\t\t<\/div>\n\t\t\t\t\t\t\t\t\t\t\t<div class=\"presentation-client-item\">\n\t\t\t\t\t\t\t<img decoding=\"async\" src=\"https:\/\/tanetworks.ca\/wp-content\/uploads\/2022\/04\/logos-clients-sunray-group-bleu.jpg\" alt=\"\">\n\t\t\t\t\t\t<\/div>\n\t\t\t\t\t\t\t\t\t<\/div>\n\t\t\t<\/div>\n\t\t<\/div>\n\t<\/section>\n\n\n<section id=\"block-625489515af15\" class=\"block cta-box\" data-watch>\n\t<div class=\"container\">\n\t\t<div class=\"cta-box-inner\">\n\t\t\t<div class=\"left-column common-text\">\n\t\t\t\t<h2>Parlez \u00e0 un expert de R\u00e9seaux\u00a0TA d\u00e8s aujourd\u2019hui<\/h2>\n<p>Chaque entreprise est unique. C\u2019est pourquoi nous adaptons nos solutions technologiques \u00e0 votre \u00e9quipe et \u00e0 votre contexte particulier. Communiquez avec nous sans d\u00e9lai. Vous d\u00e9couvrirez comment nous pouvons vous aider \u00e0 rationaliser vos op\u00e9rations et \u00e0 augmenter la productivit\u00e9 de vos \u00e9quipes.<\/p>\n<p><a class=\"button\" href=\"https:\/\/tanetworks.ca\/fr\/contact\/\">Communiquez avec nous<\/a><\/p>\n\n\t\t\t<\/div>\n\t\t\t<div class=\"right-column\">\n\t\t\t\t<div class=\"image-wrapper\" style=\"background-image:url(https:\/\/tanetworks.ca\/wp-content\/uploads\/2022\/04\/lets-talk-homepage.jpg)\"><\/div>\n\t\t\t<\/div>\n\t\t<\/div>\n\t<\/div>\n<\/section>","protected":false},"excerpt":{"rendered":"","protected":false},"author":5,"featured_media":0,"parent":0,"menu_order":32,"comment_status":"closed","ping_status":"closed","template":"","meta":{"_acf_changed":false,"_crdt_document":"","inline_featured_image":false,"footnotes":""},"class_list":["post-851","page","type-page","status-publish","hentry"],"acf":[],"yoast_head":"<!-- This site is optimized with the Yoast SEO plugin v27.4 - https:\/\/yoast.com\/product\/yoast-seo-wordpress\/ -->\n<title>Services de TI \u2502 T\u00e9l\u00e9communications \u2502 Infrastructure \u2502 R\u00e9seaux\u00a0TA<\/title>\n<meta name=\"description\" content=\"D\u00e9couvrez les solutions et la vaste exp\u00e9rience en TIC de R\u00e9seaux\u00a0TA pour les entreprises canadiennes. Finis les compromis sur vos communications d\u2019entreprise!\" \/>\n<meta name=\"robots\" content=\"index, follow, max-snippet:-1, max-image-preview:large, max-video-preview:-1\" \/>\n<link rel=\"canonical\" href=\"https:\/\/tanetworks.ca\/fr\" \/>\n<meta property=\"og:locale\" content=\"fr_FR\" \/>\n<meta property=\"og:type\" content=\"article\" \/>\n<meta property=\"og:title\" content=\"Services de TI \u2502 T\u00e9l\u00e9communications \u2502 Infrastructure \u2502 R\u00e9seaux\u00a0TA\" \/>\n<meta property=\"og:description\" content=\"D\u00e9couvrez les solutions et la vaste exp\u00e9rience en TIC de R\u00e9seaux\u00a0TA pour les entreprises canadiennes. Finis les compromis sur vos communications d\u2019entreprise!\" \/>\n<meta property=\"og:url\" content=\"https:\/\/tanetworks.ca\/fr\" \/>\n<meta property=\"og:site_name\" content=\"TA Networks\" \/>\n<meta property=\"article:modified_time\" content=\"2022-11-30T21:13:58+00:00\" \/>\n<meta name=\"twitter:card\" content=\"summary_large_image\" \/>\n<script type=\"application\/ld+json\" class=\"yoast-schema-graph\">{\"@context\":\"https:\\\/\\\/schema.org\",\"@graph\":[{\"@type\":\"WebPage\",\"@id\":\"https:\\\/\\\/tanetworks.ca\\\/fr\",\"url\":\"https:\\\/\\\/tanetworks.ca\\\/fr\",\"name\":\"Services de TI \u2502 T\u00e9l\u00e9communications \u2502 Infrastructure \u2502 R\u00e9seaux\u00a0TA\",\"isPartOf\":{\"@id\":\"https:\\\/\\\/tanetworks.ca\\\/#website\"},\"datePublished\":\"2022-04-04T21:24:47+00:00\",\"dateModified\":\"2022-11-30T21:13:58+00:00\",\"description\":\"D\u00e9couvrez les solutions et la vaste exp\u00e9rience en TIC de R\u00e9seaux\u00a0TA pour les entreprises canadiennes. Finis les compromis sur vos communications d\u2019entreprise!\",\"breadcrumb\":{\"@id\":\"https:\\\/\\\/tanetworks.ca\\\/fr#breadcrumb\"},\"inLanguage\":\"fr-FR\",\"potentialAction\":[{\"@type\":\"ReadAction\",\"target\":[\"https:\\\/\\\/tanetworks.ca\\\/fr\"]}]},{\"@type\":\"BreadcrumbList\",\"@id\":\"https:\\\/\\\/tanetworks.ca\\\/fr#breadcrumb\",\"itemListElement\":[{\"@type\":\"ListItem\",\"position\":1,\"name\":\"Home\",\"item\":\"https:\\\/\\\/tanetworks.ca\\\/fr\"},{\"@type\":\"ListItem\",\"position\":2,\"name\":\"Accueil\"}]},{\"@type\":\"WebSite\",\"@id\":\"https:\\\/\\\/tanetworks.ca\\\/#website\",\"url\":\"https:\\\/\\\/tanetworks.ca\\\/\",\"name\":\"tanetworks.ca\",\"description\":\"Un site utilisant WordPress\",\"publisher\":{\"@id\":\"https:\\\/\\\/tanetworks.ca\\\/#organization\"},\"potentialAction\":[{\"@type\":\"SearchAction\",\"target\":{\"@type\":\"EntryPoint\",\"urlTemplate\":\"https:\\\/\\\/tanetworks.ca\\\/?s={search_term_string}\"},\"query-input\":{\"@type\":\"PropertyValueSpecification\",\"valueRequired\":true,\"valueName\":\"search_term_string\"}}],\"inLanguage\":\"fr-FR\"},{\"@type\":\"Organization\",\"@id\":\"https:\\\/\\\/tanetworks.ca\\\/#organization\",\"name\":\"TA Networks\",\"url\":\"https:\\\/\\\/tanetworks.ca\\\/\",\"logo\":{\"@type\":\"ImageObject\",\"inLanguage\":\"fr-FR\",\"@id\":\"https:\\\/\\\/tanetworks.ca\\\/#\\\/schema\\\/logo\\\/image\\\/\",\"url\":\"https:\\\/\\\/tanetworks.ca\\\/wp-content\\\/uploads\\\/2023\\\/07\\\/Picture1.png\",\"contentUrl\":\"https:\\\/\\\/tanetworks.ca\\\/wp-content\\\/uploads\\\/2023\\\/07\\\/Picture1.png\",\"width\":143,\"height\":142,\"caption\":\"TA Networks\"},\"image\":{\"@id\":\"https:\\\/\\\/tanetworks.ca\\\/#\\\/schema\\\/logo\\\/image\\\/\"}}]}<\/script>\n<!-- \/ Yoast SEO plugin. -->","yoast_head_json":{"title":"Services de TI \u2502 T\u00e9l\u00e9communications \u2502 Infrastructure \u2502 R\u00e9seaux\u00a0TA","description":"D\u00e9couvrez les solutions et la vaste exp\u00e9rience en TIC de R\u00e9seaux\u00a0TA pour les entreprises canadiennes. Finis les compromis sur vos communications d\u2019entreprise!","robots":{"index":"index","follow":"follow","max-snippet":"max-snippet:-1","max-image-preview":"max-image-preview:large","max-video-preview":"max-video-preview:-1"},"canonical":"https:\/\/tanetworks.ca\/fr","og_locale":"fr_FR","og_type":"article","og_title":"Services de TI \u2502 T\u00e9l\u00e9communications \u2502 Infrastructure \u2502 R\u00e9seaux\u00a0TA","og_description":"D\u00e9couvrez les solutions et la vaste exp\u00e9rience en TIC de R\u00e9seaux\u00a0TA pour les entreprises canadiennes. Finis les compromis sur vos communications d\u2019entreprise!","og_url":"https:\/\/tanetworks.ca\/fr","og_site_name":"TA Networks","article_modified_time":"2022-11-30T21:13:58+00:00","twitter_card":"summary_large_image","schema":{"@context":"https:\/\/schema.org","@graph":[{"@type":"WebPage","@id":"https:\/\/tanetworks.ca\/fr","url":"https:\/\/tanetworks.ca\/fr","name":"Services de TI \u2502 T\u00e9l\u00e9communications \u2502 Infrastructure \u2502 R\u00e9seaux\u00a0TA","isPartOf":{"@id":"https:\/\/tanetworks.ca\/#website"},"datePublished":"2022-04-04T21:24:47+00:00","dateModified":"2022-11-30T21:13:58+00:00","description":"D\u00e9couvrez les solutions et la vaste exp\u00e9rience en TIC de R\u00e9seaux\u00a0TA pour les entreprises canadiennes. Finis les compromis sur vos communications d\u2019entreprise!","breadcrumb":{"@id":"https:\/\/tanetworks.ca\/fr#breadcrumb"},"inLanguage":"fr-FR","potentialAction":[{"@type":"ReadAction","target":["https:\/\/tanetworks.ca\/fr"]}]},{"@type":"BreadcrumbList","@id":"https:\/\/tanetworks.ca\/fr#breadcrumb","itemListElement":[{"@type":"ListItem","position":1,"name":"Home","item":"https:\/\/tanetworks.ca\/fr"},{"@type":"ListItem","position":2,"name":"Accueil"}]},{"@type":"WebSite","@id":"https:\/\/tanetworks.ca\/#website","url":"https:\/\/tanetworks.ca\/","name":"tanetworks.ca","description":"Un site utilisant WordPress","publisher":{"@id":"https:\/\/tanetworks.ca\/#organization"},"potentialAction":[{"@type":"SearchAction","target":{"@type":"EntryPoint","urlTemplate":"https:\/\/tanetworks.ca\/?s={search_term_string}"},"query-input":{"@type":"PropertyValueSpecification","valueRequired":true,"valueName":"search_term_string"}}],"inLanguage":"fr-FR"},{"@type":"Organization","@id":"https:\/\/tanetworks.ca\/#organization","name":"TA Networks","url":"https:\/\/tanetworks.ca\/","logo":{"@type":"ImageObject","inLanguage":"fr-FR","@id":"https:\/\/tanetworks.ca\/#\/schema\/logo\/image\/","url":"https:\/\/tanetworks.ca\/wp-content\/uploads\/2023\/07\/Picture1.png","contentUrl":"https:\/\/tanetworks.ca\/wp-content\/uploads\/2023\/07\/Picture1.png","width":143,"height":142,"caption":"TA Networks"},"image":{"@id":"https:\/\/tanetworks.ca\/#\/schema\/logo\/image\/"}}]}},"_links":{"self":[{"href":"https:\/\/tanetworks.ca\/fr\/wp-json\/wp\/v2\/pages\/851","targetHints":{"allow":["GET"]}}],"collection":[{"href":"https:\/\/tanetworks.ca\/fr\/wp-json\/wp\/v2\/pages"}],"about":[{"href":"https:\/\/tanetworks.ca\/fr\/wp-json\/wp\/v2\/types\/page"}],"author":[{"embeddable":true,"href":"https:\/\/tanetworks.ca\/fr\/wp-json\/wp\/v2\/users\/5"}],"replies":[{"embeddable":true,"href":"https:\/\/tanetworks.ca\/fr\/wp-json\/wp\/v2\/comments?post=851"}],"version-history":[{"count":23,"href":"https:\/\/tanetworks.ca\/fr\/wp-json\/wp\/v2\/pages\/851\/revisions"}],"predecessor-version":[{"id":1184,"href":"https:\/\/tanetworks.ca\/fr\/wp-json\/wp\/v2\/pages\/851\/revisions\/1184"}],"wp:attachment":[{"href":"https:\/\/tanetworks.ca\/fr\/wp-json\/wp\/v2\/media?parent=851"}],"curies":[{"name":"wp","href":"https:\/\/api.w.org\/{rel}","templated":true}]}}