{"id":1326,"date":"2023-02-13T21:31:08","date_gmt":"2023-02-13T21:31:08","guid":{"rendered":"https:\/\/tanetworks.ca\/blogue"},"modified":"2023-07-12T19:29:15","modified_gmt":"2023-07-12T19:29:15","slug":"blogue","status":"publish","type":"page","link":"https:\/\/tanetworks.ca\/fr\/blogue","title":{"rendered":"Nouvelles et promotions"},"content":{"rendered":"<section id=\"block-f0581178d0f1b378da2781a834b10456\" class=\"block header-secondary\" data-watch>\n\t<div class=\"container\">\n\t\t<div class=\"header-secondary-inner\"><h4>Restez \u00e0 jour sur les r\u00e9seaux TA et le blog d&#8217;actualit\u00e9s et d&#8217;informations de l&#8217;industrie\u00a0!<\/h4>\n<\/div>\n\t<\/div>\n<\/section>\n\n<section id=\"block-5a38025204e8c14c28eada3a0385b75a\" class=\"block liste-blog-articles\" data-page-id=\"1\" data-render=\"https:\/\/tanetworks.ca\/wp-admin\/admin-ajax.php?action=render_block&#038;post=1326&#038;id=block_5a38025204e8c14c28eada3a0385b75a&#038;lang=fr\" data-watch>\n  <div class=\"container\">\n    <div class=\"liste-blog-articles-outer\">\n      <div class=\"liste-blog-articles-loader\">\n        <div class=\"lds-ellipsis\"><div><\/div><div><\/div><div><\/div><div><\/div><\/div>\n      <\/div>\n      <div class=\"liste-blog-articles-content\">\n        <div class=\"categories-form-outer\">\n          <p class=\"category-label\">Filtre<\/p>\n          <div class=\"categories-form form\">\n            <div class=\"form-row\">\n              <div class=\"form-field\">\n                <select name=\"category\" id=\"category\">\n                  <option value=\"\">Cat\u00e9gorie<\/option>\n                                      <option value=\"categorie-1-fr\" >\u00c9v\u00e9nements<\/option>\n                                  <\/select>\n              <\/div>\n            <\/div>\n          <\/div>\n        <\/div>\n        <div class=\"articles-count-wrapper\">1 r\u00e9sultat<\/div>\n        <div class=\"liste-blog-articles-inner\">\n                      <div class=\"article-item-wrapper\">\n              <a class=\"article-item\" href=\"https:\/\/tanetworks.ca\/fr\/vous-payez-trop-cher-pour-votre-systeme-telephonique-professionnel-annuel\">\n                <div class=\"image-wrapper\"><\/div>\n                <div class=\"info-wrapper\">\n                  <div class=\"top\">\n                    <div class=\"date-wrapper\">12 July 2023<\/div>\n                                          <div class=\"category-wrapper\">, Non classifi\u00e9(e)<\/div>\n                                      <\/div>\n                  <h2 class=\"title-wrapper\">Vous payez trop cher chaque ann\u00e9e pour votre syst\u00e8me t\u00e9l\u00e9phonique d&#8217;entreprise!<\/h2>\n                  <div class=\"link-wrapper\">\n                    <div class=\"link-wrapper-inner\">Lire plus<\/div>\n                  <\/div>  \n                <\/div>\n              <\/a>\n            <\/div>\n                  <\/div>\n        <div class=\"grid-paging\">\n          <div class=\"grid-page__control grid-page__prev \">\n            <svg width=\"16\" height=\"16\" viewBox=\"0 0 16 16\" fill=\"none\" xmlns=\"http:\/\/www.w3.org\/2000\/svg\">\n<path d=\"M9.77367 10.6813L7.09234 8L9.77367 5.31867C9.91855 5.17385 9.99996 4.9774 10 4.77254C10 4.56769 9.9187 4.37121 9.77387 4.22633C9.62904 4.08145 9.43259 4.00004 9.22774 4C9.02289 3.99996 8.82641 4.0813 8.68153 4.22613L5.05048 7.85718C5.03169 7.87592 5.01679 7.89818 5.00662 7.92269C4.99645 7.94719 4.99122 7.97347 4.99122 8C4.99122 8.02653 4.99645 8.05281 5.00662 8.07731C5.01679 8.10182 5.03169 8.12408 5.05048 8.14282L8.68153 11.7739C8.75327 11.8456 8.83843 11.9025 8.93215 11.9413C9.02586 11.9801 9.12631 12 9.22774 12C9.32917 12 9.42961 11.98 9.52332 11.9412C9.61702 11.9023 9.70216 11.8454 9.77387 11.7737C9.84558 11.7019 9.90246 11.6168 9.94126 11.5231C9.98006 11.4293 10 11.3289 10 11.2275C9.99996 11.0226 9.91855 10.8262 9.77367 10.6813Z\" fill=\"white\"\/>\n<\/svg>\n\n          <\/div>\n                      <div class=\"grid-page grid-page__number grid-page__selected\" data-page-index=\"1\">1<\/div>\n                    <div class=\"grid-page__control grid-page__next \">\n            <svg width=\"16\" height=\"16\" viewBox=\"0 0 16 16\" fill=\"none\" xmlns=\"http:\/\/www.w3.org\/2000\/svg\">\n<path d=\"M6.22633 5.31867L8.90766 8L6.22633 10.6813C6.08145 10.8262 6.00004 11.0226 6 11.2275C5.99996 11.4323 6.0813 11.6288 6.22613 11.7737C6.37096 11.9185 6.56741 12 6.77226 12C6.97711 12 7.17359 11.9187 7.31847 11.7739L10.9495 8.14282C10.9683 8.12408 10.9832 8.10182 10.9934 8.07731C11.0035 8.05281 11.0088 8.02653 11.0088 8C11.0088 7.97347 11.0035 7.94719 10.9934 7.92269C10.9832 7.89818 10.9683 7.87592 10.9495 7.85718L7.31847 4.22613C7.24673 4.15442 7.16157 4.09754 7.06785 4.05874C6.97414 4.01994 6.87369 3.99998 6.77226 4C6.67083 4.00002 6.57039 4.02002 6.47668 4.05885C6.38298 4.09768 6.29784 4.15459 6.22613 4.22633C6.15442 4.29807 6.09754 4.38323 6.05874 4.47695C6.01994 4.57067 5.99998 4.67111 6 4.77254C6.00004 4.9774 6.08145 5.17385 6.22633 5.31867Z\" fill=\"white\"\/>\n<\/svg>\n\n          <\/div>\n        <\/div>\n      <\/div>\n    <\/div>\n  <\/div>\n<\/section>","protected":false},"excerpt":{"rendered":"","protected":false},"author":5,"featured_media":0,"parent":0,"menu_order":0,"comment_status":"closed","ping_status":"closed","template":"","meta":{"_acf_changed":false,"_crdt_document":"","inline_featured_image":false,"footnotes":""},"class_list":["post-1326","page","type-page","status-publish","hentry"],"acf":[],"yoast_head":"<!-- This site is optimized with the Yoast SEO plugin v27.4 - https:\/\/yoast.com\/product\/yoast-seo-wordpress\/ -->\n<title>Nouvelles et promotions - TA Networks<\/title>\n<meta name=\"robots\" content=\"index, follow, max-snippet:-1, max-image-preview:large, max-video-preview:-1\" \/>\n<link rel=\"canonical\" href=\"https:\/\/tanetworks.ca\/blog\" \/>\n<meta property=\"og:locale\" content=\"fr_FR\" \/>\n<meta property=\"og:type\" content=\"article\" \/>\n<meta property=\"og:title\" content=\"Nouvelles et promotions - TA Networks\" \/>\n<meta property=\"og:url\" content=\"https:\/\/tanetworks.ca\/blog\" \/>\n<meta property=\"og:site_name\" content=\"TA Networks\" \/>\n<meta property=\"article:modified_time\" content=\"2023-07-12T19:29:15+00:00\" \/>\n<meta name=\"twitter:card\" content=\"summary_large_image\" \/>\n<script type=\"application\/ld+json\" class=\"yoast-schema-graph\">{\"@context\":\"https:\\\/\\\/schema.org\",\"@graph\":[{\"@type\":\"WebPage\",\"@id\":\"https:\\\/\\\/tanetworks.ca\\\/blog\",\"url\":\"https:\\\/\\\/tanetworks.ca\\\/blog\",\"name\":\"Nouvelles et promotions - TA Networks\",\"isPartOf\":{\"@id\":\"https:\\\/\\\/tanetworks.ca\\\/#website\"},\"datePublished\":\"2023-02-13T21:31:08+00:00\",\"dateModified\":\"2023-07-12T19:29:15+00:00\",\"breadcrumb\":{\"@id\":\"https:\\\/\\\/tanetworks.ca\\\/blog#breadcrumb\"},\"inLanguage\":\"fr-FR\",\"potentialAction\":[{\"@type\":\"ReadAction\",\"target\":[\"https:\\\/\\\/tanetworks.ca\\\/blog\"]}]},{\"@type\":\"BreadcrumbList\",\"@id\":\"https:\\\/\\\/tanetworks.ca\\\/blog#breadcrumb\",\"itemListElement\":[{\"@type\":\"ListItem\",\"position\":1,\"name\":\"Home\",\"item\":\"https:\\\/\\\/tanetworks.ca\\\/fr\"},{\"@type\":\"ListItem\",\"position\":2,\"name\":\"Nouvelles et promotions\"}]},{\"@type\":\"WebSite\",\"@id\":\"https:\\\/\\\/tanetworks.ca\\\/#website\",\"url\":\"https:\\\/\\\/tanetworks.ca\\\/\",\"name\":\"tanetworks.ca\",\"description\":\"Un site utilisant WordPress\",\"publisher\":{\"@id\":\"https:\\\/\\\/tanetworks.ca\\\/#organization\"},\"potentialAction\":[{\"@type\":\"SearchAction\",\"target\":{\"@type\":\"EntryPoint\",\"urlTemplate\":\"https:\\\/\\\/tanetworks.ca\\\/?s={search_term_string}\"},\"query-input\":{\"@type\":\"PropertyValueSpecification\",\"valueRequired\":true,\"valueName\":\"search_term_string\"}}],\"inLanguage\":\"fr-FR\"},{\"@type\":\"Organization\",\"@id\":\"https:\\\/\\\/tanetworks.ca\\\/#organization\",\"name\":\"TA Networks\",\"url\":\"https:\\\/\\\/tanetworks.ca\\\/\",\"logo\":{\"@type\":\"ImageObject\",\"inLanguage\":\"fr-FR\",\"@id\":\"https:\\\/\\\/tanetworks.ca\\\/#\\\/schema\\\/logo\\\/image\\\/\",\"url\":\"https:\\\/\\\/tanetworks.ca\\\/wp-content\\\/uploads\\\/2023\\\/07\\\/Picture1.png\",\"contentUrl\":\"https:\\\/\\\/tanetworks.ca\\\/wp-content\\\/uploads\\\/2023\\\/07\\\/Picture1.png\",\"width\":143,\"height\":142,\"caption\":\"TA Networks\"},\"image\":{\"@id\":\"https:\\\/\\\/tanetworks.ca\\\/#\\\/schema\\\/logo\\\/image\\\/\"}}]}<\/script>\n<!-- \/ Yoast SEO plugin. -->","yoast_head_json":{"title":"Nouvelles et promotions - TA Networks","robots":{"index":"index","follow":"follow","max-snippet":"max-snippet:-1","max-image-preview":"max-image-preview:large","max-video-preview":"max-video-preview:-1"},"canonical":"https:\/\/tanetworks.ca\/blog","og_locale":"fr_FR","og_type":"article","og_title":"Nouvelles et promotions - TA Networks","og_url":"https:\/\/tanetworks.ca\/blog","og_site_name":"TA Networks","article_modified_time":"2023-07-12T19:29:15+00:00","twitter_card":"summary_large_image","schema":{"@context":"https:\/\/schema.org","@graph":[{"@type":"WebPage","@id":"https:\/\/tanetworks.ca\/blog","url":"https:\/\/tanetworks.ca\/blog","name":"Nouvelles et promotions - TA Networks","isPartOf":{"@id":"https:\/\/tanetworks.ca\/#website"},"datePublished":"2023-02-13T21:31:08+00:00","dateModified":"2023-07-12T19:29:15+00:00","breadcrumb":{"@id":"https:\/\/tanetworks.ca\/blog#breadcrumb"},"inLanguage":"fr-FR","potentialAction":[{"@type":"ReadAction","target":["https:\/\/tanetworks.ca\/blog"]}]},{"@type":"BreadcrumbList","@id":"https:\/\/tanetworks.ca\/blog#breadcrumb","itemListElement":[{"@type":"ListItem","position":1,"name":"Home","item":"https:\/\/tanetworks.ca\/fr"},{"@type":"ListItem","position":2,"name":"Nouvelles et promotions"}]},{"@type":"WebSite","@id":"https:\/\/tanetworks.ca\/#website","url":"https:\/\/tanetworks.ca\/","name":"tanetworks.ca","description":"Un site utilisant WordPress","publisher":{"@id":"https:\/\/tanetworks.ca\/#organization"},"potentialAction":[{"@type":"SearchAction","target":{"@type":"EntryPoint","urlTemplate":"https:\/\/tanetworks.ca\/?s={search_term_string}"},"query-input":{"@type":"PropertyValueSpecification","valueRequired":true,"valueName":"search_term_string"}}],"inLanguage":"fr-FR"},{"@type":"Organization","@id":"https:\/\/tanetworks.ca\/#organization","name":"TA Networks","url":"https:\/\/tanetworks.ca\/","logo":{"@type":"ImageObject","inLanguage":"fr-FR","@id":"https:\/\/tanetworks.ca\/#\/schema\/logo\/image\/","url":"https:\/\/tanetworks.ca\/wp-content\/uploads\/2023\/07\/Picture1.png","contentUrl":"https:\/\/tanetworks.ca\/wp-content\/uploads\/2023\/07\/Picture1.png","width":143,"height":142,"caption":"TA Networks"},"image":{"@id":"https:\/\/tanetworks.ca\/#\/schema\/logo\/image\/"}}]}},"_links":{"self":[{"href":"https:\/\/tanetworks.ca\/fr\/wp-json\/wp\/v2\/pages\/1326","targetHints":{"allow":["GET"]}}],"collection":[{"href":"https:\/\/tanetworks.ca\/fr\/wp-json\/wp\/v2\/pages"}],"about":[{"href":"https:\/\/tanetworks.ca\/fr\/wp-json\/wp\/v2\/types\/page"}],"author":[{"embeddable":true,"href":"https:\/\/tanetworks.ca\/fr\/wp-json\/wp\/v2\/users\/5"}],"replies":[{"embeddable":true,"href":"https:\/\/tanetworks.ca\/fr\/wp-json\/wp\/v2\/comments?post=1326"}],"version-history":[{"count":3,"href":"https:\/\/tanetworks.ca\/fr\/wp-json\/wp\/v2\/pages\/1326\/revisions"}],"predecessor-version":[{"id":1390,"href":"https:\/\/tanetworks.ca\/fr\/wp-json\/wp\/v2\/pages\/1326\/revisions\/1390"}],"wp:attachment":[{"href":"https:\/\/tanetworks.ca\/fr\/wp-json\/wp\/v2\/media?parent=1326"}],"curies":[{"name":"wp","href":"https:\/\/api.w.org\/{rel}","templated":true}]}}